{"id":928,"date":"2020-11-26T16:28:45","date_gmt":"2020-11-26T15:28:45","guid":{"rendered":"https:\/\/www.name-city.fr\/?page_id=928"},"modified":"2023-10-10T18:19:59","modified_gmt":"2023-10-10T16:19:59","slug":"quelle-est-la-difference-entre-un-bon-et-un-mauvais-nom-de-marque","status":"publish","type":"page","link":"https:\/\/name-city.fr\/index.php\/quelle-est-la-difference-entre-un-bon-et-un-mauvais-nom-de-marque\/","title":{"rendered":"Quelle est la diff\u00e9rence entre un bon et un mauvais nom de marque ?"},"content":{"rendered":"<p>Vous n&rsquo;avez pas encore lu notre guide pour tout savoir sur \u00ab\u00a0<a href=\"https:\/\/name-city.fr\/index.php\/10-etapes-trouver-un-nom-de-marque-ou-de-societe\/\">comment trouver un nom de marque ou de soci\u00e9t\u00e9<\/a>\u00a0\u00bb mais au terme de plusieurs mois de r\u00e9flexion, vous pensez tenir LA bonne piste&#8230;<\/p>\n<p>Toutefois, au del\u00e0 des \u00ab\u00a0j&rsquo;aime\/ je n&rsquo;aime pas\u00a0\u00bb recueillis aupr\u00e8s de vos coll\u00e8gues et de vos proches, comment savoir si le nom que vous avez choisi est le bon ?<\/p>\n<p>Et finalement qu&rsquo;est-ce qu&rsquo;un bon ou un mauvais nom ?<\/p>\n<h2>On sait tous plus ou moins consciemment qu&rsquo;<strong>un mauvais nom<\/strong> c&rsquo;est :<\/h2>\n<ul>\n<li>\n<h3><strong>une imitation<\/strong><\/h3>\n<p>ou un nom tellement \u00e9vident sur son march\u00e9\u00a0 qu&rsquo;il a d\u00e9j\u00e0 \u00e9t\u00e9 market\u00e9\u00a0 depuis longtemps : Sensitiv, Xtrem, Intens, Platinium, Blue, Eco&#8230;<\/li>\n<\/ul>\n<p><em>Comment les consommateurs font-ils la diff\u00e9rence parmi eux ? O\u00f9 est l&rsquo;innovation ?<\/em><\/p>\n<p>&nbsp;<\/p>\n<ul>\n<li>\n<h3><strong>un nom tr\u00e8s compliqu\u00e9<\/strong><\/h3>\n<p>ou tr\u00e8s difficile \u00e0 prononcer<\/li>\n<\/ul>\n<p>A moins d&rsquo;avoir les moyens de faire une longue campagne de publicit\u00e9 pour le p\u00e9renniser et l&rsquo;inscrire dans notre inconscient collectif.<\/p>\n<p>Sans une campagne de pub de longue haleine qui commanderait sans h\u00e9siter une \u00ab\u00a0Hoegaarden\u00a0\u00bb ?<em><br \/>\n<\/em><\/p>\n<p>&nbsp;<\/p>\n<ul>\n<li>\n<h3>\u00a0<strong>un nom tendance<\/strong><\/h3>\n<\/li>\n<\/ul>\n<p>En mati\u00e8re de noms aussi, il y a des tendances et des modes&#8230; et comme pour tout, elles sont faites pour se d\u00e9moder&#8230;<\/p>\n<p>&nbsp;<\/p>\n<ul>\n<li>\n<h3><b>un nom descriptif<\/b><\/h3>\n<\/li>\n<\/ul>\n<p><b>\u00a0<\/b>Quoi de plus ennuyeux qu&rsquo;une description. Vos consommateurs ne succomberont jamais \u00e0 un nom plat, sans originalit\u00e9, ni inspiration. Sans oublier que d&rsquo;un point de vue juridique, votre nom risque de ne pas \u00eatre suffisamment distinctif et sera difficilement prot\u00e9g\u00e9. Et encore plus facilement attaqu\u00e9.<\/p>\n<p>&nbsp;<\/p>\n<ul>\n<li>\n<h3><b>un jeu de mot, des termes uniquement compr\u00e9hensibles par quelques-uns<br \/>\n<\/b><\/h3>\n<\/li>\n<\/ul>\n<p><b>\u00a0 <\/b>A moins que votre produit ne s&rsquo;adresse finalement qu&rsquo;\u00e0 quelques initi\u00e9s&#8230;<em><br \/>\n<\/em><\/p>\n<p>&nbsp;<\/p>\n<ul>\n<li>\n<h3><b>un nom froid, un nom de code, compos\u00e9 de chiffres ou d&rsquo;un acronyme<\/b><em><b><br \/>\n<\/b><\/em><\/h3>\n<\/li>\n<\/ul>\n<p>Un nom pas du tout sexy, y compris pour votre toute derni\u00e8re innovation technologique que la Sillicon Valley vous envie.<\/p>\n<p>&nbsp;<\/p>\n<h2 style=\"text-align: left;\">Et donc finalement, qu&rsquo;est-ce qu&rsquo;un bon nom\u00a0 ?<\/h2>\n<ul>\n<li>\n<h3><b>Un nom suggestif<br \/>\n<\/b><\/h3>\n<\/li>\n<\/ul>\n<p>Il \u00e9voque une exp\u00e9rience dont on se souvient.<\/p>\n<p>Il transforme un besoin en un d\u00e9sir&#8230;<\/p>\n<p>&nbsp;<\/p>\n<ul>\n<li>\n<h3><b>Un nom qui a du sens<br \/>\n<\/b><\/h3>\n<\/li>\n<\/ul>\n<p>Il est facile \u00e0 appr\u00e9hender sans avoir besoin d&rsquo;un dictionnaire ou d&rsquo;un doctorat de linguistique compar\u00e9e.<\/p>\n<p>&nbsp;<\/p>\n<ul>\n<li>\n<h3><strong>Un nom pilier<br \/>\n<\/strong><\/h3>\n<\/li>\n<\/ul>\n<p>A lui seul, il peut porter une campagne de communication et la prolonger quand elle s&rsquo;arr\u00eate. Il pourra \u00e9galement supporter les d\u00e9clinaisons d&rsquo;une gamme \u00e0 venir.<\/p>\n<p>&nbsp;<\/p>\n<ul>\n<li>\n<h3><strong>Un nom image<br \/>\n<\/strong><\/h3>\n<\/li>\n<\/ul>\n<p>Il \u00e9voque instantan\u00e9ment des \u00e9vocations, des repr\u00e9sentations dont on pourra se souvenir facilement<\/p>\n<p>&nbsp;<\/p>\n<h3><strong>Et plus que tout, un nom qui cr\u00e9e une \u00e9motion<br \/>\n<\/strong><\/h3>\n<p>Pas simplement pour \u00eatre amusant, pas uniquement pour cr\u00e9er de la sympathie, de la connivence ou \u00eatre mieux m\u00e9moris\u00e9&#8230;<\/p>\n<p style=\"text-align: right;\"><strong>SIMPLEMENT POUR ETRE PREFERE !<br \/>\n<\/strong><\/p>\n<p>Car les neurosciences en ont fait la preuve aujourd&rsquo;hui : un nom \u00e9motionnellement charg\u00e9 est un d\u00e9clencheur d\u00e9terminant.<\/p>\n<p>&nbsp;<\/p>\n<p>Depuis la cr\u00e9ation de l&rsquo;agence Name City en 2002 c&rsquo;est le sens de notre <a href=\"https:\/\/name-city.fr\/index.php\/methodes-agence-de-naming\/\">positionnement : exciting names only !<\/a><\/p>\n<p><em>Et si maintenant vous avez un doute sur votre nom, pour en avoir le coeur net, demandez de passer gratuitement <strong>le test des 4 Very T !<\/strong><\/em><\/p>\n<p style=\"text-align: right;\">Envoyez-nous un message \u00e0 contact@name-city.net<\/p>\n","protected":false},"excerpt":{"rendered":"<p>Vous n&rsquo;avez pas encore lu notre guide pour tout savoir sur &laquo;&nbsp;comment trouver un nom de marque ou de soci&eacute;t&eacute;&nbsp;&raquo; mais au terme de plusieurs mois de r&eacute;flexion, vous pensez tenir LA bonne piste&hellip; Toutefois, au del&agrave; des &laquo;&nbsp;j&rsquo;aime\/ je n&rsquo;aime pas&nbsp;&raquo; recueillis aupr&egrave;s de vos coll&egrave;gues et de vos proches, comment savoir si le [&hellip;]<\/p>\n","protected":false},"author":1,"featured_media":0,"parent":0,"menu_order":0,"comment_status":"closed","ping_status":"closed","template":"","meta":{"footnotes":""},"class_list":["post-928","page","type-page","status-publish","hentry"],"yoast_head":"<!-- This site is optimized with the Yoast SEO plugin v23.9 - https:\/\/yoast.com\/wordpress\/plugins\/seo\/ -->\n<title>Quelle est la diff\u00e9rence entre un bon et un mauvais nom de marque ? - NAME CITY - Agence de cr\u00e9ation de noms et de contenus<\/title>\n<meta name=\"description\" content=\"Au del\u00e0 des &quot;j&#039;aime\/ je n&#039;aime pas&quot; recueillis aupr\u00e8s de vos coll\u00e8gues et de vos proches, comment savoir si le nom que vous avez choisi pour lancer votre produit\/ votre soci\u00e9t\u00e9 est le bon ?\" \/>\n<meta name=\"robots\" content=\"index, follow, max-snippet:-1, max-image-preview:large, max-video-preview:-1\" \/>\n<link rel=\"canonical\" href=\"https:\/\/name-city.fr\/index.php\/quelle-est-la-difference-entre-un-bon-et-un-mauvais-nom-de-marque\/\" \/>\n<meta property=\"og:locale\" content=\"fr_FR\" \/>\n<meta property=\"og:type\" content=\"article\" \/>\n<meta property=\"og:title\" content=\"Quelle est la diff\u00e9rence entre un bon et un mauvais nom de marque ? - NAME CITY - Agence de cr\u00e9ation de noms et de contenus\" \/>\n<meta property=\"og:description\" content=\"Au del\u00e0 des &quot;j&#039;aime\/ je n&#039;aime pas&quot; recueillis aupr\u00e8s de vos coll\u00e8gues et de vos proches, comment savoir si le nom que vous avez choisi pour lancer votre produit\/ votre soci\u00e9t\u00e9 est le bon ?\" \/>\n<meta property=\"og:url\" content=\"https:\/\/name-city.fr\/index.php\/quelle-est-la-difference-entre-un-bon-et-un-mauvais-nom-de-marque\/\" \/>\n<meta property=\"og:site_name\" content=\"NAME CITY - Agence de cr\u00e9ation de noms et de contenus\" \/>\n<meta property=\"article:modified_time\" content=\"2023-10-10T16:19:59+00:00\" \/>\n<meta name=\"twitter:card\" content=\"summary_large_image\" \/>\n<meta name=\"twitter:label1\" content=\"Dur\u00e9e de lecture estim\u00e9e\" \/>\n\t<meta name=\"twitter:data1\" content=\"3 minutes\" \/>\n<script type=\"application\/ld+json\" class=\"yoast-schema-graph\">{\"@context\":\"https:\/\/schema.org\",\"@graph\":[{\"@type\":\"WebPage\",\"@id\":\"https:\/\/name-city.fr\/index.php\/quelle-est-la-difference-entre-un-bon-et-un-mauvais-nom-de-marque\/\",\"url\":\"https:\/\/name-city.fr\/index.php\/quelle-est-la-difference-entre-un-bon-et-un-mauvais-nom-de-marque\/\",\"name\":\"Quelle est la diff\u00e9rence entre un bon et un mauvais nom de marque ? - NAME CITY - Agence de cr\u00e9ation de noms et de contenus\",\"isPartOf\":{\"@id\":\"https:\/\/name-city.fr\/#website\"},\"datePublished\":\"2020-11-26T15:28:45+00:00\",\"dateModified\":\"2023-10-10T16:19:59+00:00\",\"description\":\"Au del\u00e0 des \\\"j'aime\/ je n'aime pas\\\" recueillis aupr\u00e8s de vos coll\u00e8gues et de vos proches, comment savoir si le nom que vous avez choisi pour lancer votre produit\/ votre soci\u00e9t\u00e9 est le bon ?\",\"breadcrumb\":{\"@id\":\"https:\/\/name-city.fr\/index.php\/quelle-est-la-difference-entre-un-bon-et-un-mauvais-nom-de-marque\/#breadcrumb\"},\"inLanguage\":\"fr-FR\",\"potentialAction\":[{\"@type\":\"ReadAction\",\"target\":[\"https:\/\/name-city.fr\/index.php\/quelle-est-la-difference-entre-un-bon-et-un-mauvais-nom-de-marque\/\"]}]},{\"@type\":\"BreadcrumbList\",\"@id\":\"https:\/\/name-city.fr\/index.php\/quelle-est-la-difference-entre-un-bon-et-un-mauvais-nom-de-marque\/#breadcrumb\",\"itemListElement\":[{\"@type\":\"ListItem\",\"position\":1,\"name\":\"Accueil\",\"item\":\"https:\/\/name-city.fr\/\"},{\"@type\":\"ListItem\",\"position\":2,\"name\":\"Quelle est la diff\u00e9rence entre un bon et un mauvais nom de marque ?\"}]},{\"@type\":\"WebSite\",\"@id\":\"https:\/\/name-city.fr\/#website\",\"url\":\"https:\/\/name-city.fr\/\",\"name\":\"NAME CITY - Agence de cr\u00e9ation de noms et de contenus\",\"description\":\"\",\"publisher\":{\"@id\":\"https:\/\/name-city.fr\/#organization\"},\"potentialAction\":[{\"@type\":\"SearchAction\",\"target\":{\"@type\":\"EntryPoint\",\"urlTemplate\":\"https:\/\/name-city.fr\/?s={search_term_string}\"},\"query-input\":{\"@type\":\"PropertyValueSpecification\",\"valueRequired\":true,\"valueName\":\"search_term_string\"}}],\"inLanguage\":\"fr-FR\"},{\"@type\":\"Organization\",\"@id\":\"https:\/\/name-city.fr\/#organization\",\"name\":\"Name City\",\"url\":\"https:\/\/name-city.fr\/\",\"logo\":{\"@type\":\"ImageObject\",\"inLanguage\":\"fr-FR\",\"@id\":\"https:\/\/name-city.fr\/#\/schema\/logo\/image\/\",\"url\":\"https:\/\/name-city.fr\/wp-content\/uploads\/cropped-Logo-Name-City-blanc2.png\",\"contentUrl\":\"https:\/\/name-city.fr\/wp-content\/uploads\/cropped-Logo-Name-City-blanc2.png\",\"width\":1492,\"height\":537,\"caption\":\"Name City\"},\"image\":{\"@id\":\"https:\/\/name-city.fr\/#\/schema\/logo\/image\/\"},\"sameAs\":[\"https:\/\/www.linkedin.com\/company\/3034367\/admin\/\"]}]}<\/script>\n<!-- \/ Yoast SEO plugin. -->","yoast_head_json":{"title":"Quelle est la diff\u00e9rence entre un bon et un mauvais nom de marque ? - NAME CITY - Agence de cr\u00e9ation de noms et de contenus","description":"Au del\u00e0 des \"j'aime\/ je n'aime pas\" recueillis aupr\u00e8s de vos coll\u00e8gues et de vos proches, comment savoir si le nom que vous avez choisi pour lancer votre produit\/ votre soci\u00e9t\u00e9 est le bon ?","robots":{"index":"index","follow":"follow","max-snippet":"max-snippet:-1","max-image-preview":"max-image-preview:large","max-video-preview":"max-video-preview:-1"},"canonical":"https:\/\/name-city.fr\/index.php\/quelle-est-la-difference-entre-un-bon-et-un-mauvais-nom-de-marque\/","og_locale":"fr_FR","og_type":"article","og_title":"Quelle est la diff\u00e9rence entre un bon et un mauvais nom de marque ? - NAME CITY - Agence de cr\u00e9ation de noms et de contenus","og_description":"Au del\u00e0 des \"j'aime\/ je n'aime pas\" recueillis aupr\u00e8s de vos coll\u00e8gues et de vos proches, comment savoir si le nom que vous avez choisi pour lancer votre produit\/ votre soci\u00e9t\u00e9 est le bon ?","og_url":"https:\/\/name-city.fr\/index.php\/quelle-est-la-difference-entre-un-bon-et-un-mauvais-nom-de-marque\/","og_site_name":"NAME CITY - Agence de cr\u00e9ation de noms et de contenus","article_modified_time":"2023-10-10T16:19:59+00:00","twitter_card":"summary_large_image","twitter_misc":{"Dur\u00e9e de lecture estim\u00e9e":"3 minutes"},"schema":{"@context":"https:\/\/schema.org","@graph":[{"@type":"WebPage","@id":"https:\/\/name-city.fr\/index.php\/quelle-est-la-difference-entre-un-bon-et-un-mauvais-nom-de-marque\/","url":"https:\/\/name-city.fr\/index.php\/quelle-est-la-difference-entre-un-bon-et-un-mauvais-nom-de-marque\/","name":"Quelle est la diff\u00e9rence entre un bon et un mauvais nom de marque ? - NAME CITY - Agence de cr\u00e9ation de noms et de contenus","isPartOf":{"@id":"https:\/\/name-city.fr\/#website"},"datePublished":"2020-11-26T15:28:45+00:00","dateModified":"2023-10-10T16:19:59+00:00","description":"Au del\u00e0 des \"j'aime\/ je n'aime pas\" recueillis aupr\u00e8s de vos coll\u00e8gues et de vos proches, comment savoir si le nom que vous avez choisi pour lancer votre produit\/ votre soci\u00e9t\u00e9 est le bon ?","breadcrumb":{"@id":"https:\/\/name-city.fr\/index.php\/quelle-est-la-difference-entre-un-bon-et-un-mauvais-nom-de-marque\/#breadcrumb"},"inLanguage":"fr-FR","potentialAction":[{"@type":"ReadAction","target":["https:\/\/name-city.fr\/index.php\/quelle-est-la-difference-entre-un-bon-et-un-mauvais-nom-de-marque\/"]}]},{"@type":"BreadcrumbList","@id":"https:\/\/name-city.fr\/index.php\/quelle-est-la-difference-entre-un-bon-et-un-mauvais-nom-de-marque\/#breadcrumb","itemListElement":[{"@type":"ListItem","position":1,"name":"Accueil","item":"https:\/\/name-city.fr\/"},{"@type":"ListItem","position":2,"name":"Quelle est la diff\u00e9rence entre un bon et un mauvais nom de marque ?"}]},{"@type":"WebSite","@id":"https:\/\/name-city.fr\/#website","url":"https:\/\/name-city.fr\/","name":"NAME CITY - Agence de cr\u00e9ation de noms et de contenus","description":"","publisher":{"@id":"https:\/\/name-city.fr\/#organization"},"potentialAction":[{"@type":"SearchAction","target":{"@type":"EntryPoint","urlTemplate":"https:\/\/name-city.fr\/?s={search_term_string}"},"query-input":{"@type":"PropertyValueSpecification","valueRequired":true,"valueName":"search_term_string"}}],"inLanguage":"fr-FR"},{"@type":"Organization","@id":"https:\/\/name-city.fr\/#organization","name":"Name City","url":"https:\/\/name-city.fr\/","logo":{"@type":"ImageObject","inLanguage":"fr-FR","@id":"https:\/\/name-city.fr\/#\/schema\/logo\/image\/","url":"https:\/\/name-city.fr\/wp-content\/uploads\/cropped-Logo-Name-City-blanc2.png","contentUrl":"https:\/\/name-city.fr\/wp-content\/uploads\/cropped-Logo-Name-City-blanc2.png","width":1492,"height":537,"caption":"Name City"},"image":{"@id":"https:\/\/name-city.fr\/#\/schema\/logo\/image\/"},"sameAs":["https:\/\/www.linkedin.com\/company\/3034367\/admin\/"]}]}},"_links":{"self":[{"href":"https:\/\/name-city.fr\/index.php\/wp-json\/wp\/v2\/pages\/928","targetHints":{"allow":["GET"]}}],"collection":[{"href":"https:\/\/name-city.fr\/index.php\/wp-json\/wp\/v2\/pages"}],"about":[{"href":"https:\/\/name-city.fr\/index.php\/wp-json\/wp\/v2\/types\/page"}],"author":[{"embeddable":true,"href":"https:\/\/name-city.fr\/index.php\/wp-json\/wp\/v2\/users\/1"}],"replies":[{"embeddable":true,"href":"https:\/\/name-city.fr\/index.php\/wp-json\/wp\/v2\/comments?post=928"}],"version-history":[{"count":25,"href":"https:\/\/name-city.fr\/index.php\/wp-json\/wp\/v2\/pages\/928\/revisions"}],"predecessor-version":[{"id":3505,"href":"https:\/\/name-city.fr\/index.php\/wp-json\/wp\/v2\/pages\/928\/revisions\/3505"}],"wp:attachment":[{"href":"https:\/\/name-city.fr\/index.php\/wp-json\/wp\/v2\/media?parent=928"}],"curies":[{"name":"wp","href":"https:\/\/api.w.org\/{rel}","templated":true}]}}