{"id":601,"date":"2017-03-09T16:00:03","date_gmt":"2017-03-09T15:00:03","guid":{"rendered":"https:\/\/www.name-city.fr\/?page_id=601"},"modified":"2024-11-29T16:07:33","modified_gmt":"2024-11-29T15:07:33","slug":"contact","status":"publish","type":"page","link":"https:\/\/name-city.fr\/index.php\/contact\/","title":{"rendered":"Contact"},"content":{"rendered":"<p>Un peu plus sur nous &#8230;<\/p>\n<h6><strong>Jean-Fran\u00e7ois Gu\u00e9ho, directeur de Name City, directeur de la cr\u00e9ation<img loading=\"lazy\" decoding=\"async\" class=\"alignright size-thumbnail wp-image-3102\" src=\"https:\/\/name-city.fr\/wp-content\/uploads\/Image1-6-150x150.png\" alt=\"\" width=\"150\" height=\"150\" srcset=\"https:\/\/name-city.fr\/wp-content\/uploads\/Image1-6-150x150.png 150w, https:\/\/name-city.fr\/wp-content\/uploads\/Image1-6.png 241w\" sizes=\"auto, (max-width: 150px) 100vw, 150px\" \/><\/strong><\/h6>\n<p>Apr\u00e8s une riche exp\u00e9rience de la conception-r\u00e9daction au sein de grandes agences de publicit\u00e9, Jean-Fran\u00e7ois Gu\u00e9ho fonde Name City fin 2002.<\/p>\n<p><strong>Expertises : conseil strat\u00e9gique, branding, cr\u00e9ation de noms, cr\u00e9ation de signatures, cr\u00e9ation de contenus, cr\u00e9ation publicitaire.<\/strong><\/p>\n<p>&nbsp;<\/p>\n<h6><b>Val\u00e9rie <\/b><b>, cr\u00e9atrice de <\/b><b>marques<\/b><\/h6>\n<p>Cr\u00e9ative, sp\u00e9cialiste de la marque, travaille sur des projets \u00ab naming\u00bb depuis plus de 15 ans :<\/p>\n<p>Langues parl\u00e9es : fran\u00e7ais, espagnol, italien, anglais.<\/p>\n<p><b>Expertises : cr\u00e9ation de <\/b><b>noms, <\/b><b>concepts d&rsquo;innovation, r\u00e9daction, enrichissement <\/b><b>s\u00e9mantique.<\/b><\/p>\n<p>&nbsp;<\/p>\n<h6><strong>Alvina, conseil strat\u00e9gie, territoire et architecture de marque <img loading=\"lazy\" decoding=\"async\" class=\"alignright size-thumbnail wp-image-3106\" src=\"https:\/\/name-city.fr\/wp-content\/uploads\/photo_site_alvina-2-150x150.jpg\" alt=\"\" width=\"150\" height=\"150\" \/><br \/>\n<\/strong><\/h6>\n<p>Sp\u00e9cialiste en strat\u00e9gie marketing et innovation, Alvina a su enrichir son expertise de planneur strat\u00e9gique de cinq ans en agence par des missions vari\u00e9es en consulting qui lui donnent aujourd\u2019hui une vision globale et transversale de chantiers strat\u00e9giques marque BtoB, BtoC et marketing de l&rsquo;offre.<\/p>\n<p><b>Expertises : design strat\u00e9gique,<\/b><b> <\/b><b>concepts d&rsquo;innovation, enrichissement <\/b><b>s\u00e9mantique.<\/b><\/p>\n<p>&nbsp;<\/p>\n<p>&nbsp;<\/p>\n<p style=\"text-align: left;\">Pour nous joindre rien de plus simple&#8230;<\/p>\n<p><a href=\"https:\/\/name-city.fr\/index.php\/contact\/lets-talk\/\" rel=\"attachment wp-att-1551\"><img loading=\"lazy\" decoding=\"async\" class=\" wp-image-1551 alignright\" src=\"https:\/\/name-city.fr\/wp-content\/uploads\/Lets-talk-300x213.jpg\" alt=\"Contactez-nous\" width=\"184\" height=\"131\" \/><\/a>Jean-Fran\u00e7ois Gu\u00e9ho<\/p>\n<p>09.79.27.31.36<\/p>\n<p><a href=\"mailto:contact@name-city.fr\">contact@name-city.fr<\/a><\/p>\n<p>NAME CITY<\/p>\n<p>57 rue d&rsquo;Amsterdam\u00a0 75008 Paris<\/p>\n<p><a href=\"https:\/\/name-city.fr\/index.php\/contact\/datarfcsdfnz0lfprhsm0ublxdzhdrdfhtmhhn1u-gmicukp_nfjyp-acvcdk9l6jfplcknv8qmt27r5tnyt7wcudujejqlpzdiejauocqrosuyr0i-enngr4ws_mbn-fdvl9kqxbgygk92r1b4affbxx906t8pmaqaxc4\/\" rel=\"attachment wp-att-904\"><img loading=\"lazy\" decoding=\"async\" class=\"wp-image-904 size-full alignnone\" title=\"Name City 57 rue d'Amsterdam 75008 Paris\" src=\"https:\/\/name-city.fr\/wp-content\/uploads\/dataRfCSdfNZ0LFPrHSm0ublXdzhdrDFhtmHhN1u-gMicUKp_nfjyP-AcvCDk9L6jfPlCknv8QMt27r5tNyt7wCuDuJEJQlpzdiEJauoCqrOsUyr0I-enNgr4wS_mbn-fDvl9kqXBgYGk92R1B4AfFBXx906t8pMaqaxc4.png\" alt=\"Name City 57 rue d'Amsterdam 75008 Paris\" width=\"632\" height=\"328\" srcset=\"https:\/\/name-city.fr\/wp-content\/uploads\/dataRfCSdfNZ0LFPrHSm0ublXdzhdrDFhtmHhN1u-gMicUKp_nfjyP-AcvCDk9L6jfPlCknv8QMt27r5tNyt7wCuDuJEJQlpzdiEJauoCqrOsUyr0I-enNgr4wS_mbn-fDvl9kqXBgYGk92R1B4AfFBXx906t8pMaqaxc4.png 632w, https:\/\/name-city.fr\/wp-content\/uploads\/dataRfCSdfNZ0LFPrHSm0ublXdzhdrDFhtmHhN1u-gMicUKp_nfjyP-AcvCDk9L6jfPlCknv8QMt27r5tNyt7wCuDuJEJQlpzdiEJauoCqrOsUyr0I-enNgr4wS_mbn-fDvl9kqXBgYGk92R1B4AfFBXx906t8pMaqaxc4-300x156.png 300w\" sizes=\"auto, (max-width: 632px) 100vw, 632px\" \/><\/a><\/p>\n<p>&nbsp;<\/p>\n<p>&nbsp;<\/p>\n<pre>SARL au capital de 7500 \u20ac \r\nSIRET : 443 819 495 00047 R.C.S. Paris - NAF \/ 741 G \r\nN\u00b0 TVA intracommunautaire : FR25443819495\r\nAutres mentions l\u00e9gales <a href=\"https:\/\/name-city.fr\/index.php\/mentions-legales\/\">ici<\/a><\/pre>\n<p><span style=\"border-radius: 2px; text-indent: 20px; width: auto; padding: 0px 4px 0px 0px; text-align: center; font: bold 11px\/20px 'Helvetica Neue',Helvetica,sans-serif; color: #ffffff; background: #bd081c no-repeat scroll 3px 50% \/ 14px 14px; position: absolute; opacity: 1; z-index: 8675309; display: none; cursor: pointer;\">Enregistrer<\/span><\/p>\n<p><span style=\"border-radius: 2px; text-indent: 20px; width: auto; padding: 0px 4px 0px 0px; text-align: center; font: bold 11px\/20px 'Helvetica Neue',Helvetica,sans-serif; color: #ffffff; background: #bd081c no-repeat scroll 3px 50% \/ 14px 14px; position: absolute; opacity: 1; z-index: 8675309; display: none; cursor: pointer; top: 84px; left: 500px;\">Enregistrer<\/span><\/p>\n<p><span style=\"border-radius: 2px; text-indent: 20px; width: auto; padding: 0px 4px 0px 0px; text-align: center; font: bold 11px\/20px 'Helvetica Neue',Helvetica,sans-serif; color: #ffffff; background: #bd081c no-repeat scroll 3px 50% \/ 14px 14px; position: absolute; opacity: 1; z-index: 8675309; display: none; cursor: pointer;\">Enregistrer<\/span><\/p>\n<p><span style=\"border-radius: 2px; text-indent: 20px; width: auto; padding: 0px 4px 0px 0px; text-align: center; font: bold 11px\/20px 'Helvetica Neue',Helvetica,sans-serif; color: #ffffff; background: #bd081c no-repeat scroll 3px 50% \/ 14px 14px; position: absolute; opacity: 1; z-index: 8675309; display: none; cursor: pointer;\">Enregistrer<\/span><\/p>\n","protected":false},"excerpt":{"rendered":"<p>Un peu plus sur nous &hellip; Jean-Fran&ccedil;ois Gu&eacute;ho, directeur de Name City, directeur de la cr&eacute;ation Apr&egrave;s une riche exp&eacute;rience de la conception-r&eacute;daction au sein de grandes agences de publicit&eacute;, Jean-Fran&ccedil;ois Gu&eacute;ho fonde Name City fin 2002. Expertises : conseil strat&eacute;gique, branding, cr&eacute;ation de noms, cr&eacute;ation de signatures, cr&eacute;ation de contenus, cr&eacute;ation publicitaire. &nbsp; Val&eacute;rie [&hellip;]<\/p>\n","protected":false},"author":1,"featured_media":0,"parent":0,"menu_order":0,"comment_status":"closed","ping_status":"closed","template":"","meta":{"footnotes":""},"class_list":["post-601","page","type-page","status-publish","hentry"],"yoast_head":"<!-- This site is optimized with the Yoast SEO plugin v23.9 - https:\/\/yoast.com\/wordpress\/plugins\/seo\/ -->\n<title>Contact - NAME CITY - Agence de cr\u00e9ation de noms et de contenus<\/title>\n<meta name=\"description\" content=\"Apr\u00e8s une riche exp\u00e9rience de la conception-r\u00e9daction au sein de grandes agences de publicit\u00e9, Jean-Fran\u00e7ois Gu\u00e9ho fonde Name City fin 2002. Expertises : conseil strat\u00e9gique, branding, cr\u00e9ation de noms, cr\u00e9ation de signatures, cr\u00e9ation de contenus, cr\u00e9ation publicitaire.\" \/>\n<meta name=\"robots\" content=\"index, follow, max-snippet:-1, max-image-preview:large, max-video-preview:-1\" \/>\n<link rel=\"canonical\" href=\"https:\/\/name-city.fr\/index.php\/contact\/\" \/>\n<meta property=\"og:locale\" content=\"fr_FR\" \/>\n<meta property=\"og:type\" content=\"article\" \/>\n<meta property=\"og:title\" content=\"Contact - NAME CITY - Agence de cr\u00e9ation de noms et de contenus\" \/>\n<meta property=\"og:description\" content=\"Apr\u00e8s une riche exp\u00e9rience de la conception-r\u00e9daction au sein de grandes agences de publicit\u00e9, Jean-Fran\u00e7ois Gu\u00e9ho fonde Name City fin 2002. Expertises : conseil strat\u00e9gique, branding, cr\u00e9ation de noms, cr\u00e9ation de signatures, cr\u00e9ation de contenus, cr\u00e9ation publicitaire.\" \/>\n<meta property=\"og:url\" content=\"https:\/\/name-city.fr\/index.php\/contact\/\" \/>\n<meta property=\"og:site_name\" content=\"NAME CITY - Agence de cr\u00e9ation de noms et de contenus\" \/>\n<meta property=\"article:modified_time\" content=\"2024-11-29T15:07:33+00:00\" \/>\n<meta property=\"og:image\" content=\"https:\/\/name-city.fr\/wp-content\/uploads\/Image1-6.png\" \/>\n\t<meta property=\"og:image:width\" content=\"241\" \/>\n\t<meta property=\"og:image:height\" content=\"240\" \/>\n\t<meta property=\"og:image:type\" content=\"image\/png\" \/>\n<meta name=\"twitter:card\" content=\"summary_large_image\" \/>\n<meta name=\"twitter:label1\" content=\"Dur\u00e9e de lecture estim\u00e9e\" \/>\n\t<meta name=\"twitter:data1\" content=\"2 minutes\" \/>\n<script type=\"application\/ld+json\" class=\"yoast-schema-graph\">{\"@context\":\"https:\/\/schema.org\",\"@graph\":[{\"@type\":\"WebPage\",\"@id\":\"https:\/\/name-city.fr\/index.php\/contact\/\",\"url\":\"https:\/\/name-city.fr\/index.php\/contact\/\",\"name\":\"Contact - NAME CITY - Agence de cr\u00e9ation de noms et de contenus\",\"isPartOf\":{\"@id\":\"https:\/\/name-city.fr\/#website\"},\"primaryImageOfPage\":{\"@id\":\"https:\/\/name-city.fr\/index.php\/contact\/#primaryimage\"},\"image\":{\"@id\":\"https:\/\/name-city.fr\/index.php\/contact\/#primaryimage\"},\"thumbnailUrl\":\"https:\/\/name-city.fr\/wp-content\/uploads\/Image1-6-150x150.png\",\"datePublished\":\"2017-03-09T15:00:03+00:00\",\"dateModified\":\"2024-11-29T15:07:33+00:00\",\"description\":\"Apr\u00e8s une riche exp\u00e9rience de la conception-r\u00e9daction au sein de grandes agences de publicit\u00e9, Jean-Fran\u00e7ois Gu\u00e9ho fonde Name City fin 2002. Expertises : conseil strat\u00e9gique, branding, cr\u00e9ation de noms, cr\u00e9ation de signatures, cr\u00e9ation de contenus, cr\u00e9ation publicitaire.\",\"breadcrumb\":{\"@id\":\"https:\/\/name-city.fr\/index.php\/contact\/#breadcrumb\"},\"inLanguage\":\"fr-FR\",\"potentialAction\":[{\"@type\":\"ReadAction\",\"target\":[\"https:\/\/name-city.fr\/index.php\/contact\/\"]}]},{\"@type\":\"ImageObject\",\"inLanguage\":\"fr-FR\",\"@id\":\"https:\/\/name-city.fr\/index.php\/contact\/#primaryimage\",\"url\":\"https:\/\/name-city.fr\/wp-content\/uploads\/Image1-6.png\",\"contentUrl\":\"https:\/\/name-city.fr\/wp-content\/uploads\/Image1-6.png\",\"width\":241,\"height\":240},{\"@type\":\"BreadcrumbList\",\"@id\":\"https:\/\/name-city.fr\/index.php\/contact\/#breadcrumb\",\"itemListElement\":[{\"@type\":\"ListItem\",\"position\":1,\"name\":\"Accueil\",\"item\":\"https:\/\/name-city.fr\/\"},{\"@type\":\"ListItem\",\"position\":2,\"name\":\"Contact\"}]},{\"@type\":\"WebSite\",\"@id\":\"https:\/\/name-city.fr\/#website\",\"url\":\"https:\/\/name-city.fr\/\",\"name\":\"NAME CITY - Agence de cr\u00e9ation de noms et de contenus\",\"description\":\"\",\"publisher\":{\"@id\":\"https:\/\/name-city.fr\/#organization\"},\"potentialAction\":[{\"@type\":\"SearchAction\",\"target\":{\"@type\":\"EntryPoint\",\"urlTemplate\":\"https:\/\/name-city.fr\/?s={search_term_string}\"},\"query-input\":{\"@type\":\"PropertyValueSpecification\",\"valueRequired\":true,\"valueName\":\"search_term_string\"}}],\"inLanguage\":\"fr-FR\"},{\"@type\":\"Organization\",\"@id\":\"https:\/\/name-city.fr\/#organization\",\"name\":\"Name City\",\"url\":\"https:\/\/name-city.fr\/\",\"logo\":{\"@type\":\"ImageObject\",\"inLanguage\":\"fr-FR\",\"@id\":\"https:\/\/name-city.fr\/#\/schema\/logo\/image\/\",\"url\":\"https:\/\/name-city.fr\/wp-content\/uploads\/cropped-Logo-Name-City-blanc2.png\",\"contentUrl\":\"https:\/\/name-city.fr\/wp-content\/uploads\/cropped-Logo-Name-City-blanc2.png\",\"width\":1492,\"height\":537,\"caption\":\"Name City\"},\"image\":{\"@id\":\"https:\/\/name-city.fr\/#\/schema\/logo\/image\/\"},\"sameAs\":[\"https:\/\/www.linkedin.com\/company\/3034367\/admin\/\"]}]}<\/script>\n<!-- \/ Yoast SEO plugin. -->","yoast_head_json":{"title":"Contact - NAME CITY - Agence de cr\u00e9ation de noms et de contenus","description":"Apr\u00e8s une riche exp\u00e9rience de la conception-r\u00e9daction au sein de grandes agences de publicit\u00e9, Jean-Fran\u00e7ois Gu\u00e9ho fonde Name City fin 2002. Expertises : conseil strat\u00e9gique, branding, cr\u00e9ation de noms, cr\u00e9ation de signatures, cr\u00e9ation de contenus, cr\u00e9ation publicitaire.","robots":{"index":"index","follow":"follow","max-snippet":"max-snippet:-1","max-image-preview":"max-image-preview:large","max-video-preview":"max-video-preview:-1"},"canonical":"https:\/\/name-city.fr\/index.php\/contact\/","og_locale":"fr_FR","og_type":"article","og_title":"Contact - NAME CITY - Agence de cr\u00e9ation de noms et de contenus","og_description":"Apr\u00e8s une riche exp\u00e9rience de la conception-r\u00e9daction au sein de grandes agences de publicit\u00e9, Jean-Fran\u00e7ois Gu\u00e9ho fonde Name City fin 2002. Expertises : conseil strat\u00e9gique, branding, cr\u00e9ation de noms, cr\u00e9ation de signatures, cr\u00e9ation de contenus, cr\u00e9ation publicitaire.","og_url":"https:\/\/name-city.fr\/index.php\/contact\/","og_site_name":"NAME CITY - Agence de cr\u00e9ation de noms et de contenus","article_modified_time":"2024-11-29T15:07:33+00:00","og_image":[{"width":241,"height":240,"url":"https:\/\/name-city.fr\/wp-content\/uploads\/Image1-6.png","type":"image\/png"}],"twitter_card":"summary_large_image","twitter_misc":{"Dur\u00e9e de lecture estim\u00e9e":"2 minutes"},"schema":{"@context":"https:\/\/schema.org","@graph":[{"@type":"WebPage","@id":"https:\/\/name-city.fr\/index.php\/contact\/","url":"https:\/\/name-city.fr\/index.php\/contact\/","name":"Contact - NAME CITY - Agence de cr\u00e9ation de noms et de contenus","isPartOf":{"@id":"https:\/\/name-city.fr\/#website"},"primaryImageOfPage":{"@id":"https:\/\/name-city.fr\/index.php\/contact\/#primaryimage"},"image":{"@id":"https:\/\/name-city.fr\/index.php\/contact\/#primaryimage"},"thumbnailUrl":"https:\/\/name-city.fr\/wp-content\/uploads\/Image1-6-150x150.png","datePublished":"2017-03-09T15:00:03+00:00","dateModified":"2024-11-29T15:07:33+00:00","description":"Apr\u00e8s une riche exp\u00e9rience de la conception-r\u00e9daction au sein de grandes agences de publicit\u00e9, Jean-Fran\u00e7ois Gu\u00e9ho fonde Name City fin 2002. Expertises : conseil strat\u00e9gique, branding, cr\u00e9ation de noms, cr\u00e9ation de signatures, cr\u00e9ation de contenus, cr\u00e9ation publicitaire.","breadcrumb":{"@id":"https:\/\/name-city.fr\/index.php\/contact\/#breadcrumb"},"inLanguage":"fr-FR","potentialAction":[{"@type":"ReadAction","target":["https:\/\/name-city.fr\/index.php\/contact\/"]}]},{"@type":"ImageObject","inLanguage":"fr-FR","@id":"https:\/\/name-city.fr\/index.php\/contact\/#primaryimage","url":"https:\/\/name-city.fr\/wp-content\/uploads\/Image1-6.png","contentUrl":"https:\/\/name-city.fr\/wp-content\/uploads\/Image1-6.png","width":241,"height":240},{"@type":"BreadcrumbList","@id":"https:\/\/name-city.fr\/index.php\/contact\/#breadcrumb","itemListElement":[{"@type":"ListItem","position":1,"name":"Accueil","item":"https:\/\/name-city.fr\/"},{"@type":"ListItem","position":2,"name":"Contact"}]},{"@type":"WebSite","@id":"https:\/\/name-city.fr\/#website","url":"https:\/\/name-city.fr\/","name":"NAME CITY - Agence de cr\u00e9ation de noms et de contenus","description":"","publisher":{"@id":"https:\/\/name-city.fr\/#organization"},"potentialAction":[{"@type":"SearchAction","target":{"@type":"EntryPoint","urlTemplate":"https:\/\/name-city.fr\/?s={search_term_string}"},"query-input":{"@type":"PropertyValueSpecification","valueRequired":true,"valueName":"search_term_string"}}],"inLanguage":"fr-FR"},{"@type":"Organization","@id":"https:\/\/name-city.fr\/#organization","name":"Name City","url":"https:\/\/name-city.fr\/","logo":{"@type":"ImageObject","inLanguage":"fr-FR","@id":"https:\/\/name-city.fr\/#\/schema\/logo\/image\/","url":"https:\/\/name-city.fr\/wp-content\/uploads\/cropped-Logo-Name-City-blanc2.png","contentUrl":"https:\/\/name-city.fr\/wp-content\/uploads\/cropped-Logo-Name-City-blanc2.png","width":1492,"height":537,"caption":"Name City"},"image":{"@id":"https:\/\/name-city.fr\/#\/schema\/logo\/image\/"},"sameAs":["https:\/\/www.linkedin.com\/company\/3034367\/admin\/"]}]}},"_links":{"self":[{"href":"https:\/\/name-city.fr\/index.php\/wp-json\/wp\/v2\/pages\/601","targetHints":{"allow":["GET"]}}],"collection":[{"href":"https:\/\/name-city.fr\/index.php\/wp-json\/wp\/v2\/pages"}],"about":[{"href":"https:\/\/name-city.fr\/index.php\/wp-json\/wp\/v2\/types\/page"}],"author":[{"embeddable":true,"href":"https:\/\/name-city.fr\/index.php\/wp-json\/wp\/v2\/users\/1"}],"replies":[{"embeddable":true,"href":"https:\/\/name-city.fr\/index.php\/wp-json\/wp\/v2\/comments?post=601"}],"version-history":[{"count":41,"href":"https:\/\/name-city.fr\/index.php\/wp-json\/wp\/v2\/pages\/601\/revisions"}],"predecessor-version":[{"id":3579,"href":"https:\/\/name-city.fr\/index.php\/wp-json\/wp\/v2\/pages\/601\/revisions\/3579"}],"wp:attachment":[{"href":"https:\/\/name-city.fr\/index.php\/wp-json\/wp\/v2\/media?parent=601"}],"curies":[{"name":"wp","href":"https:\/\/api.w.org\/{rel}","templated":true}]}}