{"id":555,"date":"2017-03-09T15:11:12","date_gmt":"2017-03-09T14:11:12","guid":{"rendered":"https:\/\/www.name-city.fr\/?page_id=555"},"modified":"2024-12-01T15:19:48","modified_gmt":"2024-12-01T14:19:48","slug":"agence-de-naming-en-resume","status":"publish","type":"page","link":"https:\/\/name-city.fr\/index.php\/agence-de-naming-en-resume\/","title":{"rendered":"Comment cr\u00e9er un nom de marque ? Nos recettes secr\u00e8tes"},"content":{"rendered":"\r\n<h2>\u00a0<\/h2>\r\n<h2><img loading=\"lazy\" decoding=\"async\" class=\"aligncenter wp-image-2097\" title=\"nos m\u00e9thodes pour cr\u00e9er un nom de marque\" src=\"https:\/\/name-city.fr\/wp-content\/uploads\/pexels-flora-westbrook-4191623-1024x682.jpg\" alt=\"nos m\u00e9thodes pour cr\u00e9er un nom de marque\" width=\"810\" height=\"540\" srcset=\"https:\/\/name-city.fr\/wp-content\/uploads\/pexels-flora-westbrook-4191623-1024x682.jpg 1024w, https:\/\/name-city.fr\/wp-content\/uploads\/pexels-flora-westbrook-4191623-300x200.jpg 300w, https:\/\/name-city.fr\/wp-content\/uploads\/pexels-flora-westbrook-4191623-768x511.jpg 768w, https:\/\/name-city.fr\/wp-content\/uploads\/pexels-flora-westbrook-4191623-1536x1022.jpg 1536w, https:\/\/name-city.fr\/wp-content\/uploads\/pexels-flora-westbrook-4191623-2048x1363.jpg 2048w, https:\/\/name-city.fr\/wp-content\/uploads\/pexels-flora-westbrook-4191623-690x459.jpg 690w, https:\/\/name-city.fr\/wp-content\/uploads\/pexels-flora-westbrook-4191623-980x652.jpg 980w\" sizes=\"auto, (max-width: 810px) 100vw, 810px\" \/><\/h2>\r\n<h2>\u00a0<\/h2>\r\n<p style=\"text-align: center;\"><strong>Des noms cr\u00e9\u00e9s comme des campagnes de publicit\u00e9<\/strong><\/p>\r\n\r\n\r\n\r\n<p><a href=\"https:\/\/name-city.fr\/index.php\/trouver-un-nom-de-marque-ou-de-societe-10-etapes\/\" target=\"_blank\" rel=\"noopener noreferrer\">Un nom doit r\u00e9v\u00e9ler un concept fort et \u00eatre porteur d\u2019une r\u00e9elle promesse.<\/a> Professionnels de la cr\u00e9ation, pour \u00e9viter les produits congel\u00e9s-d\u00e9congel\u00e9s et les tartes \u00e0 la cr\u00e8me, nous bannissons le recours aux logiciels et aux g\u00e9n\u00e9rateurs de noms.<\/p>\r\n\r\n\r\n\r\n<p>De m\u00eame, nous r\u00e9futons le crowdsourcing, une m\u00e9thode qui permet de confier votre projet aux anonymes de la Toile sans aucune garantie de professionnalisme ni de confidentialit\u00e9.<\/p>\r\n\r\n\r\n\r\n<p><a href=\"https:\/\/name-city.fr\/index.php\/methodes-agence-de-naming\/\">Nous privil\u00e9gions l\u2019\u00e9motion pour d\u00e9clencher l\u2019achat<\/a>. <em>Exciting names only !<\/em> Libre cours \u00e0 l&rsquo;imagination, aux associations d&rsquo;id\u00e9es et aux sauts cr\u00e9atifs.<\/p>\r\n\r\n\r\n\r\n<p style=\"text-align: center;\"><strong><br \/>Name Strategy &amp; M\u00e9thodojolie\u00ae, Contr\u00f4les juridiques et linguistiques<\/strong><\/p>\r\n\r\n\r\n\r\n<p>Name Strategy, Loi des 4 Very T, M\u00e9thodojolie<strong>\u00ae<\/strong>&#8230; nos m\u00e9thodes exclusives allient rigueur et cr\u00e9ativit\u00e9. Avant d\u2019\u00eatre pr\u00e9sent\u00e9s, les noms sont syst\u00e9matiquement soumis \u00e0 un premier filtre juridique de disponibilit\u00e9 en France et \u00e0 l\u2019international.<\/p>\r\n\r\n\r\n\r\n<p>D&rsquo;un point de vue linguistique, des contr\u00f4les\u00a0sont men\u00e9s sur vos langues de march\u00e9s exclusivement aupr\u00e8s de natifs. Ces tests permettent de valider partout dans le monde, la possibilit\u00e9 de prononciation, de conna\u00eetre les premi\u00e8res \u00e9vocations et d&rsquo;\u00e9liminer les risques de sens n\u00e9gatif.<\/p>\r\n<p>&nbsp;<\/p>\r\n<p>&#8211; Connaissez vous <a href=\"https:\/\/name-city.fr\/index.php\/trouver-un-nom-de-marque-ou-de-societe-10-etapes\/\" target=\"_blank\" rel=\"noopener\">les 10 naming faux-pas<\/a> ?<\/p>\r\n<p>&#8211; Et <a href=\"https:\/\/name-city.fr\/index.php\/quelle-est-la-difference-entre-un-bon-et-un-mauvais-nom-de-marque\/\" target=\"_blank\" rel=\"noopener\">la diff\u00e9rence entre un bon et un mauvais nom de marque<\/a> ? <img loading=\"lazy\" decoding=\"async\" width=\"865\" height=\"76\" class=\"wp-image-1402\" src=\"https:\/\/name-city.fr\/wp-content\/uploads\/0.jpg\" alt=\"\" srcset=\"https:\/\/name-city.fr\/wp-content\/uploads\/0.jpg 865w, https:\/\/name-city.fr\/wp-content\/uploads\/0-300x26.jpg 300w, https:\/\/name-city.fr\/wp-content\/uploads\/0-768x67.jpg 768w, https:\/\/name-city.fr\/wp-content\/uploads\/0-690x61.jpg 690w\" sizes=\"auto, (max-width: 865px) 100vw, 865px\" \/><\/p>\r\n\r\n\r\n\r\n\r\n\r\n<p style=\"text-align: right;\">Pour nous parler d&rsquo;un de vos projets:\u00a0 <a href=\"mailto:contact@name-city.fr\">contact@name-city.fr<\/a><\/p>\r\n\r\n<p>&nbsp;<\/p>","protected":false},"excerpt":{"rendered":"<p>&nbsp; &nbsp; Des noms cr&eacute;&eacute;s comme des campagnes de publicit&eacute; Un nom doit r&eacute;v&eacute;ler un concept fort et &ecirc;tre porteur d&rsquo;une r&eacute;elle promesse. Professionnels de la cr&eacute;ation, pour &eacute;viter les produits congel&eacute;s-d&eacute;congel&eacute;s et les tartes &agrave; la cr&egrave;me, nous bannissons le recours aux logiciels et aux g&eacute;n&eacute;rateurs de noms. De m&ecirc;me, nous r&eacute;futons le crowdsourcing, [&hellip;]<\/p>\n","protected":false},"author":1,"featured_media":0,"parent":0,"menu_order":0,"comment_status":"closed","ping_status":"closed","template":"","meta":{"footnotes":""},"class_list":["post-555","page","type-page","status-publish","hentry"],"yoast_head":"<!-- This site is optimized with the Yoast SEO plugin v23.9 - https:\/\/yoast.com\/wordpress\/plugins\/seo\/ -->\n<title>Comment cr\u00e9er un nom de marque ? Nos recettes secr\u00e8tes - NAME CITY - Agence de cr\u00e9ation de noms et de contenus<\/title>\n<meta name=\"description\" content=\"Name Strategy, Loi des 4 Very T, M\u00e9thodojolie\u00ae... nos m\u00e9thodes exclusives allient rigueur et cr\u00e9ativit\u00e9\" \/>\n<meta name=\"robots\" content=\"index, follow, max-snippet:-1, max-image-preview:large, max-video-preview:-1\" \/>\n<link rel=\"canonical\" href=\"https:\/\/name-city.fr\/index.php\/agence-de-naming-en-resume\/\" \/>\n<meta property=\"og:locale\" content=\"fr_FR\" \/>\n<meta property=\"og:type\" content=\"article\" \/>\n<meta property=\"og:title\" content=\"Comment cr\u00e9er un nom de marque ? Nos recettes secr\u00e8tes - NAME CITY - Agence de cr\u00e9ation de noms et de contenus\" \/>\n<meta property=\"og:description\" content=\"Name Strategy, Loi des 4 Very T, M\u00e9thodojolie\u00ae... nos m\u00e9thodes exclusives allient rigueur et cr\u00e9ativit\u00e9\" \/>\n<meta property=\"og:url\" content=\"https:\/\/name-city.fr\/index.php\/agence-de-naming-en-resume\/\" \/>\n<meta property=\"og:site_name\" content=\"NAME CITY - Agence de cr\u00e9ation de noms et de contenus\" \/>\n<meta property=\"article:modified_time\" content=\"2024-12-01T14:19:48+00:00\" \/>\n<meta property=\"og:image\" content=\"https:\/\/name-city.fr\/wp-content\/uploads\/pexels-flora-westbrook-4191623-scaled.jpg\" \/>\n\t<meta property=\"og:image:width\" content=\"2560\" \/>\n\t<meta property=\"og:image:height\" content=\"1704\" \/>\n\t<meta property=\"og:image:type\" content=\"image\/jpeg\" \/>\n<meta name=\"twitter:card\" content=\"summary_large_image\" \/>\n<meta name=\"twitter:label1\" content=\"Dur\u00e9e de lecture estim\u00e9e\" \/>\n\t<meta name=\"twitter:data1\" content=\"2 minutes\" \/>\n<script type=\"application\/ld+json\" class=\"yoast-schema-graph\">{\"@context\":\"https:\/\/schema.org\",\"@graph\":[{\"@type\":\"WebPage\",\"@id\":\"https:\/\/name-city.fr\/index.php\/agence-de-naming-en-resume\/\",\"url\":\"https:\/\/name-city.fr\/index.php\/agence-de-naming-en-resume\/\",\"name\":\"Comment cr\u00e9er un nom de marque ? Nos recettes secr\u00e8tes - NAME CITY - Agence de cr\u00e9ation de noms et de contenus\",\"isPartOf\":{\"@id\":\"https:\/\/name-city.fr\/#website\"},\"primaryImageOfPage\":{\"@id\":\"https:\/\/name-city.fr\/index.php\/agence-de-naming-en-resume\/#primaryimage\"},\"image\":{\"@id\":\"https:\/\/name-city.fr\/index.php\/agence-de-naming-en-resume\/#primaryimage\"},\"thumbnailUrl\":\"https:\/\/name-city.fr\/wp-content\/uploads\/pexels-flora-westbrook-4191623-1024x682.jpg\",\"datePublished\":\"2017-03-09T14:11:12+00:00\",\"dateModified\":\"2024-12-01T14:19:48+00:00\",\"description\":\"Name Strategy, Loi des 4 Very T, M\u00e9thodojolie\u00ae... nos m\u00e9thodes exclusives allient rigueur et cr\u00e9ativit\u00e9\",\"breadcrumb\":{\"@id\":\"https:\/\/name-city.fr\/index.php\/agence-de-naming-en-resume\/#breadcrumb\"},\"inLanguage\":\"fr-FR\",\"potentialAction\":[{\"@type\":\"ReadAction\",\"target\":[\"https:\/\/name-city.fr\/index.php\/agence-de-naming-en-resume\/\"]}]},{\"@type\":\"ImageObject\",\"inLanguage\":\"fr-FR\",\"@id\":\"https:\/\/name-city.fr\/index.php\/agence-de-naming-en-resume\/#primaryimage\",\"url\":\"https:\/\/name-city.fr\/wp-content\/uploads\/pexels-flora-westbrook-4191623-scaled.jpg\",\"contentUrl\":\"https:\/\/name-city.fr\/wp-content\/uploads\/pexels-flora-westbrook-4191623-scaled.jpg\",\"width\":2560,\"height\":1704},{\"@type\":\"BreadcrumbList\",\"@id\":\"https:\/\/name-city.fr\/index.php\/agence-de-naming-en-resume\/#breadcrumb\",\"itemListElement\":[{\"@type\":\"ListItem\",\"position\":1,\"name\":\"Accueil\",\"item\":\"https:\/\/name-city.fr\/\"},{\"@type\":\"ListItem\",\"position\":2,\"name\":\"Comment cr\u00e9er un nom de marque ? Nos recettes secr\u00e8tes\"}]},{\"@type\":\"WebSite\",\"@id\":\"https:\/\/name-city.fr\/#website\",\"url\":\"https:\/\/name-city.fr\/\",\"name\":\"NAME CITY - Agence de cr\u00e9ation de noms et de contenus\",\"description\":\"\",\"publisher\":{\"@id\":\"https:\/\/name-city.fr\/#organization\"},\"potentialAction\":[{\"@type\":\"SearchAction\",\"target\":{\"@type\":\"EntryPoint\",\"urlTemplate\":\"https:\/\/name-city.fr\/?s={search_term_string}\"},\"query-input\":{\"@type\":\"PropertyValueSpecification\",\"valueRequired\":true,\"valueName\":\"search_term_string\"}}],\"inLanguage\":\"fr-FR\"},{\"@type\":\"Organization\",\"@id\":\"https:\/\/name-city.fr\/#organization\",\"name\":\"Name City\",\"url\":\"https:\/\/name-city.fr\/\",\"logo\":{\"@type\":\"ImageObject\",\"inLanguage\":\"fr-FR\",\"@id\":\"https:\/\/name-city.fr\/#\/schema\/logo\/image\/\",\"url\":\"https:\/\/name-city.fr\/wp-content\/uploads\/cropped-Logo-Name-City-blanc2.png\",\"contentUrl\":\"https:\/\/name-city.fr\/wp-content\/uploads\/cropped-Logo-Name-City-blanc2.png\",\"width\":1492,\"height\":537,\"caption\":\"Name City\"},\"image\":{\"@id\":\"https:\/\/name-city.fr\/#\/schema\/logo\/image\/\"},\"sameAs\":[\"https:\/\/www.linkedin.com\/company\/3034367\/admin\/\"]}]}<\/script>\n<!-- \/ Yoast SEO plugin. -->","yoast_head_json":{"title":"Comment cr\u00e9er un nom de marque ? Nos recettes secr\u00e8tes - NAME CITY - Agence de cr\u00e9ation de noms et de contenus","description":"Name Strategy, Loi des 4 Very T, M\u00e9thodojolie\u00ae... nos m\u00e9thodes exclusives allient rigueur et cr\u00e9ativit\u00e9","robots":{"index":"index","follow":"follow","max-snippet":"max-snippet:-1","max-image-preview":"max-image-preview:large","max-video-preview":"max-video-preview:-1"},"canonical":"https:\/\/name-city.fr\/index.php\/agence-de-naming-en-resume\/","og_locale":"fr_FR","og_type":"article","og_title":"Comment cr\u00e9er un nom de marque ? Nos recettes secr\u00e8tes - NAME CITY - Agence de cr\u00e9ation de noms et de contenus","og_description":"Name Strategy, Loi des 4 Very T, M\u00e9thodojolie\u00ae... nos m\u00e9thodes exclusives allient rigueur et cr\u00e9ativit\u00e9","og_url":"https:\/\/name-city.fr\/index.php\/agence-de-naming-en-resume\/","og_site_name":"NAME CITY - Agence de cr\u00e9ation de noms et de contenus","article_modified_time":"2024-12-01T14:19:48+00:00","og_image":[{"width":2560,"height":1704,"url":"https:\/\/name-city.fr\/wp-content\/uploads\/pexels-flora-westbrook-4191623-scaled.jpg","type":"image\/jpeg"}],"twitter_card":"summary_large_image","twitter_misc":{"Dur\u00e9e de lecture estim\u00e9e":"2 minutes"},"schema":{"@context":"https:\/\/schema.org","@graph":[{"@type":"WebPage","@id":"https:\/\/name-city.fr\/index.php\/agence-de-naming-en-resume\/","url":"https:\/\/name-city.fr\/index.php\/agence-de-naming-en-resume\/","name":"Comment cr\u00e9er un nom de marque ? Nos recettes secr\u00e8tes - NAME CITY - Agence de cr\u00e9ation de noms et de contenus","isPartOf":{"@id":"https:\/\/name-city.fr\/#website"},"primaryImageOfPage":{"@id":"https:\/\/name-city.fr\/index.php\/agence-de-naming-en-resume\/#primaryimage"},"image":{"@id":"https:\/\/name-city.fr\/index.php\/agence-de-naming-en-resume\/#primaryimage"},"thumbnailUrl":"https:\/\/name-city.fr\/wp-content\/uploads\/pexels-flora-westbrook-4191623-1024x682.jpg","datePublished":"2017-03-09T14:11:12+00:00","dateModified":"2024-12-01T14:19:48+00:00","description":"Name Strategy, Loi des 4 Very T, M\u00e9thodojolie\u00ae... nos m\u00e9thodes exclusives allient rigueur et cr\u00e9ativit\u00e9","breadcrumb":{"@id":"https:\/\/name-city.fr\/index.php\/agence-de-naming-en-resume\/#breadcrumb"},"inLanguage":"fr-FR","potentialAction":[{"@type":"ReadAction","target":["https:\/\/name-city.fr\/index.php\/agence-de-naming-en-resume\/"]}]},{"@type":"ImageObject","inLanguage":"fr-FR","@id":"https:\/\/name-city.fr\/index.php\/agence-de-naming-en-resume\/#primaryimage","url":"https:\/\/name-city.fr\/wp-content\/uploads\/pexels-flora-westbrook-4191623-scaled.jpg","contentUrl":"https:\/\/name-city.fr\/wp-content\/uploads\/pexels-flora-westbrook-4191623-scaled.jpg","width":2560,"height":1704},{"@type":"BreadcrumbList","@id":"https:\/\/name-city.fr\/index.php\/agence-de-naming-en-resume\/#breadcrumb","itemListElement":[{"@type":"ListItem","position":1,"name":"Accueil","item":"https:\/\/name-city.fr\/"},{"@type":"ListItem","position":2,"name":"Comment cr\u00e9er un nom de marque ? Nos recettes secr\u00e8tes"}]},{"@type":"WebSite","@id":"https:\/\/name-city.fr\/#website","url":"https:\/\/name-city.fr\/","name":"NAME CITY - Agence de cr\u00e9ation de noms et de contenus","description":"","publisher":{"@id":"https:\/\/name-city.fr\/#organization"},"potentialAction":[{"@type":"SearchAction","target":{"@type":"EntryPoint","urlTemplate":"https:\/\/name-city.fr\/?s={search_term_string}"},"query-input":{"@type":"PropertyValueSpecification","valueRequired":true,"valueName":"search_term_string"}}],"inLanguage":"fr-FR"},{"@type":"Organization","@id":"https:\/\/name-city.fr\/#organization","name":"Name City","url":"https:\/\/name-city.fr\/","logo":{"@type":"ImageObject","inLanguage":"fr-FR","@id":"https:\/\/name-city.fr\/#\/schema\/logo\/image\/","url":"https:\/\/name-city.fr\/wp-content\/uploads\/cropped-Logo-Name-City-blanc2.png","contentUrl":"https:\/\/name-city.fr\/wp-content\/uploads\/cropped-Logo-Name-City-blanc2.png","width":1492,"height":537,"caption":"Name City"},"image":{"@id":"https:\/\/name-city.fr\/#\/schema\/logo\/image\/"},"sameAs":["https:\/\/www.linkedin.com\/company\/3034367\/admin\/"]}]}},"_links":{"self":[{"href":"https:\/\/name-city.fr\/index.php\/wp-json\/wp\/v2\/pages\/555","targetHints":{"allow":["GET"]}}],"collection":[{"href":"https:\/\/name-city.fr\/index.php\/wp-json\/wp\/v2\/pages"}],"about":[{"href":"https:\/\/name-city.fr\/index.php\/wp-json\/wp\/v2\/types\/page"}],"author":[{"embeddable":true,"href":"https:\/\/name-city.fr\/index.php\/wp-json\/wp\/v2\/users\/1"}],"replies":[{"embeddable":true,"href":"https:\/\/name-city.fr\/index.php\/wp-json\/wp\/v2\/comments?post=555"}],"version-history":[{"count":38,"href":"https:\/\/name-city.fr\/index.php\/wp-json\/wp\/v2\/pages\/555\/revisions"}],"predecessor-version":[{"id":3609,"href":"https:\/\/name-city.fr\/index.php\/wp-json\/wp\/v2\/pages\/555\/revisions\/3609"}],"wp:attachment":[{"href":"https:\/\/name-city.fr\/index.php\/wp-json\/wp\/v2\/media?parent=555"}],"curies":[{"name":"wp","href":"https:\/\/api.w.org\/{rel}","templated":true}]}}