{"id":540,"date":"2017-03-08T15:40:50","date_gmt":"2017-03-08T14:40:50","guid":{"rendered":"https:\/\/www.name-city.fr\/?page_id=540"},"modified":"2024-12-01T15:20:58","modified_gmt":"2024-12-01T14:20:58","slug":"creation-nom-de-marque-roi","status":"publish","type":"page","link":"https:\/\/name-city.fr\/index.php\/creation-nom-de-marque-roi\/","title":{"rendered":"ROI"},"content":{"rendered":"<p>Le retour sur investissement du naming Name City est facile \u00e0 mesurer<\/p>\n<h2>A votre avis, combien co\u00fbte?<\/h2>\n<ul>\n<li>\n<h3>Une premi\u00e8re impression r\u00e9ussie ?<\/h3>\n<\/li>\n<\/ul>\n<p>Le nom reste le tout premier moyen d&rsquo;attirer l&rsquo;attention et de se pr\u00e9senter.<\/p>\n<p>&nbsp;<\/p>\n<ul>\n<li>\n<h3>La dur\u00e9e dans le temps ?<\/h3>\n<\/li>\n<\/ul>\n<p>Le nom de votre soci\u00e9t\u00e9, de votre produit ou de votre nouvelle gamme est l\u00e0 pour longtemps. Il va s&rsquo;amortir sur de nombreuses ann\u00e9es.<\/p>\n<p>&nbsp;<\/p>\n<ul>\n<li>\n<h3>La capacit\u00e9 \u00e0 faire aimer votre marque ?<\/h3>\n<\/li>\n<\/ul>\n<p>\u00ab\u00a0<em>exciting names only !<\/em>\u00ab\u00a0, nous privil\u00e9gions l\u2019\u00e9motion pour d\u00e9clencher la pr\u00e9f\u00e9rence et favoriser la fid\u00e9lit\u00e9.<\/p>\n<p>&nbsp;<\/p>\n<ul>\n<li>\n<h3>Le temps gagn\u00e9 en communication<\/h3>\n<\/li>\n<\/ul>\n<p>Avec un concept fort, porteur d&rsquo;une r\u00e9elle promesse, les noms Name City sont inspirants car cr\u00e9\u00e9s comme de vraies campagnes. Leur d\u00e9clinaison\u00a0 sur tous vos supports de communication est assur\u00e9e.<\/p>\n<p>&nbsp;<\/p>\n<p>&nbsp;<\/p>\n<ul>\n<li>\n<h3>La possibilit\u00e9 de cr\u00e9er de la visibilit\u00e9 et de la diff\u00e9renciation<\/h3>\n<\/li>\n<\/ul>\n<p>A vous l&rsquo;int\u00e9r\u00eat des journalistes et le buzz des r\u00e9seaux sociaux.<\/p>\n<p>&nbsp;<\/p>\n<ul>\n<li>\n<h3>La facilit\u00e9 d&rsquo;y associer des images, des \u00e9vocations<\/h3>\n<\/li>\n<\/ul>\n<p>et de cr\u00e9er une identit\u00e9 visuelle riche et accrocheuse ?<\/p>\n<p>&nbsp;<\/p>\n<ul>\n<li>\n<h3>Le fait de donner \u00e0 votre marque une image inspirante et cr\u00e9ative<\/h3>\n<\/li>\n<\/ul>\n<p>par une appellation aussi in\u00e9dite qu&rsquo;atemporelle ?<\/p>\n<p>&nbsp;<\/p>\n<ul>\n<li>\n<h3>Le temps gagn\u00e9 par vos \u00e9quipes ?<\/h3>\n<\/li>\n<\/ul>\n<p>Termin\u00e9 les heures perdues en r\u00e9unions, brainstormings, \u00e9changes de mails&#8230;<\/p>\n<p>&nbsp;<\/p>\n<ul>\n<li>\n<h3>Votre tranquillit\u00e9 retrouv\u00e9e ?<\/h3>\n<\/li>\n<\/ul>\n<p>Quelles que soient vos contraintes marketing, les probl\u00e8mes li\u00e9s aux diff\u00e9rences culturelles ou linguistiques de vos march\u00e9s, la difficult\u00e9 de d\u00e9poser une marque dans vos classes encombr\u00e9es de produits et services&#8230; nous nous engageons \u00e0 vous apporter une solution op\u00e9rante.<\/p>\n<p>&nbsp;<\/p>\n<ul>\n<li>\n<h3>La confidentialit\u00e9 garantie ?<\/h3>\n<\/li>\n<\/ul>\n<p>Votre brief ne se r\u00e9pand pas partout sur le net via une plateforme collaborative.<\/p>\n<p>&nbsp;<\/p>\n<p style=\"text-align: right;\">Pour nous parler d&rsquo;un de vos projets :<\/p>\n<p style=\"text-align: right;\">\u00a0<a href=\"mailto:contact@name-city.fr\">contact@name-city.fr<\/a><\/p>\n<p>&nbsp;<\/p>\n","protected":false},"excerpt":{"rendered":"<p>Le retour sur investissement du naming Name City est facile &agrave; mesurer A votre avis, combien co&ucirc;te? Une premi&egrave;re impression r&eacute;ussie ? Le nom reste le tout premier moyen d&rsquo;attirer l&rsquo;attention et de se pr&eacute;senter. &nbsp; La dur&eacute;e dans le temps ? Le nom de votre soci&eacute;t&eacute;, de votre produit ou de votre nouvelle gamme [&hellip;]<\/p>\n","protected":false},"author":1,"featured_media":0,"parent":0,"menu_order":0,"comment_status":"closed","ping_status":"closed","template":"","meta":{"footnotes":""},"class_list":["post-540","page","type-page","status-publish","hentry"],"yoast_head":"<!-- This site is optimized with the Yoast SEO plugin v23.9 - https:\/\/yoast.com\/wordpress\/plugins\/seo\/ -->\n<title>ROI - NAME CITY - Agence de cr\u00e9ation de noms et de contenus<\/title>\n<meta name=\"description\" content=\"Le retour sur investissement du naming Name City est facile \u00e0 mesurer\" \/>\n<meta name=\"robots\" content=\"index, follow, max-snippet:-1, max-image-preview:large, max-video-preview:-1\" \/>\n<link rel=\"canonical\" href=\"https:\/\/name-city.fr\/index.php\/creation-nom-de-marque-roi\/\" \/>\n<meta property=\"og:locale\" content=\"fr_FR\" \/>\n<meta property=\"og:type\" content=\"article\" \/>\n<meta property=\"og:title\" content=\"ROI - NAME CITY - Agence de cr\u00e9ation de noms et de contenus\" \/>\n<meta property=\"og:description\" content=\"Le retour sur investissement du naming Name City est facile \u00e0 mesurer\" \/>\n<meta property=\"og:url\" content=\"https:\/\/name-city.fr\/index.php\/creation-nom-de-marque-roi\/\" \/>\n<meta property=\"og:site_name\" content=\"NAME CITY - Agence de cr\u00e9ation de noms et de contenus\" \/>\n<meta property=\"article:modified_time\" content=\"2024-12-01T14:20:58+00:00\" \/>\n<meta name=\"twitter:card\" content=\"summary_large_image\" \/>\n<meta name=\"twitter:label1\" content=\"Dur\u00e9e de lecture estim\u00e9e\" \/>\n\t<meta name=\"twitter:data1\" content=\"2 minutes\" \/>\n<script type=\"application\/ld+json\" class=\"yoast-schema-graph\">{\"@context\":\"https:\/\/schema.org\",\"@graph\":[{\"@type\":\"WebPage\",\"@id\":\"https:\/\/name-city.fr\/index.php\/creation-nom-de-marque-roi\/\",\"url\":\"https:\/\/name-city.fr\/index.php\/creation-nom-de-marque-roi\/\",\"name\":\"ROI - NAME CITY - Agence de cr\u00e9ation de noms et de contenus\",\"isPartOf\":{\"@id\":\"https:\/\/name-city.fr\/#website\"},\"datePublished\":\"2017-03-08T14:40:50+00:00\",\"dateModified\":\"2024-12-01T14:20:58+00:00\",\"description\":\"Le retour sur investissement du naming Name City est facile \u00e0 mesurer\",\"breadcrumb\":{\"@id\":\"https:\/\/name-city.fr\/index.php\/creation-nom-de-marque-roi\/#breadcrumb\"},\"inLanguage\":\"fr-FR\",\"potentialAction\":[{\"@type\":\"ReadAction\",\"target\":[\"https:\/\/name-city.fr\/index.php\/creation-nom-de-marque-roi\/\"]}]},{\"@type\":\"BreadcrumbList\",\"@id\":\"https:\/\/name-city.fr\/index.php\/creation-nom-de-marque-roi\/#breadcrumb\",\"itemListElement\":[{\"@type\":\"ListItem\",\"position\":1,\"name\":\"Accueil\",\"item\":\"https:\/\/name-city.fr\/\"},{\"@type\":\"ListItem\",\"position\":2,\"name\":\"ROI\"}]},{\"@type\":\"WebSite\",\"@id\":\"https:\/\/name-city.fr\/#website\",\"url\":\"https:\/\/name-city.fr\/\",\"name\":\"NAME CITY - Agence de cr\u00e9ation de noms et de contenus\",\"description\":\"\",\"publisher\":{\"@id\":\"https:\/\/name-city.fr\/#organization\"},\"potentialAction\":[{\"@type\":\"SearchAction\",\"target\":{\"@type\":\"EntryPoint\",\"urlTemplate\":\"https:\/\/name-city.fr\/?s={search_term_string}\"},\"query-input\":{\"@type\":\"PropertyValueSpecification\",\"valueRequired\":true,\"valueName\":\"search_term_string\"}}],\"inLanguage\":\"fr-FR\"},{\"@type\":\"Organization\",\"@id\":\"https:\/\/name-city.fr\/#organization\",\"name\":\"Name City\",\"url\":\"https:\/\/name-city.fr\/\",\"logo\":{\"@type\":\"ImageObject\",\"inLanguage\":\"fr-FR\",\"@id\":\"https:\/\/name-city.fr\/#\/schema\/logo\/image\/\",\"url\":\"https:\/\/name-city.fr\/wp-content\/uploads\/cropped-Logo-Name-City-blanc2.png\",\"contentUrl\":\"https:\/\/name-city.fr\/wp-content\/uploads\/cropped-Logo-Name-City-blanc2.png\",\"width\":1492,\"height\":537,\"caption\":\"Name City\"},\"image\":{\"@id\":\"https:\/\/name-city.fr\/#\/schema\/logo\/image\/\"},\"sameAs\":[\"https:\/\/www.linkedin.com\/company\/3034367\/admin\/\"]}]}<\/script>\n<!-- \/ Yoast SEO plugin. -->","yoast_head_json":{"title":"ROI - NAME CITY - Agence de cr\u00e9ation de noms et de contenus","description":"Le retour sur investissement du naming Name City est facile \u00e0 mesurer","robots":{"index":"index","follow":"follow","max-snippet":"max-snippet:-1","max-image-preview":"max-image-preview:large","max-video-preview":"max-video-preview:-1"},"canonical":"https:\/\/name-city.fr\/index.php\/creation-nom-de-marque-roi\/","og_locale":"fr_FR","og_type":"article","og_title":"ROI - NAME CITY - Agence de cr\u00e9ation de noms et de contenus","og_description":"Le retour sur investissement du naming Name City est facile \u00e0 mesurer","og_url":"https:\/\/name-city.fr\/index.php\/creation-nom-de-marque-roi\/","og_site_name":"NAME CITY - Agence de cr\u00e9ation de noms et de contenus","article_modified_time":"2024-12-01T14:20:58+00:00","twitter_card":"summary_large_image","twitter_misc":{"Dur\u00e9e de lecture estim\u00e9e":"2 minutes"},"schema":{"@context":"https:\/\/schema.org","@graph":[{"@type":"WebPage","@id":"https:\/\/name-city.fr\/index.php\/creation-nom-de-marque-roi\/","url":"https:\/\/name-city.fr\/index.php\/creation-nom-de-marque-roi\/","name":"ROI - NAME CITY - Agence de cr\u00e9ation de noms et de contenus","isPartOf":{"@id":"https:\/\/name-city.fr\/#website"},"datePublished":"2017-03-08T14:40:50+00:00","dateModified":"2024-12-01T14:20:58+00:00","description":"Le retour sur investissement du naming Name City est facile \u00e0 mesurer","breadcrumb":{"@id":"https:\/\/name-city.fr\/index.php\/creation-nom-de-marque-roi\/#breadcrumb"},"inLanguage":"fr-FR","potentialAction":[{"@type":"ReadAction","target":["https:\/\/name-city.fr\/index.php\/creation-nom-de-marque-roi\/"]}]},{"@type":"BreadcrumbList","@id":"https:\/\/name-city.fr\/index.php\/creation-nom-de-marque-roi\/#breadcrumb","itemListElement":[{"@type":"ListItem","position":1,"name":"Accueil","item":"https:\/\/name-city.fr\/"},{"@type":"ListItem","position":2,"name":"ROI"}]},{"@type":"WebSite","@id":"https:\/\/name-city.fr\/#website","url":"https:\/\/name-city.fr\/","name":"NAME CITY - Agence de cr\u00e9ation de noms et de contenus","description":"","publisher":{"@id":"https:\/\/name-city.fr\/#organization"},"potentialAction":[{"@type":"SearchAction","target":{"@type":"EntryPoint","urlTemplate":"https:\/\/name-city.fr\/?s={search_term_string}"},"query-input":{"@type":"PropertyValueSpecification","valueRequired":true,"valueName":"search_term_string"}}],"inLanguage":"fr-FR"},{"@type":"Organization","@id":"https:\/\/name-city.fr\/#organization","name":"Name City","url":"https:\/\/name-city.fr\/","logo":{"@type":"ImageObject","inLanguage":"fr-FR","@id":"https:\/\/name-city.fr\/#\/schema\/logo\/image\/","url":"https:\/\/name-city.fr\/wp-content\/uploads\/cropped-Logo-Name-City-blanc2.png","contentUrl":"https:\/\/name-city.fr\/wp-content\/uploads\/cropped-Logo-Name-City-blanc2.png","width":1492,"height":537,"caption":"Name City"},"image":{"@id":"https:\/\/name-city.fr\/#\/schema\/logo\/image\/"},"sameAs":["https:\/\/www.linkedin.com\/company\/3034367\/admin\/"]}]}},"_links":{"self":[{"href":"https:\/\/name-city.fr\/index.php\/wp-json\/wp\/v2\/pages\/540","targetHints":{"allow":["GET"]}}],"collection":[{"href":"https:\/\/name-city.fr\/index.php\/wp-json\/wp\/v2\/pages"}],"about":[{"href":"https:\/\/name-city.fr\/index.php\/wp-json\/wp\/v2\/types\/page"}],"author":[{"embeddable":true,"href":"https:\/\/name-city.fr\/index.php\/wp-json\/wp\/v2\/users\/1"}],"replies":[{"embeddable":true,"href":"https:\/\/name-city.fr\/index.php\/wp-json\/wp\/v2\/comments?post=540"}],"version-history":[{"count":37,"href":"https:\/\/name-city.fr\/index.php\/wp-json\/wp\/v2\/pages\/540\/revisions"}],"predecessor-version":[{"id":3610,"href":"https:\/\/name-city.fr\/index.php\/wp-json\/wp\/v2\/pages\/540\/revisions\/3610"}],"wp:attachment":[{"href":"https:\/\/name-city.fr\/index.php\/wp-json\/wp\/v2\/media?parent=540"}],"curies":[{"name":"wp","href":"https:\/\/api.w.org\/{rel}","templated":true}]}}