{"id":50,"date":"2017-02-21T11:51:54","date_gmt":"2017-02-21T10:51:54","guid":{"rendered":"https:\/\/www.name-city.fr\/?page_id=50"},"modified":"2021-09-03T17:45:51","modified_gmt":"2021-09-03T15:45:51","slug":"dernieres-creations","status":"publish","type":"page","link":"https:\/\/name-city.fr\/index.php\/dernieres-creations\/","title":{"rendered":"r\u00e9f\u00e9rences naming"},"content":{"rendered":"","protected":false},"excerpt":{"rendered":"","protected":false},"author":1,"featured_media":0,"parent":0,"menu_order":0,"comment_status":"closed","ping_status":"closed","template":"","meta":{"footnotes":""},"class_list":["post-50","page","type-page","status-publish","hentry"],"yoast_head":"<!-- This site is optimized with the Yoast SEO plugin v23.9 - https:\/\/yoast.com\/wordpress\/plugins\/seo\/ -->\n<title>Agence de naming \u00e0 Paris - Cr\u00e9ation de noms, cr\u00e9ation de marque<\/title>\n<meta name=\"description\" content=\"Agence de naming pour trouver ou cr\u00e9er le nom de son entreprise ou de sa soci\u00e9t\u00e9. Le leader en naming et cr\u00e9ation de nom des grandes marques et produit \u00e0 Paris.\" \/>\n<meta name=\"robots\" content=\"index, follow, max-snippet:-1, max-image-preview:large, max-video-preview:-1\" \/>\n<link rel=\"canonical\" href=\"https:\/\/name-city.fr\/index.php\/dernieres-creations\/\" \/>\n<meta property=\"og:locale\" content=\"fr_FR\" \/>\n<meta property=\"og:type\" content=\"article\" \/>\n<meta property=\"og:title\" content=\"Agence de naming \u00e0 Paris - Cr\u00e9ation de noms, cr\u00e9ation de marque\" \/>\n<meta property=\"og:description\" content=\"Agence de naming pour trouver ou cr\u00e9er le nom de son entreprise ou de sa soci\u00e9t\u00e9. Le leader en naming et cr\u00e9ation de nom des grandes marques et produit \u00e0 Paris.\" \/>\n<meta property=\"og:url\" content=\"https:\/\/name-city.fr\/index.php\/dernieres-creations\/\" \/>\n<meta property=\"og:site_name\" content=\"NAME CITY - Agence de cr\u00e9ation de noms et de contenus\" \/>\n<meta property=\"article:modified_time\" content=\"2021-09-03T15:45:51+00:00\" \/>\n<meta name=\"twitter:card\" content=\"summary_large_image\" \/>\n<script type=\"application\/ld+json\" class=\"yoast-schema-graph\">{\"@context\":\"https:\/\/schema.org\",\"@graph\":[{\"@type\":\"WebPage\",\"@id\":\"https:\/\/name-city.fr\/index.php\/dernieres-creations\/\",\"url\":\"https:\/\/name-city.fr\/index.php\/dernieres-creations\/\",\"name\":\"Agence de naming \u00e0 Paris - Cr\u00e9ation de noms, cr\u00e9ation de marque\",\"isPartOf\":{\"@id\":\"https:\/\/name-city.fr\/#website\"},\"datePublished\":\"2017-02-21T10:51:54+00:00\",\"dateModified\":\"2021-09-03T15:45:51+00:00\",\"description\":\"Agence de naming pour trouver ou cr\u00e9er le nom de son entreprise ou de sa soci\u00e9t\u00e9. Le leader en naming et cr\u00e9ation de nom des grandes marques et produit \u00e0 Paris.\",\"breadcrumb\":{\"@id\":\"https:\/\/name-city.fr\/index.php\/dernieres-creations\/#breadcrumb\"},\"inLanguage\":\"fr-FR\",\"potentialAction\":[{\"@type\":\"ReadAction\",\"target\":[\"https:\/\/name-city.fr\/index.php\/dernieres-creations\/\"]}]},{\"@type\":\"BreadcrumbList\",\"@id\":\"https:\/\/name-city.fr\/index.php\/dernieres-creations\/#breadcrumb\",\"itemListElement\":[{\"@type\":\"ListItem\",\"position\":1,\"name\":\"Accueil\",\"item\":\"https:\/\/name-city.fr\/\"},{\"@type\":\"ListItem\",\"position\":2,\"name\":\"r\u00e9f\u00e9rences naming\"}]},{\"@type\":\"WebSite\",\"@id\":\"https:\/\/name-city.fr\/#website\",\"url\":\"https:\/\/name-city.fr\/\",\"name\":\"NAME CITY - Agence de cr\u00e9ation de noms et de contenus\",\"description\":\"\",\"publisher\":{\"@id\":\"https:\/\/name-city.fr\/#organization\"},\"potentialAction\":[{\"@type\":\"SearchAction\",\"target\":{\"@type\":\"EntryPoint\",\"urlTemplate\":\"https:\/\/name-city.fr\/?s={search_term_string}\"},\"query-input\":{\"@type\":\"PropertyValueSpecification\",\"valueRequired\":true,\"valueName\":\"search_term_string\"}}],\"inLanguage\":\"fr-FR\"},{\"@type\":\"Organization\",\"@id\":\"https:\/\/name-city.fr\/#organization\",\"name\":\"Name City\",\"url\":\"https:\/\/name-city.fr\/\",\"logo\":{\"@type\":\"ImageObject\",\"inLanguage\":\"fr-FR\",\"@id\":\"https:\/\/name-city.fr\/#\/schema\/logo\/image\/\",\"url\":\"https:\/\/name-city.fr\/wp-content\/uploads\/cropped-Logo-Name-City-blanc2.png\",\"contentUrl\":\"https:\/\/name-city.fr\/wp-content\/uploads\/cropped-Logo-Name-City-blanc2.png\",\"width\":1492,\"height\":537,\"caption\":\"Name City\"},\"image\":{\"@id\":\"https:\/\/name-city.fr\/#\/schema\/logo\/image\/\"},\"sameAs\":[\"https:\/\/www.linkedin.com\/company\/3034367\/admin\/\"]}]}<\/script>\n<!-- \/ Yoast SEO plugin. -->","yoast_head_json":{"title":"Agence de naming \u00e0 Paris - Cr\u00e9ation de noms, cr\u00e9ation de marque","description":"Agence de naming pour trouver ou cr\u00e9er le nom de son entreprise ou de sa soci\u00e9t\u00e9. Le leader en naming et cr\u00e9ation de nom des grandes marques et produit \u00e0 Paris.","robots":{"index":"index","follow":"follow","max-snippet":"max-snippet:-1","max-image-preview":"max-image-preview:large","max-video-preview":"max-video-preview:-1"},"canonical":"https:\/\/name-city.fr\/index.php\/dernieres-creations\/","og_locale":"fr_FR","og_type":"article","og_title":"Agence de naming \u00e0 Paris - Cr\u00e9ation de noms, cr\u00e9ation de marque","og_description":"Agence de naming pour trouver ou cr\u00e9er le nom de son entreprise ou de sa soci\u00e9t\u00e9. Le leader en naming et cr\u00e9ation de nom des grandes marques et produit \u00e0 Paris.","og_url":"https:\/\/name-city.fr\/index.php\/dernieres-creations\/","og_site_name":"NAME CITY - Agence de cr\u00e9ation de noms et de contenus","article_modified_time":"2021-09-03T15:45:51+00:00","twitter_card":"summary_large_image","schema":{"@context":"https:\/\/schema.org","@graph":[{"@type":"WebPage","@id":"https:\/\/name-city.fr\/index.php\/dernieres-creations\/","url":"https:\/\/name-city.fr\/index.php\/dernieres-creations\/","name":"Agence de naming \u00e0 Paris - Cr\u00e9ation de noms, cr\u00e9ation de marque","isPartOf":{"@id":"https:\/\/name-city.fr\/#website"},"datePublished":"2017-02-21T10:51:54+00:00","dateModified":"2021-09-03T15:45:51+00:00","description":"Agence de naming pour trouver ou cr\u00e9er le nom de son entreprise ou de sa soci\u00e9t\u00e9. Le leader en naming et cr\u00e9ation de nom des grandes marques et produit \u00e0 Paris.","breadcrumb":{"@id":"https:\/\/name-city.fr\/index.php\/dernieres-creations\/#breadcrumb"},"inLanguage":"fr-FR","potentialAction":[{"@type":"ReadAction","target":["https:\/\/name-city.fr\/index.php\/dernieres-creations\/"]}]},{"@type":"BreadcrumbList","@id":"https:\/\/name-city.fr\/index.php\/dernieres-creations\/#breadcrumb","itemListElement":[{"@type":"ListItem","position":1,"name":"Accueil","item":"https:\/\/name-city.fr\/"},{"@type":"ListItem","position":2,"name":"r\u00e9f\u00e9rences naming"}]},{"@type":"WebSite","@id":"https:\/\/name-city.fr\/#website","url":"https:\/\/name-city.fr\/","name":"NAME CITY - Agence de cr\u00e9ation de noms et de contenus","description":"","publisher":{"@id":"https:\/\/name-city.fr\/#organization"},"potentialAction":[{"@type":"SearchAction","target":{"@type":"EntryPoint","urlTemplate":"https:\/\/name-city.fr\/?s={search_term_string}"},"query-input":{"@type":"PropertyValueSpecification","valueRequired":true,"valueName":"search_term_string"}}],"inLanguage":"fr-FR"},{"@type":"Organization","@id":"https:\/\/name-city.fr\/#organization","name":"Name City","url":"https:\/\/name-city.fr\/","logo":{"@type":"ImageObject","inLanguage":"fr-FR","@id":"https:\/\/name-city.fr\/#\/schema\/logo\/image\/","url":"https:\/\/name-city.fr\/wp-content\/uploads\/cropped-Logo-Name-City-blanc2.png","contentUrl":"https:\/\/name-city.fr\/wp-content\/uploads\/cropped-Logo-Name-City-blanc2.png","width":1492,"height":537,"caption":"Name City"},"image":{"@id":"https:\/\/name-city.fr\/#\/schema\/logo\/image\/"},"sameAs":["https:\/\/www.linkedin.com\/company\/3034367\/admin\/"]}]}},"_links":{"self":[{"href":"https:\/\/name-city.fr\/index.php\/wp-json\/wp\/v2\/pages\/50","targetHints":{"allow":["GET"]}}],"collection":[{"href":"https:\/\/name-city.fr\/index.php\/wp-json\/wp\/v2\/pages"}],"about":[{"href":"https:\/\/name-city.fr\/index.php\/wp-json\/wp\/v2\/types\/page"}],"author":[{"embeddable":true,"href":"https:\/\/name-city.fr\/index.php\/wp-json\/wp\/v2\/users\/1"}],"replies":[{"embeddable":true,"href":"https:\/\/name-city.fr\/index.php\/wp-json\/wp\/v2\/comments?post=50"}],"version-history":[{"count":6,"href":"https:\/\/name-city.fr\/index.php\/wp-json\/wp\/v2\/pages\/50\/revisions"}],"predecessor-version":[{"id":2314,"href":"https:\/\/name-city.fr\/index.php\/wp-json\/wp\/v2\/pages\/50\/revisions\/2314"}],"wp:attachment":[{"href":"https:\/\/name-city.fr\/index.php\/wp-json\/wp\/v2\/media?parent=50"}],"curies":[{"name":"wp","href":"https:\/\/api.w.org\/{rel}","templated":true}]}}