{"id":3077,"date":"2021-09-30T16:23:58","date_gmt":"2021-09-30T14:23:58","guid":{"rendered":"https:\/\/www.name-city.fr\/?page_id=3077"},"modified":"2023-03-31T19:41:50","modified_gmt":"2023-03-31T17:41:50","slug":"unofficial","status":"publish","type":"page","link":"https:\/\/name-city.fr\/index.php\/success-stories\/unofficial\/","title":{"rendered":"Unofficial"},"content":{"rendered":"<h5 id=\"subtitle\">Solaris<\/h5>\n<h4>Unofficial<\/h4>\n<div id=\"text_container\">\n<div class=\"jspContainer\">\n<div class=\"jspPane\">\n<p id=\"chapo\">Un nom et des lunettes de soleil qui n\u2019ont pas manqu\u00e9 de faire le buzz sur les r\u00e9seaux sociaux<\/p>\n<p>Lorsque le distributeur de lunettes de soleil Solaris d\u00e9cide de lancer sa propre marque, le brief est clair\u00a0: le nom doit \u00e0 la fois refl\u00e9ter un univers trendy et amusant, mettre en lumi\u00e8re la qualit\u00e9 de d\u00e9nicheur de tendances de Solaris et \u00eatre un support de marketing viral\u2026 Mission accomplie avec Unofficial, un nom international qui exprime le d\u00e9calage et la cr\u00e9ativit\u00e9 d\u00e9brid\u00e9e des jeunes designers qui ont particip\u00e9 de fa\u00e7on collaborative \u00e0 la cr\u00e9ation de la collection. Un nom et des lunettes de soleil qui n\u2019ont pas manqu\u00e9 de faire le buzz sur les r\u00e9seaux sociaux aupr\u00e8s de tous les passionn\u00e9s de mode et de nouvelles tendances.<\/p>\n<\/div>\n<\/div>\n<\/div>\n","protected":false},"excerpt":{"rendered":"<p>Solaris Unofficial Un nom et des lunettes de soleil qui n&rsquo;ont pas manqu&eacute; de faire le buzz sur les r&eacute;seaux sociaux Lorsque le distributeur de lunettes de soleil Solaris d&eacute;cide de lancer sa propre marque, le brief est clair&nbsp;: le nom doit &agrave; la fois refl&eacute;ter un univers trendy et amusant, mettre en lumi&egrave;re la [&hellip;]<\/p>\n","protected":false},"author":1,"featured_media":0,"parent":3081,"menu_order":3,"comment_status":"closed","ping_status":"closed","template":"","meta":{"footnotes":""},"class_list":["post-3077","page","type-page","status-publish","hentry"],"yoast_head":"<!-- This site is optimized with the Yoast SEO plugin v23.9 - https:\/\/yoast.com\/wordpress\/plugins\/seo\/ -->\n<title>Unofficial - NAME CITY - Agence de cr\u00e9ation de noms et de contenus<\/title>\n<meta name=\"description\" content=\"Un nom et des lunettes de soleil qui n\u2019ont pas manqu\u00e9 de faire le buzz sur les r\u00e9seaux sociauxLorsque le distributeur de lunettes de soleil Solaris d\u00e9cide de lancer sa propre marque, le brief est clair\u00a0: le nom doit \u00e0 la fois refl\u00e9ter un univers trendy et amusant, mettre en lumi\u00e8re la qualit\u00e9 de d\u00e9nicheur de tendances de Solaris et \u00eatre un support de marketing viral\u2026\" \/>\n<meta name=\"robots\" content=\"index, follow, max-snippet:-1, max-image-preview:large, max-video-preview:-1\" \/>\n<link rel=\"canonical\" href=\"https:\/\/name-city.fr\/index.php\/success-stories\/unofficial\/\" \/>\n<meta property=\"og:locale\" content=\"fr_FR\" \/>\n<meta property=\"og:type\" content=\"article\" \/>\n<meta property=\"og:title\" content=\"Unofficial - NAME CITY - Agence de cr\u00e9ation de noms et de contenus\" \/>\n<meta property=\"og:description\" content=\"Un nom et des lunettes de soleil qui n\u2019ont pas manqu\u00e9 de faire le buzz sur les r\u00e9seaux sociauxLorsque le distributeur de lunettes de soleil Solaris d\u00e9cide de lancer sa propre marque, le brief est clair\u00a0: le nom doit \u00e0 la fois refl\u00e9ter un univers trendy et amusant, mettre en lumi\u00e8re la qualit\u00e9 de d\u00e9nicheur de tendances de Solaris et \u00eatre un support de marketing viral\u2026\" \/>\n<meta property=\"og:url\" content=\"https:\/\/name-city.fr\/index.php\/success-stories\/unofficial\/\" \/>\n<meta property=\"og:site_name\" content=\"NAME CITY - Agence de cr\u00e9ation de noms et de contenus\" \/>\n<meta property=\"article:modified_time\" content=\"2023-03-31T17:41:50+00:00\" \/>\n<meta name=\"twitter:card\" content=\"summary_large_image\" \/>\n<meta name=\"twitter:label1\" content=\"Dur\u00e9e de lecture estim\u00e9e\" \/>\n\t<meta name=\"twitter:data1\" content=\"1 minute\" \/>\n<script type=\"application\/ld+json\" class=\"yoast-schema-graph\">{\"@context\":\"https:\/\/schema.org\",\"@graph\":[{\"@type\":\"WebPage\",\"@id\":\"https:\/\/name-city.fr\/index.php\/success-stories\/unofficial\/\",\"url\":\"https:\/\/name-city.fr\/index.php\/success-stories\/unofficial\/\",\"name\":\"Unofficial - NAME CITY - Agence de cr\u00e9ation de noms et de contenus\",\"isPartOf\":{\"@id\":\"https:\/\/name-city.fr\/#website\"},\"datePublished\":\"2021-09-30T14:23:58+00:00\",\"dateModified\":\"2023-03-31T17:41:50+00:00\",\"description\":\"Un nom et des lunettes de soleil qui n\u2019ont pas manqu\u00e9 de faire le buzz sur les r\u00e9seaux sociauxLorsque le distributeur de lunettes de soleil Solaris d\u00e9cide de lancer sa propre marque, le brief est clair\u00a0: le nom doit \u00e0 la fois refl\u00e9ter un univers trendy et amusant, mettre en lumi\u00e8re la qualit\u00e9 de d\u00e9nicheur de tendances de Solaris et \u00eatre un support de marketing viral\u2026\",\"breadcrumb\":{\"@id\":\"https:\/\/name-city.fr\/index.php\/success-stories\/unofficial\/#breadcrumb\"},\"inLanguage\":\"fr-FR\",\"potentialAction\":[{\"@type\":\"ReadAction\",\"target\":[\"https:\/\/name-city.fr\/index.php\/success-stories\/unofficial\/\"]}]},{\"@type\":\"BreadcrumbList\",\"@id\":\"https:\/\/name-city.fr\/index.php\/success-stories\/unofficial\/#breadcrumb\",\"itemListElement\":[{\"@type\":\"ListItem\",\"position\":1,\"name\":\"Accueil\",\"item\":\"https:\/\/name-city.fr\/\"},{\"@type\":\"ListItem\",\"position\":2,\"name\":\"Success Stories\",\"item\":\"https:\/\/name-city.fr\/index.php\/success-stories\/\"},{\"@type\":\"ListItem\",\"position\":3,\"name\":\"Unofficial\"}]},{\"@type\":\"WebSite\",\"@id\":\"https:\/\/name-city.fr\/#website\",\"url\":\"https:\/\/name-city.fr\/\",\"name\":\"NAME CITY - Agence de cr\u00e9ation de noms et de contenus\",\"description\":\"\",\"publisher\":{\"@id\":\"https:\/\/name-city.fr\/#organization\"},\"potentialAction\":[{\"@type\":\"SearchAction\",\"target\":{\"@type\":\"EntryPoint\",\"urlTemplate\":\"https:\/\/name-city.fr\/?s={search_term_string}\"},\"query-input\":{\"@type\":\"PropertyValueSpecification\",\"valueRequired\":true,\"valueName\":\"search_term_string\"}}],\"inLanguage\":\"fr-FR\"},{\"@type\":\"Organization\",\"@id\":\"https:\/\/name-city.fr\/#organization\",\"name\":\"Name City\",\"url\":\"https:\/\/name-city.fr\/\",\"logo\":{\"@type\":\"ImageObject\",\"inLanguage\":\"fr-FR\",\"@id\":\"https:\/\/name-city.fr\/#\/schema\/logo\/image\/\",\"url\":\"https:\/\/name-city.fr\/wp-content\/uploads\/cropped-Logo-Name-City-blanc2.png\",\"contentUrl\":\"https:\/\/name-city.fr\/wp-content\/uploads\/cropped-Logo-Name-City-blanc2.png\",\"width\":1492,\"height\":537,\"caption\":\"Name City\"},\"image\":{\"@id\":\"https:\/\/name-city.fr\/#\/schema\/logo\/image\/\"},\"sameAs\":[\"https:\/\/www.linkedin.com\/company\/3034367\/admin\/\"]}]}<\/script>\n<!-- \/ Yoast SEO plugin. -->","yoast_head_json":{"title":"Unofficial - NAME CITY - Agence de cr\u00e9ation de noms et de contenus","description":"Un nom et des lunettes de soleil qui n\u2019ont pas manqu\u00e9 de faire le buzz sur les r\u00e9seaux sociauxLorsque le distributeur de lunettes de soleil Solaris d\u00e9cide de lancer sa propre marque, le brief est clair\u00a0: le nom doit \u00e0 la fois refl\u00e9ter un univers trendy et amusant, mettre en lumi\u00e8re la qualit\u00e9 de d\u00e9nicheur de tendances de Solaris et \u00eatre un support de marketing viral\u2026","robots":{"index":"index","follow":"follow","max-snippet":"max-snippet:-1","max-image-preview":"max-image-preview:large","max-video-preview":"max-video-preview:-1"},"canonical":"https:\/\/name-city.fr\/index.php\/success-stories\/unofficial\/","og_locale":"fr_FR","og_type":"article","og_title":"Unofficial - NAME CITY - Agence de cr\u00e9ation de noms et de contenus","og_description":"Un nom et des lunettes de soleil qui n\u2019ont pas manqu\u00e9 de faire le buzz sur les r\u00e9seaux sociauxLorsque le distributeur de lunettes de soleil Solaris d\u00e9cide de lancer sa propre marque, le brief est clair\u00a0: le nom doit \u00e0 la fois refl\u00e9ter un univers trendy et amusant, mettre en lumi\u00e8re la qualit\u00e9 de d\u00e9nicheur de tendances de Solaris et \u00eatre un support de marketing viral\u2026","og_url":"https:\/\/name-city.fr\/index.php\/success-stories\/unofficial\/","og_site_name":"NAME CITY - Agence de cr\u00e9ation de noms et de contenus","article_modified_time":"2023-03-31T17:41:50+00:00","twitter_card":"summary_large_image","twitter_misc":{"Dur\u00e9e de lecture estim\u00e9e":"1 minute"},"schema":{"@context":"https:\/\/schema.org","@graph":[{"@type":"WebPage","@id":"https:\/\/name-city.fr\/index.php\/success-stories\/unofficial\/","url":"https:\/\/name-city.fr\/index.php\/success-stories\/unofficial\/","name":"Unofficial - NAME CITY - Agence de cr\u00e9ation de noms et de contenus","isPartOf":{"@id":"https:\/\/name-city.fr\/#website"},"datePublished":"2021-09-30T14:23:58+00:00","dateModified":"2023-03-31T17:41:50+00:00","description":"Un nom et des lunettes de soleil qui n\u2019ont pas manqu\u00e9 de faire le buzz sur les r\u00e9seaux sociauxLorsque le distributeur de lunettes de soleil Solaris d\u00e9cide de lancer sa propre marque, le brief est clair\u00a0: le nom doit \u00e0 la fois refl\u00e9ter un univers trendy et amusant, mettre en lumi\u00e8re la qualit\u00e9 de d\u00e9nicheur de tendances de Solaris et \u00eatre un support de marketing viral\u2026","breadcrumb":{"@id":"https:\/\/name-city.fr\/index.php\/success-stories\/unofficial\/#breadcrumb"},"inLanguage":"fr-FR","potentialAction":[{"@type":"ReadAction","target":["https:\/\/name-city.fr\/index.php\/success-stories\/unofficial\/"]}]},{"@type":"BreadcrumbList","@id":"https:\/\/name-city.fr\/index.php\/success-stories\/unofficial\/#breadcrumb","itemListElement":[{"@type":"ListItem","position":1,"name":"Accueil","item":"https:\/\/name-city.fr\/"},{"@type":"ListItem","position":2,"name":"Success Stories","item":"https:\/\/name-city.fr\/index.php\/success-stories\/"},{"@type":"ListItem","position":3,"name":"Unofficial"}]},{"@type":"WebSite","@id":"https:\/\/name-city.fr\/#website","url":"https:\/\/name-city.fr\/","name":"NAME CITY - Agence de cr\u00e9ation de noms et de contenus","description":"","publisher":{"@id":"https:\/\/name-city.fr\/#organization"},"potentialAction":[{"@type":"SearchAction","target":{"@type":"EntryPoint","urlTemplate":"https:\/\/name-city.fr\/?s={search_term_string}"},"query-input":{"@type":"PropertyValueSpecification","valueRequired":true,"valueName":"search_term_string"}}],"inLanguage":"fr-FR"},{"@type":"Organization","@id":"https:\/\/name-city.fr\/#organization","name":"Name City","url":"https:\/\/name-city.fr\/","logo":{"@type":"ImageObject","inLanguage":"fr-FR","@id":"https:\/\/name-city.fr\/#\/schema\/logo\/image\/","url":"https:\/\/name-city.fr\/wp-content\/uploads\/cropped-Logo-Name-City-blanc2.png","contentUrl":"https:\/\/name-city.fr\/wp-content\/uploads\/cropped-Logo-Name-City-blanc2.png","width":1492,"height":537,"caption":"Name City"},"image":{"@id":"https:\/\/name-city.fr\/#\/schema\/logo\/image\/"},"sameAs":["https:\/\/www.linkedin.com\/company\/3034367\/admin\/"]}]}},"_links":{"self":[{"href":"https:\/\/name-city.fr\/index.php\/wp-json\/wp\/v2\/pages\/3077","targetHints":{"allow":["GET"]}}],"collection":[{"href":"https:\/\/name-city.fr\/index.php\/wp-json\/wp\/v2\/pages"}],"about":[{"href":"https:\/\/name-city.fr\/index.php\/wp-json\/wp\/v2\/types\/page"}],"author":[{"embeddable":true,"href":"https:\/\/name-city.fr\/index.php\/wp-json\/wp\/v2\/users\/1"}],"replies":[{"embeddable":true,"href":"https:\/\/name-city.fr\/index.php\/wp-json\/wp\/v2\/comments?post=3077"}],"version-history":[{"count":2,"href":"https:\/\/name-city.fr\/index.php\/wp-json\/wp\/v2\/pages\/3077\/revisions"}],"predecessor-version":[{"id":3090,"href":"https:\/\/name-city.fr\/index.php\/wp-json\/wp\/v2\/pages\/3077\/revisions\/3090"}],"up":[{"embeddable":true,"href":"https:\/\/name-city.fr\/index.php\/wp-json\/wp\/v2\/pages\/3081"}],"wp:attachment":[{"href":"https:\/\/name-city.fr\/index.php\/wp-json\/wp\/v2\/media?parent=3077"}],"curies":[{"name":"wp","href":"https:\/\/api.w.org\/{rel}","templated":true}]}}