{"id":3073,"date":"2021-09-30T16:18:30","date_gmt":"2021-09-30T14:18:30","guid":{"rendered":"https:\/\/www.name-city.fr\/?page_id=3073"},"modified":"2023-03-31T19:40:33","modified_gmt":"2023-03-31T17:40:33","slug":"success-story-phenomeneyes","status":"publish","type":"page","link":"https:\/\/name-city.fr\/index.php\/success-stories\/success-story-phenomeneyes\/","title":{"rendered":"Phenomen&rsquo;Eyes"},"content":{"rendered":"<h5 id=\"subtitle\">Givenchy<\/h5>\n<h4>Phenomen&rsquo;Eyes<\/h4>\n<div id=\"text_container\" class=\"jspScrollable\" tabindex=\"0\">\n<div class=\"jspContainer\">\n<div class=\"jspPane\">\n<p id=\"chapo\">L&rsquo;histoire d&rsquo;un ph\u00e9nom\u00e8ne dans l&rsquo;univers du mascara<\/p>\n<p>Givenchy lance une petite bombe avec une petite boule r\u00e9volutionnaire qui recourbe les cils \u00e0 l\u2019infini. Num\u00e9ro 1 des ventes de mascaras en France dans le r\u00e9seau Sephora, l\u2019enseigne sp\u00e9cialiste de la beaut\u00e9 l\u2019utilise pour une campagne presse en co-branding.<\/p>\n<p>Devenu un ph\u00e9nom\u00e8ne des ventes, Phenomen\u2019Eyes est aussi le h\u00e9ros d\u2019une campagne d\u2019affichage urbain pour Givenchy le Make Up&#8230;<\/p>\n<p>La r\u00e9ussite de Phenomen\u2019Eyes d\u00e9passe m\u00eame les fronti\u00e8res : \u00e0 sa sortie, aux Etats-Unis, de peur de passer \u00e0 c\u00f4t\u00e9, les femmes s\u2019inscrivent sur des listes d\u2019attente dans des points de vente d\u00e9j\u00e0 en rupture !<\/p>\n<p>Un succ\u00e8s salu\u00e9 dans le rapport annuel de LVMH qui souligne : \u00ab En ce qui concerne l\u2019axe cosm\u00e9tique, Parfums Givenchy a b\u00e9n\u00e9fici\u00e9 du tr\u00e8s grand succ\u00e8s du nouveau mascara Phenomen\u2019Eye \u00bb avec une progression des ventes de 10 % pour la marque Givenchy.<\/p>\n<\/div>\n<\/div>\n<\/div>\n","protected":false},"excerpt":{"rendered":"<p>Givenchy Phenomen&rsquo;Eyes L&rsquo;histoire d&rsquo;un ph&eacute;nom&egrave;ne dans l&rsquo;univers du mascara Givenchy lance une petite bombe avec une petite boule r&eacute;volutionnaire qui recourbe les cils &agrave; l&rsquo;infini. Num&eacute;ro 1 des ventes de mascaras en France dans le r&eacute;seau Sephora, l&rsquo;enseigne sp&eacute;cialiste de la beaut&eacute; l&rsquo;utilise pour une campagne presse en co-branding. Devenu un ph&eacute;nom&egrave;ne des ventes, Phenomen&rsquo;Eyes [&hellip;]<\/p>\n","protected":false},"author":1,"featured_media":0,"parent":3081,"menu_order":2,"comment_status":"closed","ping_status":"closed","template":"","meta":{"footnotes":""},"class_list":["post-3073","page","type-page","status-publish","hentry"],"yoast_head":"<!-- This site is optimized with the Yoast SEO plugin v23.9 - https:\/\/yoast.com\/wordpress\/plugins\/seo\/ -->\n<title>Phenomen&#039;Eyes - NAME CITY - Agence de cr\u00e9ation de noms et de contenus<\/title>\n<meta name=\"description\" content=\"L&#039;histoire d&#039;un ph\u00e9nom\u00e8ne dans l&#039;univers du mascaraGivenchy lance une petite bombe avec une petite boule r\u00e9volutionnaire qui recourbe les cils \u00e0 l\u2019infini. Num\u00e9ro 1 des ventes de mascaras en France dans le r\u00e9seau Sephora, l\u2019enseigne sp\u00e9cialiste de la beaut\u00e9 l\u2019utilise pour une campagne presse en co-branding.Devenu un ph\u00e9nom\u00e8ne des ventes, Phenomen\u2019Eyes est aussi le h\u00e9ros d\u2019une campagne d\u2019affichage urbain pour Givenchy le Make Up...\" \/>\n<meta name=\"robots\" content=\"index, follow, max-snippet:-1, max-image-preview:large, max-video-preview:-1\" \/>\n<link rel=\"canonical\" href=\"https:\/\/name-city.fr\/index.php\/success-stories\/success-story-phenomeneyes\/\" \/>\n<meta property=\"og:locale\" content=\"fr_FR\" \/>\n<meta property=\"og:type\" content=\"article\" \/>\n<meta property=\"og:title\" content=\"Phenomen&#039;Eyes - NAME CITY - Agence de cr\u00e9ation de noms et de contenus\" \/>\n<meta property=\"og:description\" content=\"L&#039;histoire d&#039;un ph\u00e9nom\u00e8ne dans l&#039;univers du mascaraGivenchy lance une petite bombe avec une petite boule r\u00e9volutionnaire qui recourbe les cils \u00e0 l\u2019infini. Num\u00e9ro 1 des ventes de mascaras en France dans le r\u00e9seau Sephora, l\u2019enseigne sp\u00e9cialiste de la beaut\u00e9 l\u2019utilise pour une campagne presse en co-branding.Devenu un ph\u00e9nom\u00e8ne des ventes, Phenomen\u2019Eyes est aussi le h\u00e9ros d\u2019une campagne d\u2019affichage urbain pour Givenchy le Make Up...\" \/>\n<meta property=\"og:url\" content=\"https:\/\/name-city.fr\/index.php\/success-stories\/success-story-phenomeneyes\/\" \/>\n<meta property=\"og:site_name\" content=\"NAME CITY - Agence de cr\u00e9ation de noms et de contenus\" \/>\n<meta property=\"article:modified_time\" content=\"2023-03-31T17:40:33+00:00\" \/>\n<meta name=\"twitter:card\" content=\"summary_large_image\" \/>\n<meta name=\"twitter:label1\" content=\"Dur\u00e9e de lecture estim\u00e9e\" \/>\n\t<meta name=\"twitter:data1\" content=\"1 minute\" \/>\n<script type=\"application\/ld+json\" class=\"yoast-schema-graph\">{\"@context\":\"https:\/\/schema.org\",\"@graph\":[{\"@type\":\"WebPage\",\"@id\":\"https:\/\/name-city.fr\/index.php\/success-stories\/success-story-phenomeneyes\/\",\"url\":\"https:\/\/name-city.fr\/index.php\/success-stories\/success-story-phenomeneyes\/\",\"name\":\"Phenomen'Eyes - NAME CITY - Agence de cr\u00e9ation de noms et de contenus\",\"isPartOf\":{\"@id\":\"https:\/\/name-city.fr\/#website\"},\"datePublished\":\"2021-09-30T14:18:30+00:00\",\"dateModified\":\"2023-03-31T17:40:33+00:00\",\"description\":\"L'histoire d'un ph\u00e9nom\u00e8ne dans l'univers du mascaraGivenchy lance une petite bombe avec une petite boule r\u00e9volutionnaire qui recourbe les cils \u00e0 l\u2019infini. Num\u00e9ro 1 des ventes de mascaras en France dans le r\u00e9seau Sephora, l\u2019enseigne sp\u00e9cialiste de la beaut\u00e9 l\u2019utilise pour une campagne presse en co-branding.Devenu un ph\u00e9nom\u00e8ne des ventes, Phenomen\u2019Eyes est aussi le h\u00e9ros d\u2019une campagne d\u2019affichage urbain pour Givenchy le Make Up...\",\"breadcrumb\":{\"@id\":\"https:\/\/name-city.fr\/index.php\/success-stories\/success-story-phenomeneyes\/#breadcrumb\"},\"inLanguage\":\"fr-FR\",\"potentialAction\":[{\"@type\":\"ReadAction\",\"target\":[\"https:\/\/name-city.fr\/index.php\/success-stories\/success-story-phenomeneyes\/\"]}]},{\"@type\":\"BreadcrumbList\",\"@id\":\"https:\/\/name-city.fr\/index.php\/success-stories\/success-story-phenomeneyes\/#breadcrumb\",\"itemListElement\":[{\"@type\":\"ListItem\",\"position\":1,\"name\":\"Accueil\",\"item\":\"https:\/\/name-city.fr\/\"},{\"@type\":\"ListItem\",\"position\":2,\"name\":\"Success Stories\",\"item\":\"https:\/\/name-city.fr\/index.php\/success-stories\/\"},{\"@type\":\"ListItem\",\"position\":3,\"name\":\"Phenomen&rsquo;Eyes\"}]},{\"@type\":\"WebSite\",\"@id\":\"https:\/\/name-city.fr\/#website\",\"url\":\"https:\/\/name-city.fr\/\",\"name\":\"NAME CITY - Agence de cr\u00e9ation de noms et de contenus\",\"description\":\"\",\"publisher\":{\"@id\":\"https:\/\/name-city.fr\/#organization\"},\"potentialAction\":[{\"@type\":\"SearchAction\",\"target\":{\"@type\":\"EntryPoint\",\"urlTemplate\":\"https:\/\/name-city.fr\/?s={search_term_string}\"},\"query-input\":{\"@type\":\"PropertyValueSpecification\",\"valueRequired\":true,\"valueName\":\"search_term_string\"}}],\"inLanguage\":\"fr-FR\"},{\"@type\":\"Organization\",\"@id\":\"https:\/\/name-city.fr\/#organization\",\"name\":\"Name City\",\"url\":\"https:\/\/name-city.fr\/\",\"logo\":{\"@type\":\"ImageObject\",\"inLanguage\":\"fr-FR\",\"@id\":\"https:\/\/name-city.fr\/#\/schema\/logo\/image\/\",\"url\":\"https:\/\/name-city.fr\/wp-content\/uploads\/cropped-Logo-Name-City-blanc2.png\",\"contentUrl\":\"https:\/\/name-city.fr\/wp-content\/uploads\/cropped-Logo-Name-City-blanc2.png\",\"width\":1492,\"height\":537,\"caption\":\"Name City\"},\"image\":{\"@id\":\"https:\/\/name-city.fr\/#\/schema\/logo\/image\/\"},\"sameAs\":[\"https:\/\/www.linkedin.com\/company\/3034367\/admin\/\"]}]}<\/script>\n<!-- \/ Yoast SEO plugin. -->","yoast_head_json":{"title":"Phenomen'Eyes - NAME CITY - Agence de cr\u00e9ation de noms et de contenus","description":"L'histoire d'un ph\u00e9nom\u00e8ne dans l'univers du mascaraGivenchy lance une petite bombe avec une petite boule r\u00e9volutionnaire qui recourbe les cils \u00e0 l\u2019infini. Num\u00e9ro 1 des ventes de mascaras en France dans le r\u00e9seau Sephora, l\u2019enseigne sp\u00e9cialiste de la beaut\u00e9 l\u2019utilise pour une campagne presse en co-branding.Devenu un ph\u00e9nom\u00e8ne des ventes, Phenomen\u2019Eyes est aussi le h\u00e9ros d\u2019une campagne d\u2019affichage urbain pour Givenchy le Make Up...","robots":{"index":"index","follow":"follow","max-snippet":"max-snippet:-1","max-image-preview":"max-image-preview:large","max-video-preview":"max-video-preview:-1"},"canonical":"https:\/\/name-city.fr\/index.php\/success-stories\/success-story-phenomeneyes\/","og_locale":"fr_FR","og_type":"article","og_title":"Phenomen'Eyes - NAME CITY - Agence de cr\u00e9ation de noms et de contenus","og_description":"L'histoire d'un ph\u00e9nom\u00e8ne dans l'univers du mascaraGivenchy lance une petite bombe avec une petite boule r\u00e9volutionnaire qui recourbe les cils \u00e0 l\u2019infini. Num\u00e9ro 1 des ventes de mascaras en France dans le r\u00e9seau Sephora, l\u2019enseigne sp\u00e9cialiste de la beaut\u00e9 l\u2019utilise pour une campagne presse en co-branding.Devenu un ph\u00e9nom\u00e8ne des ventes, Phenomen\u2019Eyes est aussi le h\u00e9ros d\u2019une campagne d\u2019affichage urbain pour Givenchy le Make Up...","og_url":"https:\/\/name-city.fr\/index.php\/success-stories\/success-story-phenomeneyes\/","og_site_name":"NAME CITY - Agence de cr\u00e9ation de noms et de contenus","article_modified_time":"2023-03-31T17:40:33+00:00","twitter_card":"summary_large_image","twitter_misc":{"Dur\u00e9e de lecture estim\u00e9e":"1 minute"},"schema":{"@context":"https:\/\/schema.org","@graph":[{"@type":"WebPage","@id":"https:\/\/name-city.fr\/index.php\/success-stories\/success-story-phenomeneyes\/","url":"https:\/\/name-city.fr\/index.php\/success-stories\/success-story-phenomeneyes\/","name":"Phenomen'Eyes - NAME CITY - Agence de cr\u00e9ation de noms et de contenus","isPartOf":{"@id":"https:\/\/name-city.fr\/#website"},"datePublished":"2021-09-30T14:18:30+00:00","dateModified":"2023-03-31T17:40:33+00:00","description":"L'histoire d'un ph\u00e9nom\u00e8ne dans l'univers du mascaraGivenchy lance une petite bombe avec une petite boule r\u00e9volutionnaire qui recourbe les cils \u00e0 l\u2019infini. Num\u00e9ro 1 des ventes de mascaras en France dans le r\u00e9seau Sephora, l\u2019enseigne sp\u00e9cialiste de la beaut\u00e9 l\u2019utilise pour une campagne presse en co-branding.Devenu un ph\u00e9nom\u00e8ne des ventes, Phenomen\u2019Eyes est aussi le h\u00e9ros d\u2019une campagne d\u2019affichage urbain pour Givenchy le Make Up...","breadcrumb":{"@id":"https:\/\/name-city.fr\/index.php\/success-stories\/success-story-phenomeneyes\/#breadcrumb"},"inLanguage":"fr-FR","potentialAction":[{"@type":"ReadAction","target":["https:\/\/name-city.fr\/index.php\/success-stories\/success-story-phenomeneyes\/"]}]},{"@type":"BreadcrumbList","@id":"https:\/\/name-city.fr\/index.php\/success-stories\/success-story-phenomeneyes\/#breadcrumb","itemListElement":[{"@type":"ListItem","position":1,"name":"Accueil","item":"https:\/\/name-city.fr\/"},{"@type":"ListItem","position":2,"name":"Success Stories","item":"https:\/\/name-city.fr\/index.php\/success-stories\/"},{"@type":"ListItem","position":3,"name":"Phenomen&rsquo;Eyes"}]},{"@type":"WebSite","@id":"https:\/\/name-city.fr\/#website","url":"https:\/\/name-city.fr\/","name":"NAME CITY - Agence de cr\u00e9ation de noms et de contenus","description":"","publisher":{"@id":"https:\/\/name-city.fr\/#organization"},"potentialAction":[{"@type":"SearchAction","target":{"@type":"EntryPoint","urlTemplate":"https:\/\/name-city.fr\/?s={search_term_string}"},"query-input":{"@type":"PropertyValueSpecification","valueRequired":true,"valueName":"search_term_string"}}],"inLanguage":"fr-FR"},{"@type":"Organization","@id":"https:\/\/name-city.fr\/#organization","name":"Name City","url":"https:\/\/name-city.fr\/","logo":{"@type":"ImageObject","inLanguage":"fr-FR","@id":"https:\/\/name-city.fr\/#\/schema\/logo\/image\/","url":"https:\/\/name-city.fr\/wp-content\/uploads\/cropped-Logo-Name-City-blanc2.png","contentUrl":"https:\/\/name-city.fr\/wp-content\/uploads\/cropped-Logo-Name-City-blanc2.png","width":1492,"height":537,"caption":"Name City"},"image":{"@id":"https:\/\/name-city.fr\/#\/schema\/logo\/image\/"},"sameAs":["https:\/\/www.linkedin.com\/company\/3034367\/admin\/"]}]}},"_links":{"self":[{"href":"https:\/\/name-city.fr\/index.php\/wp-json\/wp\/v2\/pages\/3073","targetHints":{"allow":["GET"]}}],"collection":[{"href":"https:\/\/name-city.fr\/index.php\/wp-json\/wp\/v2\/pages"}],"about":[{"href":"https:\/\/name-city.fr\/index.php\/wp-json\/wp\/v2\/types\/page"}],"author":[{"embeddable":true,"href":"https:\/\/name-city.fr\/index.php\/wp-json\/wp\/v2\/users\/1"}],"replies":[{"embeddable":true,"href":"https:\/\/name-city.fr\/index.php\/wp-json\/wp\/v2\/comments?post=3073"}],"version-history":[{"count":2,"href":"https:\/\/name-city.fr\/index.php\/wp-json\/wp\/v2\/pages\/3073\/revisions"}],"predecessor-version":[{"id":3088,"href":"https:\/\/name-city.fr\/index.php\/wp-json\/wp\/v2\/pages\/3073\/revisions\/3088"}],"up":[{"embeddable":true,"href":"https:\/\/name-city.fr\/index.php\/wp-json\/wp\/v2\/pages\/3081"}],"wp:attachment":[{"href":"https:\/\/name-city.fr\/index.php\/wp-json\/wp\/v2\/media?parent=3073"}],"curies":[{"name":"wp","href":"https:\/\/api.w.org\/{rel}","templated":true}]}}