{"id":3001,"date":"2021-10-06T12:48:04","date_gmt":"2021-10-06T10:48:04","guid":{"rendered":"https:\/\/www.name-city.fr\/?page_id=3001"},"modified":"2021-10-06T14:10:30","modified_gmt":"2021-10-06T12:10:30","slug":"notre-top-10-des-meilleures-creations-de-noms","status":"publish","type":"page","link":"https:\/\/name-city.fr\/index.php\/vibrations\/notre-top-10-des-meilleures-creations-de-noms\/","title":{"rendered":"Notre top 10 des meilleures cr\u00e9ations de noms"},"content":{"rendered":"<p><img loading=\"lazy\" decoding=\"async\" class=\"aligncenter size-full wp-image-2998\" src=\"https:\/\/name-city.fr\/wp-content\/uploads\/COEUR.png\" alt=\"\" width=\"400\" height=\"330\" srcset=\"https:\/\/name-city.fr\/wp-content\/uploads\/COEUR.png 400w, https:\/\/name-city.fr\/wp-content\/uploads\/COEUR-300x248.png 300w\" sizes=\"auto, (max-width: 400px) 100vw, 400px\" \/><\/p>\n<p>Petit exercice de rentr\u00e9e. Etablir la liste des 10 noms que nous pr\u00e9f\u00e9rons ici chez Name City. Le palmar\u00e8s des \u00ab\u00a010 ever best names\u00a0\u00bb dont nous aurions aim\u00e9 revendiquer la paternit\u00e9&#8230;<\/p>\n<p>Pas si facile&#8230;<\/p>\n<p>Il a fallu faire des listes, croiser les pr\u00e9f\u00e9rences, faire abstraction de l\u2019attachement \u00e0 certaines marques li\u00e9 \u00e0 la nostalgie ou \u00e0 la puissance des campagnes publicitaires qui les ont sublim\u00e9es, \u00e9liminer des choix \u00e0 contrec\u0153ur, se battre pour en garder d&rsquo;autres. Bref, autant de process douloureux que vous connaissez bien lorsque vous travaillez sur un sujet naming ;)&#8230;<\/p>\n<p>Parmi nos 10 pr\u00e9f\u00e9r\u00e9s, certains ont d\u00e9j\u00e0 fait leur chemin depuis longtemps, notamment gr\u00e2ce au succ\u00e8s rencontr\u00e9 par les produits. D&rsquo;autres ont disparus (pas \u00e0 cause de leur nom, on vous rassure).<\/p>\n<p>Et puis il y aussi les petits nouveaux\u2026<\/p>\n<p>Bref, les voil\u00e0, sans ordre de pr\u00e9f\u00e9rence<\/p>\n<h3 style=\"text-align: center;\"><strong>LES NOMS qu\u2019il fallait oser<\/strong><\/h3>\n<p><img loading=\"lazy\" decoding=\"async\" class=\"aligncenter wp-image-3005 size-full\" src=\"https:\/\/name-city.fr\/wp-content\/uploads\/opium_1977_main_image_object.jpg\" alt=\"\" width=\"676\" height=\"458\" srcset=\"https:\/\/name-city.fr\/wp-content\/uploads\/opium_1977_main_image_object.jpg 676w, https:\/\/name-city.fr\/wp-content\/uploads\/opium_1977_main_image_object-300x203.jpg 300w, https:\/\/name-city.fr\/wp-content\/uploads\/opium_1977_main_image_object-508x344.jpg 508w\" sizes=\"auto, (max-width: 676px) 100vw, 676px\" \/><\/p>\n<p><strong>OPIUM<\/strong> : synonyme d\u2019addiction et d\u2019opulence, accompagn\u00e9 de l\u2019accroche de g\u00e9nie \u00ab pour celles qui s\u2019adonnent \u00e0 Yves Saint Laurent \u00bb. Le nom choisi il y a 40 ans par le c\u00e9l\u00e8bre cr\u00e9ateur fait la preuve que malgr\u00e9 les rejets (le parfum sera interdit en Chine et en Arabie Saoudite), un nom de produit aussi audacieux et en rupture avec les codes classiques peut devenir un vrai succ\u00e8s plan\u00e9taire et le rester. Un d\u00e9calage d\u00e9tonnant que d\u2019autres flacons auront \u00e0 c\u0153ur d\u2019endosser par la suite, tels Poison, Addict, Loverdose ou Flowerbomb\u2026<\/p>\n<p>&nbsp;<\/p>\n<p><img loading=\"lazy\" decoding=\"async\" class=\"aligncenter wp-image-3006\" src=\"https:\/\/name-city.fr\/wp-content\/uploads\/hands-off-the-loot-300x213-1.jpg\" alt=\"\" width=\"676\" height=\"480\" \/><\/p>\n<p><img loading=\"lazy\" decoding=\"async\" class=\"aligncenter wp-image-3007 size-full\" src=\"https:\/\/name-city.fr\/wp-content\/uploads\/logo_grisbee-84680c6111dafb4f5cc757d0fde751e2-300x100-1.png\" alt=\"\" width=\"300\" height=\"100\" \/><\/p>\n<p>On peut \u00eatre une appli financi\u00e8re sur qui compter et avoir le sens de l\u2019humour. Dans l\u2019univers en pleine \u00e9volution des Fintech, c\u2019est en substance ce que dit ce nom qui parle d\u2019argent tout autant aux Millennials qu\u2019aux fans de films en noir et blanc\u2026<\/p>\n<p>&nbsp;<\/p>\n<p>&nbsp;<\/p>\n<p><img loading=\"lazy\" decoding=\"async\" class=\"aligncenter size-full wp-image-3008\" src=\"https:\/\/name-city.fr\/wp-content\/uploads\/indian_tonic_0.jpg\" alt=\"\" width=\"886\" height=\"644\" srcset=\"https:\/\/name-city.fr\/wp-content\/uploads\/indian_tonic_0.jpg 886w, https:\/\/name-city.fr\/wp-content\/uploads\/indian_tonic_0-300x218.jpg 300w, https:\/\/name-city.fr\/wp-content\/uploads\/indian_tonic_0-768x558.jpg 768w, https:\/\/name-city.fr\/wp-content\/uploads\/indian_tonic_0-508x369.jpg 508w\" sizes=\"auto, (max-width: 886px) 100vw, 886px\" \/><\/p>\n<p><strong>SCHWEPPES<\/strong> : et tant pis si on ne sait pas toujours l\u2019orthographier du premier coup ! Un nom long et compliqu\u00e9 tout autant que tonique et percutant fait la preuve que la recette du succ\u00e8s ne se limite pas forc\u00e9ment \u00e0 un nom court et simple !<\/p>\n<p>&nbsp;<\/p>\n<h3 style=\"text-align: center;\"><strong>des \u00e9vocations qui font travailler l&rsquo;imagination<\/strong><\/h3>\n<p>&nbsp;<\/p>\n<p><img loading=\"lazy\" decoding=\"async\" class=\"aligncenter size-full wp-image-3012\" src=\"https:\/\/name-city.fr\/wp-content\/uploads\/espacepiscine.jpg\" alt=\"\" width=\"1000\" height=\"637\" srcset=\"https:\/\/name-city.fr\/wp-content\/uploads\/espacepiscine.jpg 1000w, https:\/\/name-city.fr\/wp-content\/uploads\/espacepiscine-300x191.jpg 300w, https:\/\/name-city.fr\/wp-content\/uploads\/espacepiscine-768x489.jpg 768w, https:\/\/name-city.fr\/wp-content\/uploads\/espacepiscine-508x324.jpg 508w\" sizes=\"auto, (max-width: 1000px) 100vw, 1000px\" \/><\/p>\n<p><strong>ESPACE<\/strong> : quand un nom g\u00e9n\u00e8re de grandes campagnes ! Etendues infinies, volume, univers, voyages interstellaires\u2026 Un nom tellement riche en \u00e9vocations qu\u2019il est devenu presque g\u00e9n\u00e9rique pour d\u00e9signer le segment des monospaces cr\u00e9\u00e9 par Renault. D\u2019autres en l\u2019imitant &#8211; Galaxy, Voyager &#8211; participeront \u00e0 cr\u00e9er sa l\u00e9gende.<\/p>\n<p>&nbsp;<\/p>\n<p><img loading=\"lazy\" decoding=\"async\" class=\"aligncenter size-full wp-image-3019\" src=\"https:\/\/name-city.fr\/wp-content\/uploads\/partie-blog.jpg\" alt=\"\" width=\"816\" height=\"319\" srcset=\"https:\/\/name-city.fr\/wp-content\/uploads\/partie-blog.jpg 816w, https:\/\/name-city.fr\/wp-content\/uploads\/partie-blog-300x117.jpg 300w, https:\/\/name-city.fr\/wp-content\/uploads\/partie-blog-768x300.jpg 768w, https:\/\/name-city.fr\/wp-content\/uploads\/partie-blog-508x199.jpg 508w\" sizes=\"auto, (max-width: 816px) 100vw, 816px\" \/><\/p>\n<p><strong>EAU SAUVAGE<\/strong> : en 1966, la c\u00e9l\u00e8bre eau de toilette aurait pu s&rsquo;appeler \u00ab Club \u00bb ou \u00ab\u00a0Favori\u00a0\u00bb, des noms jug\u00e9s trop proches de \u00ab\u00a0Moustache\u00a0\u00bb de Rochas, le grand succ\u00e8s de l&rsquo;\u00e9poque. Encore aujourd&rsquo;hui, son \u00e9vocation d\u2019une force virile et indompt\u00e9e met en valeur la force d\u2019un nom en rupture. Sans avoir pris une ride, il a travers\u00e9 le temps et se d\u00e9cline aujourd&rsquo;hui en \u00ab\u00a0Sauvage\u00a0\u00bb&#8230;<\/p>\n<p>&nbsp;<\/p>\n<p><img loading=\"lazy\" decoding=\"async\" class=\"aligncenter size-full wp-image-3020\" src=\"https:\/\/name-city.fr\/wp-content\/uploads\/visuel2.jpg\" alt=\"\" width=\"855\" height=\"389\" srcset=\"https:\/\/name-city.fr\/wp-content\/uploads\/visuel2.jpg 855w, https:\/\/name-city.fr\/wp-content\/uploads\/visuel2-300x136.jpg 300w, https:\/\/name-city.fr\/wp-content\/uploads\/visuel2-768x349.jpg 768w, https:\/\/name-city.fr\/wp-content\/uploads\/visuel2-508x231.jpg 508w\" sizes=\"auto, (max-width: 855px) 100vw, 855px\" \/><\/p>\n<p><strong>AQUARAMA<\/strong> : de l\u2019eau \u00e0 l\u2019infini, de la fraicheur, le vent dans les cheveux, un panorama grandiose, instantan\u00e9ment des images de paysages sublimes nous viennent \u00e0 l\u2019esprit.<\/p>\n<p>&nbsp;<\/p>\n<p><img loading=\"lazy\" decoding=\"async\" class=\"aligncenter wp-image-3023\" src=\"https:\/\/name-city.fr\/wp-content\/uploads\/s-l1600.jpg\" alt=\"\" width=\"424\" height=\"642\" srcset=\"https:\/\/name-city.fr\/wp-content\/uploads\/s-l1600.jpg 720w, https:\/\/name-city.fr\/wp-content\/uploads\/s-l1600-198x300.jpg 198w, https:\/\/name-city.fr\/wp-content\/uploads\/s-l1600-676x1024.jpg 676w, https:\/\/name-city.fr\/wp-content\/uploads\/s-l1600-508x769.jpg 508w\" sizes=\"auto, (max-width: 424px) 100vw, 424px\" \/><\/p>\n<p><strong>MAMIE NOVA<\/strong> : d\u00e8s 1949, dans les rayons impersonnels des \u00e9piceries puis des supermarch\u00e9s, arrive le nom d\u2019une mamie bien identifi\u00e9e qui apporte une proximit\u00e9 famili\u00e8re et donne un visage humain \u00e0 tous les produits de la gamme. Une id\u00e9e de personnalisation clivante et sympathique qui n\u2019a pas \u00e9chapp\u00e9 \u00e0 d\u2019autres marques de l&rsquo;agro-alimentaire telles que \u00abCaf\u00e9 Grand&rsquo;M\u00e8re\u00bb, \u00ab Bonne Maman \u00bb, \u00ab Marie \u00bb, \u00ab Charles et Alice \u00bb, \u00ab Ben &amp; Jerry \u00bb, \u00ab Michel et Augustin \u00bb\u2026<\/p>\n<p>&nbsp;<\/p>\n<h3 style=\"text-align: center;\"><strong>les noms qui font du son et du sens<\/strong><\/h3>\n<p><img loading=\"lazy\" decoding=\"async\" class=\"aligncenter size-full wp-image-3025\" src=\"https:\/\/name-city.fr\/wp-content\/uploads\/1827.jpg\" alt=\"\" width=\"600\" height=\"404\" srcset=\"https:\/\/name-city.fr\/wp-content\/uploads\/1827.jpg 600w, https:\/\/name-city.fr\/wp-content\/uploads\/1827-300x202.jpg 300w, https:\/\/name-city.fr\/wp-content\/uploads\/1827-508x342.jpg 508w\" sizes=\"auto, (max-width: 600px) 100vw, 600px\" \/><\/p>\n<p><strong>\u00d4<\/strong> : une exclamation. La fraicheur de l\u2019eau r\u00e9sum\u00e9e en une seule lettre. L&rsquo;accent est mis sur l&rsquo;essentiel : l\u2019\u00e9vocation subliminale de Lanc\u00f4me.<\/p>\n<p>&nbsp;<\/p>\n<p>&nbsp;<\/p>\n<p><img loading=\"lazy\" decoding=\"async\" class=\"aligncenter size-full wp-image-3026\" src=\"https:\/\/name-city.fr\/wp-content\/uploads\/e4b120fb9b617358a62375e294f24151.jpg\" alt=\"\" width=\"960\" height=\"416\" srcset=\"https:\/\/name-city.fr\/wp-content\/uploads\/e4b120fb9b617358a62375e294f24151.jpg 960w, https:\/\/name-city.fr\/wp-content\/uploads\/e4b120fb9b617358a62375e294f24151-300x130.jpg 300w, https:\/\/name-city.fr\/wp-content\/uploads\/e4b120fb9b617358a62375e294f24151-768x333.jpg 768w, https:\/\/name-city.fr\/wp-content\/uploads\/e4b120fb9b617358a62375e294f24151-508x220.jpg 508w\" sizes=\"auto, (max-width: 960px) 100vw, 960px\" \/><\/p>\n<p><strong>CRUNCH<\/strong> : instantan\u00e9ment percutant pour \u00e9voquer un chocolat qui craque sous la dent !<\/p>\n<p>&nbsp;<\/p>\n<p>&nbsp;<\/p>\n<p><img loading=\"lazy\" decoding=\"async\" class=\"aligncenter size-full wp-image-3042\" src=\"https:\/\/name-city.fr\/wp-content\/uploads\/s-l1600-1.jpg\" alt=\"\" width=\"976\" height=\"1323\" srcset=\"https:\/\/name-city.fr\/wp-content\/uploads\/s-l1600-1.jpg 976w, https:\/\/name-city.fr\/wp-content\/uploads\/s-l1600-1-221x300.jpg 221w, https:\/\/name-city.fr\/wp-content\/uploads\/s-l1600-1-755x1024.jpg 755w, https:\/\/name-city.fr\/wp-content\/uploads\/s-l1600-1-768x1041.jpg 768w, https:\/\/name-city.fr\/wp-content\/uploads\/s-l1600-1-508x689.jpg 508w\" sizes=\"auto, (max-width: 976px) 100vw, 976px\" \/><\/p>\n<p><strong>OBAO<\/strong> : autrefois O.Ba.O pour \u00e9voquer le rituel du bain \u00e0 la japonaise (O.Fu.Ro). Une jolie sonorit\u00e9 se lisant presque dans les deux sens qui dit bain et exotisme avec douceur.<\/p>\n<p>&nbsp;<\/p>\n<p>&nbsp;<\/p>\n<p><img loading=\"lazy\" decoding=\"async\" class=\"aligncenter size-full wp-image-3030\" src=\"https:\/\/name-city.fr\/wp-content\/uploads\/ping.jpg\" alt=\"\" width=\"1093\" height=\"395\" srcset=\"https:\/\/name-city.fr\/wp-content\/uploads\/ping.jpg 1093w, https:\/\/name-city.fr\/wp-content\/uploads\/ping-300x108.jpg 300w, https:\/\/name-city.fr\/wp-content\/uploads\/ping-1024x370.jpg 1024w, https:\/\/name-city.fr\/wp-content\/uploads\/ping-768x278.jpg 768w, https:\/\/name-city.fr\/wp-content\/uploads\/ping-508x184.jpg 508w\" sizes=\"auto, (max-width: 1093px) 100vw, 1093px\" \/><\/p>\n<p><strong>PING<\/strong> : bien connu des amateurs de golf, ce nom de clubs \u00e9voque si bien le joli bruit cristallin de la petite balle blanche quand, touch\u00e9e \u00e0 la perfection, sa trajectoire id\u00e9ale la conduira (enfin !) dans le trou.<\/p>\n<p>&nbsp;<\/p>\n<p>&nbsp;<\/p>\n<p><img loading=\"lazy\" decoding=\"async\" class=\"aligncenter wp-image-3032\" src=\"https:\/\/name-city.fr\/wp-content\/uploads\/alibaba-241x300-1.jpg\" alt=\"\" width=\"367\" height=\"457\" \/><\/p>\n<p><img loading=\"lazy\" decoding=\"async\" class=\"aligncenter wp-image-3033\" src=\"https:\/\/name-city.fr\/wp-content\/uploads\/Shazam_logo.svg_.png\" alt=\"\" width=\"377\" height=\"108\" srcset=\"https:\/\/name-city.fr\/wp-content\/uploads\/Shazam_logo.svg_.png 2560w, https:\/\/name-city.fr\/wp-content\/uploads\/Shazam_logo.svg_-300x86.png 300w, https:\/\/name-city.fr\/wp-content\/uploads\/Shazam_logo.svg_-1024x294.png 1024w, https:\/\/name-city.fr\/wp-content\/uploads\/Shazam_logo.svg_-768x220.png 768w, https:\/\/name-city.fr\/wp-content\/uploads\/Shazam_logo.svg_-1536x440.png 1536w, https:\/\/name-city.fr\/wp-content\/uploads\/Shazam_logo.svg_-2048x587.png 2048w, https:\/\/name-city.fr\/wp-content\/uploads\/Shazam_logo.svg_-1240x356.png 1240w, https:\/\/name-city.fr\/wp-content\/uploads\/Shazam_logo.svg_-508x146.png 508w\" sizes=\"auto, (max-width: 377px) 100vw, 377px\" \/><\/p>\n<p><strong>SHAZAM<\/strong> : \u00ab ouvre-toi \u00bb\u2026 ce S\u00e9same transform\u00e9 sonne bien et fonctionne \u00e0 merveille pour l\u2019appli qu\u2019il d\u00e9signe. Une cl\u00e9 d\u2019entr\u00e9e vers des tr\u00e9sors jusque-l\u00e0 bien cach\u00e9s, tous ces morceaux de musique sur lesquels on peut enfin mettre un nom !<\/p>\n<p>&nbsp;<\/p>\n<p>Vous les avez compt\u00e9s\u2026 en fait, on a un peu trich\u00e9, il y en a 12 ! Quand on aime, on ne compte pas \ud83d\ude09<\/p>\n","protected":false},"excerpt":{"rendered":"<p>Petit exercice de rentr&eacute;e. Etablir la liste des 10 noms que nous pr&eacute;f&eacute;rons ici chez Name City. Le palmar&egrave;s des &laquo;&nbsp;10 ever best names&nbsp;&raquo; dont nous aurions aim&eacute; revendiquer la paternit&eacute;&hellip; Pas si facile&hellip; Il a fallu faire des listes, croiser les pr&eacute;f&eacute;rences, faire abstraction de l&rsquo;attachement &agrave; certaines marques li&eacute; &agrave; la nostalgie ou [&hellip;]<\/p>\n","protected":false},"author":1,"featured_media":0,"parent":2997,"menu_order":2,"comment_status":"closed","ping_status":"closed","template":"","meta":{"footnotes":""},"class_list":["post-3001","page","type-page","status-publish","hentry"],"yoast_head":"<!-- This site is optimized with the Yoast SEO plugin v23.9 - https:\/\/yoast.com\/wordpress\/plugins\/seo\/ -->\n<title>Notre top 10 des meilleures cr\u00e9ations de noms - NAME CITY - Agence de cr\u00e9ation de noms et de contenus<\/title>\n<meta name=\"robots\" content=\"index, follow, max-snippet:-1, max-image-preview:large, max-video-preview:-1\" \/>\n<link rel=\"canonical\" href=\"https:\/\/name-city.fr\/index.php\/vibrations\/notre-top-10-des-meilleures-creations-de-noms\/\" \/>\n<meta property=\"og:locale\" content=\"fr_FR\" \/>\n<meta property=\"og:type\" content=\"article\" \/>\n<meta property=\"og:title\" content=\"Notre top 10 des meilleures cr\u00e9ations de noms - NAME CITY - Agence de cr\u00e9ation de noms et de contenus\" \/>\n<meta property=\"og:description\" content=\"Petit exercice de rentr&eacute;e. Etablir la liste des 10 noms que nous pr&eacute;f&eacute;rons ici chez Name City. Le palmar&egrave;s des &laquo;&nbsp;10 ever best names&nbsp;&raquo; dont nous aurions aim&eacute; revendiquer la paternit&eacute;&hellip; Pas si facile&hellip; Il a fallu faire des listes, croiser les pr&eacute;f&eacute;rences, faire abstraction de l&rsquo;attachement &agrave; certaines marques li&eacute; &agrave; la nostalgie ou [&hellip;]\" \/>\n<meta property=\"og:url\" content=\"https:\/\/name-city.fr\/index.php\/vibrations\/notre-top-10-des-meilleures-creations-de-noms\/\" \/>\n<meta property=\"og:site_name\" content=\"NAME CITY - Agence de cr\u00e9ation de noms et de contenus\" \/>\n<meta property=\"article:modified_time\" content=\"2021-10-06T12:10:30+00:00\" \/>\n<meta property=\"og:image\" content=\"https:\/\/name-city.fr\/wp-content\/uploads\/COEUR.png\" \/>\n<meta name=\"twitter:card\" content=\"summary_large_image\" \/>\n<meta name=\"twitter:label1\" content=\"Dur\u00e9e de lecture estim\u00e9e\" \/>\n\t<meta name=\"twitter:data1\" content=\"4 minutes\" \/>\n<script type=\"application\/ld+json\" class=\"yoast-schema-graph\">{\"@context\":\"https:\/\/schema.org\",\"@graph\":[{\"@type\":\"WebPage\",\"@id\":\"https:\/\/name-city.fr\/index.php\/vibrations\/notre-top-10-des-meilleures-creations-de-noms\/\",\"url\":\"https:\/\/name-city.fr\/index.php\/vibrations\/notre-top-10-des-meilleures-creations-de-noms\/\",\"name\":\"Notre top 10 des meilleures cr\u00e9ations de noms - NAME CITY - Agence de cr\u00e9ation de noms et de contenus\",\"isPartOf\":{\"@id\":\"https:\/\/name-city.fr\/#website\"},\"primaryImageOfPage\":{\"@id\":\"https:\/\/name-city.fr\/index.php\/vibrations\/notre-top-10-des-meilleures-creations-de-noms\/#primaryimage\"},\"image\":{\"@id\":\"https:\/\/name-city.fr\/index.php\/vibrations\/notre-top-10-des-meilleures-creations-de-noms\/#primaryimage\"},\"thumbnailUrl\":\"https:\/\/name-city.fr\/wp-content\/uploads\/COEUR.png\",\"datePublished\":\"2021-10-06T10:48:04+00:00\",\"dateModified\":\"2021-10-06T12:10:30+00:00\",\"breadcrumb\":{\"@id\":\"https:\/\/name-city.fr\/index.php\/vibrations\/notre-top-10-des-meilleures-creations-de-noms\/#breadcrumb\"},\"inLanguage\":\"fr-FR\",\"potentialAction\":[{\"@type\":\"ReadAction\",\"target\":[\"https:\/\/name-city.fr\/index.php\/vibrations\/notre-top-10-des-meilleures-creations-de-noms\/\"]}]},{\"@type\":\"ImageObject\",\"inLanguage\":\"fr-FR\",\"@id\":\"https:\/\/name-city.fr\/index.php\/vibrations\/notre-top-10-des-meilleures-creations-de-noms\/#primaryimage\",\"url\":\"https:\/\/name-city.fr\/wp-content\/uploads\/COEUR.png\",\"contentUrl\":\"https:\/\/name-city.fr\/wp-content\/uploads\/COEUR.png\",\"width\":400,\"height\":330},{\"@type\":\"BreadcrumbList\",\"@id\":\"https:\/\/name-city.fr\/index.php\/vibrations\/notre-top-10-des-meilleures-creations-de-noms\/#breadcrumb\",\"itemListElement\":[{\"@type\":\"ListItem\",\"position\":1,\"name\":\"Accueil\",\"item\":\"https:\/\/name-city.fr\/\"},{\"@type\":\"ListItem\",\"position\":2,\"name\":\"VIBRATIONS\",\"item\":\"https:\/\/name-city.fr\/index.php\/vibrations\/\"},{\"@type\":\"ListItem\",\"position\":3,\"name\":\"Notre top 10 des meilleures cr\u00e9ations de noms\"}]},{\"@type\":\"WebSite\",\"@id\":\"https:\/\/name-city.fr\/#website\",\"url\":\"https:\/\/name-city.fr\/\",\"name\":\"NAME CITY - Agence de cr\u00e9ation de noms et de contenus\",\"description\":\"\",\"publisher\":{\"@id\":\"https:\/\/name-city.fr\/#organization\"},\"potentialAction\":[{\"@type\":\"SearchAction\",\"target\":{\"@type\":\"EntryPoint\",\"urlTemplate\":\"https:\/\/name-city.fr\/?s={search_term_string}\"},\"query-input\":{\"@type\":\"PropertyValueSpecification\",\"valueRequired\":true,\"valueName\":\"search_term_string\"}}],\"inLanguage\":\"fr-FR\"},{\"@type\":\"Organization\",\"@id\":\"https:\/\/name-city.fr\/#organization\",\"name\":\"Name City\",\"url\":\"https:\/\/name-city.fr\/\",\"logo\":{\"@type\":\"ImageObject\",\"inLanguage\":\"fr-FR\",\"@id\":\"https:\/\/name-city.fr\/#\/schema\/logo\/image\/\",\"url\":\"https:\/\/name-city.fr\/wp-content\/uploads\/cropped-Logo-Name-City-blanc2.png\",\"contentUrl\":\"https:\/\/name-city.fr\/wp-content\/uploads\/cropped-Logo-Name-City-blanc2.png\",\"width\":1492,\"height\":537,\"caption\":\"Name City\"},\"image\":{\"@id\":\"https:\/\/name-city.fr\/#\/schema\/logo\/image\/\"},\"sameAs\":[\"https:\/\/www.linkedin.com\/company\/3034367\/admin\/\"]}]}<\/script>\n<!-- \/ Yoast SEO plugin. -->","yoast_head_json":{"title":"Notre top 10 des meilleures cr\u00e9ations de noms - NAME CITY - Agence de cr\u00e9ation de noms et de contenus","robots":{"index":"index","follow":"follow","max-snippet":"max-snippet:-1","max-image-preview":"max-image-preview:large","max-video-preview":"max-video-preview:-1"},"canonical":"https:\/\/name-city.fr\/index.php\/vibrations\/notre-top-10-des-meilleures-creations-de-noms\/","og_locale":"fr_FR","og_type":"article","og_title":"Notre top 10 des meilleures cr\u00e9ations de noms - NAME CITY - Agence de cr\u00e9ation de noms et de contenus","og_description":"Petit exercice de rentr&eacute;e. Etablir la liste des 10 noms que nous pr&eacute;f&eacute;rons ici chez Name City. Le palmar&egrave;s des &laquo;&nbsp;10 ever best names&nbsp;&raquo; dont nous aurions aim&eacute; revendiquer la paternit&eacute;&hellip; Pas si facile&hellip; Il a fallu faire des listes, croiser les pr&eacute;f&eacute;rences, faire abstraction de l&rsquo;attachement &agrave; certaines marques li&eacute; &agrave; la nostalgie ou [&hellip;]","og_url":"https:\/\/name-city.fr\/index.php\/vibrations\/notre-top-10-des-meilleures-creations-de-noms\/","og_site_name":"NAME CITY - Agence de cr\u00e9ation de noms et de contenus","article_modified_time":"2021-10-06T12:10:30+00:00","og_image":[{"url":"https:\/\/name-city.fr\/wp-content\/uploads\/COEUR.png"}],"twitter_card":"summary_large_image","twitter_misc":{"Dur\u00e9e de lecture estim\u00e9e":"4 minutes"},"schema":{"@context":"https:\/\/schema.org","@graph":[{"@type":"WebPage","@id":"https:\/\/name-city.fr\/index.php\/vibrations\/notre-top-10-des-meilleures-creations-de-noms\/","url":"https:\/\/name-city.fr\/index.php\/vibrations\/notre-top-10-des-meilleures-creations-de-noms\/","name":"Notre top 10 des meilleures cr\u00e9ations de noms - NAME CITY - Agence de cr\u00e9ation de noms et de contenus","isPartOf":{"@id":"https:\/\/name-city.fr\/#website"},"primaryImageOfPage":{"@id":"https:\/\/name-city.fr\/index.php\/vibrations\/notre-top-10-des-meilleures-creations-de-noms\/#primaryimage"},"image":{"@id":"https:\/\/name-city.fr\/index.php\/vibrations\/notre-top-10-des-meilleures-creations-de-noms\/#primaryimage"},"thumbnailUrl":"https:\/\/name-city.fr\/wp-content\/uploads\/COEUR.png","datePublished":"2021-10-06T10:48:04+00:00","dateModified":"2021-10-06T12:10:30+00:00","breadcrumb":{"@id":"https:\/\/name-city.fr\/index.php\/vibrations\/notre-top-10-des-meilleures-creations-de-noms\/#breadcrumb"},"inLanguage":"fr-FR","potentialAction":[{"@type":"ReadAction","target":["https:\/\/name-city.fr\/index.php\/vibrations\/notre-top-10-des-meilleures-creations-de-noms\/"]}]},{"@type":"ImageObject","inLanguage":"fr-FR","@id":"https:\/\/name-city.fr\/index.php\/vibrations\/notre-top-10-des-meilleures-creations-de-noms\/#primaryimage","url":"https:\/\/name-city.fr\/wp-content\/uploads\/COEUR.png","contentUrl":"https:\/\/name-city.fr\/wp-content\/uploads\/COEUR.png","width":400,"height":330},{"@type":"BreadcrumbList","@id":"https:\/\/name-city.fr\/index.php\/vibrations\/notre-top-10-des-meilleures-creations-de-noms\/#breadcrumb","itemListElement":[{"@type":"ListItem","position":1,"name":"Accueil","item":"https:\/\/name-city.fr\/"},{"@type":"ListItem","position":2,"name":"VIBRATIONS","item":"https:\/\/name-city.fr\/index.php\/vibrations\/"},{"@type":"ListItem","position":3,"name":"Notre top 10 des meilleures cr\u00e9ations de noms"}]},{"@type":"WebSite","@id":"https:\/\/name-city.fr\/#website","url":"https:\/\/name-city.fr\/","name":"NAME CITY - Agence de cr\u00e9ation de noms et de contenus","description":"","publisher":{"@id":"https:\/\/name-city.fr\/#organization"},"potentialAction":[{"@type":"SearchAction","target":{"@type":"EntryPoint","urlTemplate":"https:\/\/name-city.fr\/?s={search_term_string}"},"query-input":{"@type":"PropertyValueSpecification","valueRequired":true,"valueName":"search_term_string"}}],"inLanguage":"fr-FR"},{"@type":"Organization","@id":"https:\/\/name-city.fr\/#organization","name":"Name City","url":"https:\/\/name-city.fr\/","logo":{"@type":"ImageObject","inLanguage":"fr-FR","@id":"https:\/\/name-city.fr\/#\/schema\/logo\/image\/","url":"https:\/\/name-city.fr\/wp-content\/uploads\/cropped-Logo-Name-City-blanc2.png","contentUrl":"https:\/\/name-city.fr\/wp-content\/uploads\/cropped-Logo-Name-City-blanc2.png","width":1492,"height":537,"caption":"Name City"},"image":{"@id":"https:\/\/name-city.fr\/#\/schema\/logo\/image\/"},"sameAs":["https:\/\/www.linkedin.com\/company\/3034367\/admin\/"]}]}},"_links":{"self":[{"href":"https:\/\/name-city.fr\/index.php\/wp-json\/wp\/v2\/pages\/3001","targetHints":{"allow":["GET"]}}],"collection":[{"href":"https:\/\/name-city.fr\/index.php\/wp-json\/wp\/v2\/pages"}],"about":[{"href":"https:\/\/name-city.fr\/index.php\/wp-json\/wp\/v2\/types\/page"}],"author":[{"embeddable":true,"href":"https:\/\/name-city.fr\/index.php\/wp-json\/wp\/v2\/users\/1"}],"replies":[{"embeddable":true,"href":"https:\/\/name-city.fr\/index.php\/wp-json\/wp\/v2\/comments?post=3001"}],"version-history":[{"count":24,"href":"https:\/\/name-city.fr\/index.php\/wp-json\/wp\/v2\/pages\/3001\/revisions"}],"predecessor-version":[{"id":3239,"href":"https:\/\/name-city.fr\/index.php\/wp-json\/wp\/v2\/pages\/3001\/revisions\/3239"}],"up":[{"embeddable":true,"href":"https:\/\/name-city.fr\/index.php\/wp-json\/wp\/v2\/pages\/2997"}],"wp:attachment":[{"href":"https:\/\/name-city.fr\/index.php\/wp-json\/wp\/v2\/media?parent=3001"}],"curies":[{"name":"wp","href":"https:\/\/api.w.org\/{rel}","templated":true}]}}