{"id":2997,"date":"2021-09-30T12:14:10","date_gmt":"2021-09-30T10:14:10","guid":{"rendered":"https:\/\/www.name-city.fr\/?page_id=2997"},"modified":"2021-10-06T18:10:22","modified_gmt":"2021-10-06T16:10:22","slug":"vibrations","status":"publish","type":"page","link":"https:\/\/name-city.fr\/index.php\/vibrations\/","title":{"rendered":"VIBRATIONS"},"content":{"rendered":"<h5><a href=\"https:\/\/name-city.fr\/index.php\/vibrations\/les-7-bibliotheques-les-plus-inspirantes\/\"><strong>Les 7 biblioth\u00e8ques les plus inspirantes<\/strong><\/a><\/h5>\n<p><img loading=\"lazy\" decoding=\"async\" class=\" https:\/\/name-city.fr\/index.php\/vibrations\/les-7-bibliotheques-les-plus-inspirantes\/ alignright wp-image-3134 size-full\" src=\"https:\/\/name-city.fr\/wp-content\/uploads\/The-Selexyz-Bookstore-in-Maastricht-used-to-be-an-old-church-until-Amsterdam-based-architectural-studio-Merkx-Girod-adorned-the-stunning-interiors-with-contemporary-library-details-that-marry-both-styles..jpg\" alt=\"\" width=\"587\" height=\"685\" srcset=\"https:\/\/name-city.fr\/wp-content\/uploads\/The-Selexyz-Bookstore-in-Maastricht-used-to-be-an-old-church-until-Amsterdam-based-architectural-studio-Merkx-Girod-adorned-the-stunning-interiors-with-contemporary-library-details-that-marry-both-styles..jpg 587w, https:\/\/name-city.fr\/wp-content\/uploads\/The-Selexyz-Bookstore-in-Maastricht-used-to-be-an-old-church-until-Amsterdam-based-architectural-studio-Merkx-Girod-adorned-the-stunning-interiors-with-contemporary-library-details-that-marry-both-styles.-257x300.jpg 257w, https:\/\/name-city.fr\/wp-content\/uploads\/The-Selexyz-Bookstore-in-Maastricht-used-to-be-an-old-church-until-Amsterdam-based-architectural-studio-Merkx-Girod-adorned-the-stunning-interiors-with-contemporary-library-details-that-marry-both-styles.-508x593.jpg 508w\" sizes=\"auto, (max-width: 587px) 100vw, 587px\" \/><\/p>\n<p>Google, Amazon ou Wikip\u00e9dia ne les ont pas totalement \u00e9clips\u00e9es. Partout dans le monde, y compris dans les endroits les plus recul\u00e9s ou secrets, des architectes ont imagin\u00e9 des projets \u00e9tonnants pour accueillir \u00e9tudiants, amoureux des livres ou simples lecteurs.<\/p>\n<p>Voici un tour parmi les librairies et les biblioth\u00e8ques les plus inspirantes. <a href=\"https:\/\/name-city.fr\/index.php\/vibrations\/les-7-bibliotheques-les-plus-inspirantes\/\">A faire ici<\/a><\/p>\n<p>&nbsp;<\/p>\n<h5 style=\"text-align: left;\"><a href=\"https:\/\/name-city.fr\/index.php\/vibrations\/quand-etre-hors-norme-cest-etre-dans-la-norme\/\"><strong>Quand \u00eatre hors-norme, c&rsquo;est \u00eatre dans la norme<\/strong><\/a><\/h5>\n<p><img loading=\"lazy\" decoding=\"async\" class=\"https:\/\/name-city.fr\/index.php\/vibrations\/quand-etre-hors-norme-cest-etre-dans-la-norme\/ alignright wp-image-3302 size-full\" src=\"https:\/\/name-city.fr\/wp-content\/uploads\/splendide-winnie-harlow-egerie-desigual-L-umk7Z5-1.jpeg\" alt=\"\" width=\"300\" height=\"300\" srcset=\"https:\/\/name-city.fr\/wp-content\/uploads\/splendide-winnie-harlow-egerie-desigual-L-umk7Z5-1.jpeg 300w, https:\/\/name-city.fr\/wp-content\/uploads\/splendide-winnie-harlow-egerie-desigual-L-umk7Z5-1-150x150.jpeg 150w\" sizes=\"auto, (max-width: 300px) 100vw, 300px\" \/><\/p>\n<p>\u00ab\u00a0<em>Find your magic<\/em>\u00a0\u00bb, \u00ab\u00a0<em>Venez comme vous \u00eates<\/em>\u00a0\u00bb, \u00ab\u00a0<em>Love your imperfections<\/em> \u00bb, autant de signatures de marques pour c\u00e9l\u00e9brer l\u2019individualit\u00e9 et sortir des st\u00e9r\u00e9otypes. Termin\u00e9 les playboys et l&rsquo;incarnation du prince charmant : place \u00e0 l\u2019homme qui s\u2019assume tel qu\u2019il est. <a href=\"https:\/\/name-city.fr\/index.php\/vibrations\/quand-etre-hors-norme-cest-etre-dans-la-norme\/\">Et surtout avec ses d\u00e9fauts !<\/a><\/p>\n<p>&nbsp;<\/p>\n<p>&nbsp;<\/p>\n<p><img loading=\"lazy\" decoding=\"async\" class=\"https:\/\/name-city.fr\/index.php\/vibrations\/notre-top-10-des-meilleures-creations-de-noms\/ alignright wp-image-2998 size-full\" src=\"https:\/\/name-city.fr\/wp-content\/uploads\/COEUR.png\" alt=\"\" width=\"400\" height=\"330\" srcset=\"https:\/\/name-city.fr\/wp-content\/uploads\/COEUR.png 400w, https:\/\/name-city.fr\/wp-content\/uploads\/COEUR-300x248.png 300w\" sizes=\"auto, (max-width: 400px) 100vw, 400px\" \/><\/p>\n<h5><a href=\"https:\/\/name-city.fr\/index.php\/vibrations\/notre-top-10-des-meilleures-creations-de-noms\/\"><strong>Notre top 10 des meilleures cr\u00e9ations de noms<\/strong><\/a><\/h5>\n<p>Petit exercice de rentr\u00e9e. Etablir la liste des 10 noms que nous pr\u00e9f\u00e9rons ici chez Name City. Le palmar\u00e8s des \u00ab\u00a010 ever best names\u00a0\u00bb dont nous aurions aim\u00e9 revendiquer la paternit\u00e9&#8230; <a href=\"https:\/\/name-city.fr\/index.php\/vibrations\/notre-top-10-des-meilleures-creations-de-noms\/\">\u00e0 d\u00e9couvrir ici<\/a><\/p>\n","protected":false},"excerpt":{"rendered":"<p>Les 7 biblioth&egrave;ques les plus inspirantes Google, Amazon ou Wikip&eacute;dia ne les ont pas totalement &eacute;clips&eacute;es. Partout dans le monde, y compris dans les endroits les plus recul&eacute;s ou secrets, des architectes ont imagin&eacute; des projets &eacute;tonnants pour accueillir &eacute;tudiants, amoureux des livres ou simples lecteurs. Voici un tour parmi les librairies et les biblioth&egrave;ques [&hellip;]<\/p>\n","protected":false},"author":1,"featured_media":0,"parent":0,"menu_order":0,"comment_status":"closed","ping_status":"closed","template":"","meta":{"footnotes":""},"class_list":["post-2997","page","type-page","status-publish","hentry"],"yoast_head":"<!-- This site is optimized with the Yoast SEO plugin v23.9 - https:\/\/yoast.com\/wordpress\/plugins\/seo\/ -->\n<title>VIBRATIONS - NAME CITY - Agence de cr\u00e9ation de noms et de contenus<\/title>\n<meta name=\"robots\" content=\"index, follow, max-snippet:-1, max-image-preview:large, max-video-preview:-1\" \/>\n<link rel=\"canonical\" href=\"https:\/\/name-city.fr\/index.php\/vibrations\/\" \/>\n<meta property=\"og:locale\" content=\"fr_FR\" \/>\n<meta property=\"og:type\" content=\"article\" \/>\n<meta property=\"og:title\" content=\"VIBRATIONS - NAME CITY - Agence de cr\u00e9ation de noms et de contenus\" \/>\n<meta property=\"og:description\" content=\"Les 7 biblioth&egrave;ques les plus inspirantes Google, Amazon ou Wikip&eacute;dia ne les ont pas totalement &eacute;clips&eacute;es. Partout dans le monde, y compris dans les endroits les plus recul&eacute;s ou secrets, des architectes ont imagin&eacute; des projets &eacute;tonnants pour accueillir &eacute;tudiants, amoureux des livres ou simples lecteurs. Voici un tour parmi les librairies et les biblioth&egrave;ques [&hellip;]\" \/>\n<meta property=\"og:url\" content=\"https:\/\/name-city.fr\/index.php\/vibrations\/\" \/>\n<meta property=\"og:site_name\" content=\"NAME CITY - Agence de cr\u00e9ation de noms et de contenus\" \/>\n<meta property=\"article:modified_time\" content=\"2021-10-06T16:10:22+00:00\" \/>\n<meta property=\"og:image\" content=\"https:\/\/name-city.fr\/wp-content\/uploads\/The-Selexyz-Bookstore-in-Maastricht-used-to-be-an-old-church-until-Amsterdam-based-architectural-studio-Merkx-Girod-adorned-the-stunning-interiors-with-contemporary-library-details-that-marry-both-styles..jpg\" \/>\n<meta name=\"twitter:card\" content=\"summary_large_image\" \/>\n<meta name=\"twitter:label1\" content=\"Dur\u00e9e de lecture estim\u00e9e\" \/>\n\t<meta name=\"twitter:data1\" content=\"1 minute\" \/>\n<script type=\"application\/ld+json\" class=\"yoast-schema-graph\">{\"@context\":\"https:\/\/schema.org\",\"@graph\":[{\"@type\":\"WebPage\",\"@id\":\"https:\/\/name-city.fr\/index.php\/vibrations\/\",\"url\":\"https:\/\/name-city.fr\/index.php\/vibrations\/\",\"name\":\"VIBRATIONS - NAME CITY - Agence de cr\u00e9ation de noms et de contenus\",\"isPartOf\":{\"@id\":\"https:\/\/name-city.fr\/#website\"},\"primaryImageOfPage\":{\"@id\":\"https:\/\/name-city.fr\/index.php\/vibrations\/#primaryimage\"},\"image\":{\"@id\":\"https:\/\/name-city.fr\/index.php\/vibrations\/#primaryimage\"},\"thumbnailUrl\":\"https:\/\/name-city.fr\/wp-content\/uploads\/The-Selexyz-Bookstore-in-Maastricht-used-to-be-an-old-church-until-Amsterdam-based-architectural-studio-Merkx-Girod-adorned-the-stunning-interiors-with-contemporary-library-details-that-marry-both-styles..jpg\",\"datePublished\":\"2021-09-30T10:14:10+00:00\",\"dateModified\":\"2021-10-06T16:10:22+00:00\",\"breadcrumb\":{\"@id\":\"https:\/\/name-city.fr\/index.php\/vibrations\/#breadcrumb\"},\"inLanguage\":\"fr-FR\",\"potentialAction\":[{\"@type\":\"ReadAction\",\"target\":[\"https:\/\/name-city.fr\/index.php\/vibrations\/\"]}]},{\"@type\":\"ImageObject\",\"inLanguage\":\"fr-FR\",\"@id\":\"https:\/\/name-city.fr\/index.php\/vibrations\/#primaryimage\",\"url\":\"https:\/\/name-city.fr\/wp-content\/uploads\/The-Selexyz-Bookstore-in-Maastricht-used-to-be-an-old-church-until-Amsterdam-based-architectural-studio-Merkx-Girod-adorned-the-stunning-interiors-with-contemporary-library-details-that-marry-both-styles..jpg\",\"contentUrl\":\"https:\/\/name-city.fr\/wp-content\/uploads\/The-Selexyz-Bookstore-in-Maastricht-used-to-be-an-old-church-until-Amsterdam-based-architectural-studio-Merkx-Girod-adorned-the-stunning-interiors-with-contemporary-library-details-that-marry-both-styles..jpg\",\"width\":587,\"height\":685},{\"@type\":\"BreadcrumbList\",\"@id\":\"https:\/\/name-city.fr\/index.php\/vibrations\/#breadcrumb\",\"itemListElement\":[{\"@type\":\"ListItem\",\"position\":1,\"name\":\"Accueil\",\"item\":\"https:\/\/name-city.fr\/\"},{\"@type\":\"ListItem\",\"position\":2,\"name\":\"VIBRATIONS\"}]},{\"@type\":\"WebSite\",\"@id\":\"https:\/\/name-city.fr\/#website\",\"url\":\"https:\/\/name-city.fr\/\",\"name\":\"NAME CITY - Agence de cr\u00e9ation de noms et de contenus\",\"description\":\"\",\"publisher\":{\"@id\":\"https:\/\/name-city.fr\/#organization\"},\"potentialAction\":[{\"@type\":\"SearchAction\",\"target\":{\"@type\":\"EntryPoint\",\"urlTemplate\":\"https:\/\/name-city.fr\/?s={search_term_string}\"},\"query-input\":{\"@type\":\"PropertyValueSpecification\",\"valueRequired\":true,\"valueName\":\"search_term_string\"}}],\"inLanguage\":\"fr-FR\"},{\"@type\":\"Organization\",\"@id\":\"https:\/\/name-city.fr\/#organization\",\"name\":\"Name City\",\"url\":\"https:\/\/name-city.fr\/\",\"logo\":{\"@type\":\"ImageObject\",\"inLanguage\":\"fr-FR\",\"@id\":\"https:\/\/name-city.fr\/#\/schema\/logo\/image\/\",\"url\":\"https:\/\/name-city.fr\/wp-content\/uploads\/cropped-Logo-Name-City-blanc2.png\",\"contentUrl\":\"https:\/\/name-city.fr\/wp-content\/uploads\/cropped-Logo-Name-City-blanc2.png\",\"width\":1492,\"height\":537,\"caption\":\"Name City\"},\"image\":{\"@id\":\"https:\/\/name-city.fr\/#\/schema\/logo\/image\/\"},\"sameAs\":[\"https:\/\/www.linkedin.com\/company\/3034367\/admin\/\"]}]}<\/script>\n<!-- \/ Yoast SEO plugin. -->","yoast_head_json":{"title":"VIBRATIONS - NAME CITY - Agence de cr\u00e9ation de noms et de contenus","robots":{"index":"index","follow":"follow","max-snippet":"max-snippet:-1","max-image-preview":"max-image-preview:large","max-video-preview":"max-video-preview:-1"},"canonical":"https:\/\/name-city.fr\/index.php\/vibrations\/","og_locale":"fr_FR","og_type":"article","og_title":"VIBRATIONS - NAME CITY - Agence de cr\u00e9ation de noms et de contenus","og_description":"Les 7 biblioth&egrave;ques les plus inspirantes Google, Amazon ou Wikip&eacute;dia ne les ont pas totalement &eacute;clips&eacute;es. Partout dans le monde, y compris dans les endroits les plus recul&eacute;s ou secrets, des architectes ont imagin&eacute; des projets &eacute;tonnants pour accueillir &eacute;tudiants, amoureux des livres ou simples lecteurs. Voici un tour parmi les librairies et les biblioth&egrave;ques [&hellip;]","og_url":"https:\/\/name-city.fr\/index.php\/vibrations\/","og_site_name":"NAME CITY - Agence de cr\u00e9ation de noms et de contenus","article_modified_time":"2021-10-06T16:10:22+00:00","og_image":[{"url":"https:\/\/name-city.fr\/wp-content\/uploads\/The-Selexyz-Bookstore-in-Maastricht-used-to-be-an-old-church-until-Amsterdam-based-architectural-studio-Merkx-Girod-adorned-the-stunning-interiors-with-contemporary-library-details-that-marry-both-styles..jpg"}],"twitter_card":"summary_large_image","twitter_misc":{"Dur\u00e9e de lecture estim\u00e9e":"1 minute"},"schema":{"@context":"https:\/\/schema.org","@graph":[{"@type":"WebPage","@id":"https:\/\/name-city.fr\/index.php\/vibrations\/","url":"https:\/\/name-city.fr\/index.php\/vibrations\/","name":"VIBRATIONS - NAME CITY - Agence de cr\u00e9ation de noms et de contenus","isPartOf":{"@id":"https:\/\/name-city.fr\/#website"},"primaryImageOfPage":{"@id":"https:\/\/name-city.fr\/index.php\/vibrations\/#primaryimage"},"image":{"@id":"https:\/\/name-city.fr\/index.php\/vibrations\/#primaryimage"},"thumbnailUrl":"https:\/\/name-city.fr\/wp-content\/uploads\/The-Selexyz-Bookstore-in-Maastricht-used-to-be-an-old-church-until-Amsterdam-based-architectural-studio-Merkx-Girod-adorned-the-stunning-interiors-with-contemporary-library-details-that-marry-both-styles..jpg","datePublished":"2021-09-30T10:14:10+00:00","dateModified":"2021-10-06T16:10:22+00:00","breadcrumb":{"@id":"https:\/\/name-city.fr\/index.php\/vibrations\/#breadcrumb"},"inLanguage":"fr-FR","potentialAction":[{"@type":"ReadAction","target":["https:\/\/name-city.fr\/index.php\/vibrations\/"]}]},{"@type":"ImageObject","inLanguage":"fr-FR","@id":"https:\/\/name-city.fr\/index.php\/vibrations\/#primaryimage","url":"https:\/\/name-city.fr\/wp-content\/uploads\/The-Selexyz-Bookstore-in-Maastricht-used-to-be-an-old-church-until-Amsterdam-based-architectural-studio-Merkx-Girod-adorned-the-stunning-interiors-with-contemporary-library-details-that-marry-both-styles..jpg","contentUrl":"https:\/\/name-city.fr\/wp-content\/uploads\/The-Selexyz-Bookstore-in-Maastricht-used-to-be-an-old-church-until-Amsterdam-based-architectural-studio-Merkx-Girod-adorned-the-stunning-interiors-with-contemporary-library-details-that-marry-both-styles..jpg","width":587,"height":685},{"@type":"BreadcrumbList","@id":"https:\/\/name-city.fr\/index.php\/vibrations\/#breadcrumb","itemListElement":[{"@type":"ListItem","position":1,"name":"Accueil","item":"https:\/\/name-city.fr\/"},{"@type":"ListItem","position":2,"name":"VIBRATIONS"}]},{"@type":"WebSite","@id":"https:\/\/name-city.fr\/#website","url":"https:\/\/name-city.fr\/","name":"NAME CITY - Agence de cr\u00e9ation de noms et de contenus","description":"","publisher":{"@id":"https:\/\/name-city.fr\/#organization"},"potentialAction":[{"@type":"SearchAction","target":{"@type":"EntryPoint","urlTemplate":"https:\/\/name-city.fr\/?s={search_term_string}"},"query-input":{"@type":"PropertyValueSpecification","valueRequired":true,"valueName":"search_term_string"}}],"inLanguage":"fr-FR"},{"@type":"Organization","@id":"https:\/\/name-city.fr\/#organization","name":"Name City","url":"https:\/\/name-city.fr\/","logo":{"@type":"ImageObject","inLanguage":"fr-FR","@id":"https:\/\/name-city.fr\/#\/schema\/logo\/image\/","url":"https:\/\/name-city.fr\/wp-content\/uploads\/cropped-Logo-Name-City-blanc2.png","contentUrl":"https:\/\/name-city.fr\/wp-content\/uploads\/cropped-Logo-Name-City-blanc2.png","width":1492,"height":537,"caption":"Name City"},"image":{"@id":"https:\/\/name-city.fr\/#\/schema\/logo\/image\/"},"sameAs":["https:\/\/www.linkedin.com\/company\/3034367\/admin\/"]}]}},"_links":{"self":[{"href":"https:\/\/name-city.fr\/index.php\/wp-json\/wp\/v2\/pages\/2997","targetHints":{"allow":["GET"]}}],"collection":[{"href":"https:\/\/name-city.fr\/index.php\/wp-json\/wp\/v2\/pages"}],"about":[{"href":"https:\/\/name-city.fr\/index.php\/wp-json\/wp\/v2\/types\/page"}],"author":[{"embeddable":true,"href":"https:\/\/name-city.fr\/index.php\/wp-json\/wp\/v2\/users\/1"}],"replies":[{"embeddable":true,"href":"https:\/\/name-city.fr\/index.php\/wp-json\/wp\/v2\/comments?post=2997"}],"version-history":[{"count":16,"href":"https:\/\/name-city.fr\/index.php\/wp-json\/wp\/v2\/pages\/2997\/revisions"}],"predecessor-version":[{"id":3306,"href":"https:\/\/name-city.fr\/index.php\/wp-json\/wp\/v2\/pages\/2997\/revisions\/3306"}],"wp:attachment":[{"href":"https:\/\/name-city.fr\/index.php\/wp-json\/wp\/v2\/media?parent=2997"}],"curies":[{"name":"wp","href":"https:\/\/api.w.org\/{rel}","templated":true}]}}