{"id":2113,"date":"2020-10-06T09:25:43","date_gmt":"2020-10-06T07:25:43","guid":{"rendered":"https:\/\/www.name-city.fr\/?page_id=2113"},"modified":"2024-12-01T18:47:48","modified_gmt":"2024-12-01T17:47:48","slug":"faq","status":"publish","type":"page","link":"https:\/\/name-city.fr\/index.php\/faq\/","title":{"rendered":"Cr\u00e9ation de noms &#8211; FAQ et tarifs"},"content":{"rendered":"<h4><strong>Pourquoi demander \u00e0 un professionnel de faire ce que je peux faire moi-m\u00eame ?<\/strong><\/h4>\n<p>Excellente question ! C&rsquo;est vrai apr\u00e8s tout, vous vous \u00eates d\u00e9brouill\u00e9 sans nous pour trouver un joli pr\u00e9nom \u00e0 votre petit dernier. Et puis votre DRH vous l&rsquo;a clairement pr\u00e9cis\u00e9 dans la d\u00e9finition de votre poste : vous devez \u00eatre cr\u00e9.a.tif ! D&rsquo;ailleurs, pour vous aider on vous propose la lecture de ce <u><a href=\"https:\/\/name-city.fr\/index.php\/10-etapes-trouver-un-nom-de-marque-ou-de-societe\/\">petit guide.<\/a><\/u><\/p>\n<p>&nbsp;<\/p>\n<h4><strong>Et si les noms propos\u00e9s ne me plaisent pas ?<\/strong><\/h4>\n<p>Avant de vous proposer nos cr\u00e9ations, gr\u00e2ce \u00e0 notre retour de brief et notre Name Strategy, nous nous assurons que nous avons bien int\u00e9gr\u00e9 les codes de votre univers et compris votre demande sp\u00e9cifique. Notre premier retour explore les pistes de cr\u00e9ation que nous avons valid\u00e9 ensemble avec des propositions cr\u00e9atives toutes tr\u00e8s diff\u00e9rentes (pas de d\u00e9clinaison de la m\u00eame racine). En g\u00e9n\u00e9ral, \u00e0 l&rsquo;issue de cette premi\u00e8re pr\u00e9sentation nos clients nous avouent avoir du mal \u00e0 choisir&#8230; Et si ce n&rsquo;\u00e9tait pas votre cas, d&rsquo;autres pr\u00e9sentations permettent de corriger et d&rsquo;affiner en int\u00e9grant vos remarques et contraintes particuli\u00e8res.<\/p>\n<p>&nbsp;<\/p>\n<h4><strong>Et si finalement je ne peux pas d\u00e9poser le nom que j&rsquo;ai choisi ?<\/strong><\/h4>\n<p>En amont de chacune de nos pr\u00e9sentations, nous proc\u00e9dons \u00e0 la v\u00e9rification \u00e0 l&rsquo;identique de l&rsquo;ensemble de nos propositions. Une \u00e9tape qui nous oblige parfois d&rsquo;\u00e9liminer des propositions ch\u00e8res \u00e0 nos c\u0153urs&#8230; et avant de vous pr\u00e9senter notre s\u00e9lection, nous en \u00e9liminons beaucoup ! Cette \u00e9tape indispensable est chronophage mais elle ne permet pas de faire un contr\u00f4le qui \u00e9liminerai \u00e0 coup s\u00fbr tous les probl\u00e8mes. Celui-ci &#8211; le contr\u00f4le en similitudes &#8211; est r\u00e9alis\u00e9 sur votre short-list par un professionnel de la propri\u00e9t\u00e9 industrielle et abouti parfois \u00e0 de \u00ab\u00a0mauvaises\u00a0\u00bb surprises. Quand c&rsquo;est le cas, notre int\u00e9r\u00eat est de vous sortir de l&rsquo;orni\u00e8re et de trouver des solutions. Nous aussi nous aimons voir nos cr\u00e9ations briller sur un nouveau produit ou sur une carte de visite !<\/p>\n<p>&nbsp;<\/p>\n<h4><strong>Est-ce que c&rsquo;est une prestation on\u00e9reuse ?<\/strong><\/h4>\n<p>Alors oui, c&rsquo;est plus on\u00e9reux que si vous l&rsquo;aviez fait vous-m\u00eame ! Bien entendu, nous n&rsquo;allons pas vous donner ici le prix de notre prestation. Il varie essentiellement en fonction de vos contraintes de march\u00e9 : votre produit est lanc\u00e9 en France ? en Europe ? sur le march\u00e9 chinois ou indien ? et du temps que nous allons passer \u00e0 vos c\u00f4t\u00e9s.<\/p>\n<p>Et puis certaines choses sont difficilement quantifiables : quel est le prix de la tranquillit\u00e9 d&rsquo;esprit ? Du temps que vous allez d\u00e9gager pour vous consacrer \u00e0 votre c\u0153ur de m\u00e9tier ? Quel est le prix d&rsquo;un vrai concept sur lequel il est possible de d\u00e9cliner une identit\u00e9 visuelle, une campagne, des messages sur les r\u00e9seaux sociaux ? Combien co\u00fbte un nom qui d\u00e9gage instantan\u00e9ment de la sympathie ou de l&rsquo;attirance ? Quel investissement pour un nom qui va durer dans le temps ?\u00a0 Pour avoir la r\u00e9ponse, n&rsquo;h\u00e9sitez pas \u00e0 nous poser la question.<\/p>\n<p>Vous risquez d&rsquo;\u00eatre (agr\u00e9ablement) surpris !<\/p>\n<p>&nbsp;<\/p>\n<p>Pour continuer la discussion et nous poser toutes les questions auxquelles nous n&rsquo;avons pas pens\u00e9 :\u00a0 <a href=\"mailto:contact@name-city.fr\">contact@name-city.fr<\/a><\/p>\n","protected":false},"excerpt":{"rendered":"<p>Pourquoi demander &agrave; un professionnel de faire ce que je peux faire moi-m&ecirc;me ? Excellente question ! C&rsquo;est vrai apr&egrave;s tout, vous vous &ecirc;tes d&eacute;brouill&eacute; sans nous pour trouver un joli pr&eacute;nom &agrave; votre petit dernier. Et puis votre DRH vous l&rsquo;a clairement pr&eacute;cis&eacute; dans la d&eacute;finition de votre poste : vous devez &ecirc;tre cr&eacute;.a.tif [&hellip;]<\/p>\n","protected":false},"author":1,"featured_media":0,"parent":0,"menu_order":0,"comment_status":"closed","ping_status":"closed","template":"","meta":{"footnotes":""},"class_list":["post-2113","page","type-page","status-publish","hentry"],"yoast_head":"<!-- This site is optimized with the Yoast SEO plugin v23.9 - https:\/\/yoast.com\/wordpress\/plugins\/seo\/ -->\n<title>Cr\u00e9ation de noms - FAQ et tarifs - NAME CITY - Agence de cr\u00e9ation de noms et de contenus<\/title>\n<meta name=\"robots\" content=\"index, follow, max-snippet:-1, max-image-preview:large, max-video-preview:-1\" \/>\n<link rel=\"canonical\" href=\"https:\/\/name-city.fr\/index.php\/faq\/\" \/>\n<meta property=\"og:locale\" content=\"fr_FR\" \/>\n<meta property=\"og:type\" content=\"article\" \/>\n<meta property=\"og:title\" content=\"Cr\u00e9ation de noms - FAQ et tarifs - NAME CITY - Agence de cr\u00e9ation de noms et de contenus\" \/>\n<meta property=\"og:description\" content=\"Pourquoi demander &agrave; un professionnel de faire ce que je peux faire moi-m&ecirc;me ? Excellente question ! C&rsquo;est vrai apr&egrave;s tout, vous vous &ecirc;tes d&eacute;brouill&eacute; sans nous pour trouver un joli pr&eacute;nom &agrave; votre petit dernier. Et puis votre DRH vous l&rsquo;a clairement pr&eacute;cis&eacute; dans la d&eacute;finition de votre poste : vous devez &ecirc;tre cr&eacute;.a.tif [&hellip;]\" \/>\n<meta property=\"og:url\" content=\"https:\/\/name-city.fr\/index.php\/faq\/\" \/>\n<meta property=\"og:site_name\" content=\"NAME CITY - Agence de cr\u00e9ation de noms et de contenus\" \/>\n<meta property=\"article:modified_time\" content=\"2024-12-01T17:47:48+00:00\" \/>\n<meta name=\"twitter:card\" content=\"summary_large_image\" \/>\n<meta name=\"twitter:label1\" content=\"Dur\u00e9e de lecture estim\u00e9e\" \/>\n\t<meta name=\"twitter:data1\" content=\"3 minutes\" \/>\n<script type=\"application\/ld+json\" class=\"yoast-schema-graph\">{\"@context\":\"https:\/\/schema.org\",\"@graph\":[{\"@type\":\"WebPage\",\"@id\":\"https:\/\/name-city.fr\/index.php\/faq\/\",\"url\":\"https:\/\/name-city.fr\/index.php\/faq\/\",\"name\":\"Cr\u00e9ation de noms - FAQ et tarifs - NAME CITY - Agence de cr\u00e9ation de noms et de contenus\",\"isPartOf\":{\"@id\":\"https:\/\/name-city.fr\/#website\"},\"datePublished\":\"2020-10-06T07:25:43+00:00\",\"dateModified\":\"2024-12-01T17:47:48+00:00\",\"breadcrumb\":{\"@id\":\"https:\/\/name-city.fr\/index.php\/faq\/#breadcrumb\"},\"inLanguage\":\"fr-FR\",\"potentialAction\":[{\"@type\":\"ReadAction\",\"target\":[\"https:\/\/name-city.fr\/index.php\/faq\/\"]}]},{\"@type\":\"BreadcrumbList\",\"@id\":\"https:\/\/name-city.fr\/index.php\/faq\/#breadcrumb\",\"itemListElement\":[{\"@type\":\"ListItem\",\"position\":1,\"name\":\"Accueil\",\"item\":\"https:\/\/name-city.fr\/\"},{\"@type\":\"ListItem\",\"position\":2,\"name\":\"Cr\u00e9ation de noms &#8211; FAQ et tarifs\"}]},{\"@type\":\"WebSite\",\"@id\":\"https:\/\/name-city.fr\/#website\",\"url\":\"https:\/\/name-city.fr\/\",\"name\":\"NAME CITY - Agence de cr\u00e9ation de noms et de contenus\",\"description\":\"\",\"publisher\":{\"@id\":\"https:\/\/name-city.fr\/#organization\"},\"potentialAction\":[{\"@type\":\"SearchAction\",\"target\":{\"@type\":\"EntryPoint\",\"urlTemplate\":\"https:\/\/name-city.fr\/?s={search_term_string}\"},\"query-input\":{\"@type\":\"PropertyValueSpecification\",\"valueRequired\":true,\"valueName\":\"search_term_string\"}}],\"inLanguage\":\"fr-FR\"},{\"@type\":\"Organization\",\"@id\":\"https:\/\/name-city.fr\/#organization\",\"name\":\"Name City\",\"url\":\"https:\/\/name-city.fr\/\",\"logo\":{\"@type\":\"ImageObject\",\"inLanguage\":\"fr-FR\",\"@id\":\"https:\/\/name-city.fr\/#\/schema\/logo\/image\/\",\"url\":\"https:\/\/name-city.fr\/wp-content\/uploads\/cropped-Logo-Name-City-blanc2.png\",\"contentUrl\":\"https:\/\/name-city.fr\/wp-content\/uploads\/cropped-Logo-Name-City-blanc2.png\",\"width\":1492,\"height\":537,\"caption\":\"Name City\"},\"image\":{\"@id\":\"https:\/\/name-city.fr\/#\/schema\/logo\/image\/\"},\"sameAs\":[\"https:\/\/www.linkedin.com\/company\/3034367\/admin\/\"]}]}<\/script>\n<!-- \/ Yoast SEO plugin. -->","yoast_head_json":{"title":"Cr\u00e9ation de noms - FAQ et tarifs - NAME CITY - Agence de cr\u00e9ation de noms et de contenus","robots":{"index":"index","follow":"follow","max-snippet":"max-snippet:-1","max-image-preview":"max-image-preview:large","max-video-preview":"max-video-preview:-1"},"canonical":"https:\/\/name-city.fr\/index.php\/faq\/","og_locale":"fr_FR","og_type":"article","og_title":"Cr\u00e9ation de noms - FAQ et tarifs - NAME CITY - Agence de cr\u00e9ation de noms et de contenus","og_description":"Pourquoi demander &agrave; un professionnel de faire ce que je peux faire moi-m&ecirc;me ? Excellente question ! C&rsquo;est vrai apr&egrave;s tout, vous vous &ecirc;tes d&eacute;brouill&eacute; sans nous pour trouver un joli pr&eacute;nom &agrave; votre petit dernier. Et puis votre DRH vous l&rsquo;a clairement pr&eacute;cis&eacute; dans la d&eacute;finition de votre poste : vous devez &ecirc;tre cr&eacute;.a.tif [&hellip;]","og_url":"https:\/\/name-city.fr\/index.php\/faq\/","og_site_name":"NAME CITY - Agence de cr\u00e9ation de noms et de contenus","article_modified_time":"2024-12-01T17:47:48+00:00","twitter_card":"summary_large_image","twitter_misc":{"Dur\u00e9e de lecture estim\u00e9e":"3 minutes"},"schema":{"@context":"https:\/\/schema.org","@graph":[{"@type":"WebPage","@id":"https:\/\/name-city.fr\/index.php\/faq\/","url":"https:\/\/name-city.fr\/index.php\/faq\/","name":"Cr\u00e9ation de noms - FAQ et tarifs - NAME CITY - Agence de cr\u00e9ation de noms et de contenus","isPartOf":{"@id":"https:\/\/name-city.fr\/#website"},"datePublished":"2020-10-06T07:25:43+00:00","dateModified":"2024-12-01T17:47:48+00:00","breadcrumb":{"@id":"https:\/\/name-city.fr\/index.php\/faq\/#breadcrumb"},"inLanguage":"fr-FR","potentialAction":[{"@type":"ReadAction","target":["https:\/\/name-city.fr\/index.php\/faq\/"]}]},{"@type":"BreadcrumbList","@id":"https:\/\/name-city.fr\/index.php\/faq\/#breadcrumb","itemListElement":[{"@type":"ListItem","position":1,"name":"Accueil","item":"https:\/\/name-city.fr\/"},{"@type":"ListItem","position":2,"name":"Cr\u00e9ation de noms &#8211; FAQ et tarifs"}]},{"@type":"WebSite","@id":"https:\/\/name-city.fr\/#website","url":"https:\/\/name-city.fr\/","name":"NAME CITY - Agence de cr\u00e9ation de noms et de contenus","description":"","publisher":{"@id":"https:\/\/name-city.fr\/#organization"},"potentialAction":[{"@type":"SearchAction","target":{"@type":"EntryPoint","urlTemplate":"https:\/\/name-city.fr\/?s={search_term_string}"},"query-input":{"@type":"PropertyValueSpecification","valueRequired":true,"valueName":"search_term_string"}}],"inLanguage":"fr-FR"},{"@type":"Organization","@id":"https:\/\/name-city.fr\/#organization","name":"Name City","url":"https:\/\/name-city.fr\/","logo":{"@type":"ImageObject","inLanguage":"fr-FR","@id":"https:\/\/name-city.fr\/#\/schema\/logo\/image\/","url":"https:\/\/name-city.fr\/wp-content\/uploads\/cropped-Logo-Name-City-blanc2.png","contentUrl":"https:\/\/name-city.fr\/wp-content\/uploads\/cropped-Logo-Name-City-blanc2.png","width":1492,"height":537,"caption":"Name City"},"image":{"@id":"https:\/\/name-city.fr\/#\/schema\/logo\/image\/"},"sameAs":["https:\/\/www.linkedin.com\/company\/3034367\/admin\/"]}]}},"_links":{"self":[{"href":"https:\/\/name-city.fr\/index.php\/wp-json\/wp\/v2\/pages\/2113","targetHints":{"allow":["GET"]}}],"collection":[{"href":"https:\/\/name-city.fr\/index.php\/wp-json\/wp\/v2\/pages"}],"about":[{"href":"https:\/\/name-city.fr\/index.php\/wp-json\/wp\/v2\/types\/page"}],"author":[{"embeddable":true,"href":"https:\/\/name-city.fr\/index.php\/wp-json\/wp\/v2\/users\/1"}],"replies":[{"embeddable":true,"href":"https:\/\/name-city.fr\/index.php\/wp-json\/wp\/v2\/comments?post=2113"}],"version-history":[{"count":30,"href":"https:\/\/name-city.fr\/index.php\/wp-json\/wp\/v2\/pages\/2113\/revisions"}],"predecessor-version":[{"id":3615,"href":"https:\/\/name-city.fr\/index.php\/wp-json\/wp\/v2\/pages\/2113\/revisions\/3615"}],"wp:attachment":[{"href":"https:\/\/name-city.fr\/index.php\/wp-json\/wp\/v2\/media?parent=2113"}],"curies":[{"name":"wp","href":"https:\/\/api.w.org\/{rel}","templated":true}]}}