{"id":1477,"date":"2019-03-05T11:27:41","date_gmt":"2019-03-05T10:27:41","guid":{"rendered":"https:\/\/www.name-city.fr\/?page_id=1477"},"modified":"2024-12-01T15:22:47","modified_gmt":"2024-12-01T14:22:47","slug":"mercis","status":"publish","type":"page","link":"https:\/\/name-city.fr\/index.php\/mercis\/","title":{"rendered":"Mercis ;)"},"content":{"rendered":"\r\n<p><img loading=\"lazy\" decoding=\"async\" class=\"aligncenter wp-image-2992 size-full\" src=\"https:\/\/name-city.fr\/wp-content\/uploads\/Image2-1.png\" alt=\"\" width=\"1071\" height=\"601\" srcset=\"https:\/\/name-city.fr\/wp-content\/uploads\/Image2-1.png 1071w, https:\/\/name-city.fr\/wp-content\/uploads\/Image2-1-300x168.png 300w, https:\/\/name-city.fr\/wp-content\/uploads\/Image2-1-1024x575.png 1024w, https:\/\/name-city.fr\/wp-content\/uploads\/Image2-1-768x431.png 768w, https:\/\/name-city.fr\/wp-content\/uploads\/Image2-1-508x285.png 508w\" sizes=\"auto, (max-width: 1071px) 100vw, 1071px\" \/><\/p>\r\n<p>&nbsp;<\/p>\r\n<p><em>\u00ab\u00a0Bravo pour le tr\u00e8s beau travail effectu\u00e9 tant sur les noms que sur les claims.<br \/><br \/>Delphine et moi avons \u00e9t\u00e9 tr\u00e8s impressionn\u00e9es et tr\u00e8s agr\u00e9ablement surprises par la qualit\u00e9 de vos cr\u00e9ations<\/em>.<br \/><br \/><em>C\u2019est extr\u00eamement riche et inspirant. <br \/><br \/>Je vous tiens au courant bien \u00e9videmment d\u00e8s que j\u2019ai du nouveau mais cela nous a \u00e0 toutes les 2 sacr\u00e9ment donn\u00e9 envie de retravailler avec vous !<br \/><br \/>Merci et Bravo<\/em>\u00ab\u00a0<\/p>\r\n\r\n\r\n\r\n<p>Nathalie de P, Chef de Groupe Jimmy Choo<\/p>\r\n\r\n\r\n\r\n<p style=\"text-align: center;\"><strong>______________________<\/strong><strong>___________<\/strong><\/p>\r\n\r\n\r\n\r\n<p><em>\u00ab\u00a0Bonjour,<\/em><\/p>\r\n\r\n\r\n\r\n<p><em>Des infos suite \u00e0 notre point d\u2019hier soir avec notre Leader Naming sur <a href=\"https:\/\/name-city.fr\/index.php\/naming-automobile\/\" target=\"_blank\" rel=\"noopener noreferrer\">RBC<\/a> et LJC aussi :<\/em><\/p>\r\n\r\n\r\n\r\n<ul class=\"wp-block-list\">\r\n<li><em>Belle cr\u00e9a, des noms int\u00e9ressants pour lui (merci encore\u00a0!! Top\u00a0!)<\/em><\/li>\r\n<li><em>Short list de noms d\u00e9finis avec lui. Il faudrait maintenant lancer les contr\u00f4les linguistiques\u00a0\u00bb.<\/em><\/li>\r\n<\/ul>\r\n\r\n\r\n\r\n<p>C\u00e9cile M-D, Marketing communication Groupe Renault<\/p>\r\n\r\n\r\n\r\n<p style=\"text-align: center;\"><strong>_________________________________<\/strong><\/p>\r\n\r\n\r\n\r\n<p><em>\u00ab\u00a0Bonjour,<\/em><\/p>\r\n\r\n\r\n\r\n<p><em>Nous revenons vers vous comme pr\u00e9vu avec un petit debrief de notre s\u00e9minaire.<\/em><\/p>\r\n\r\n\r\n\r\n<p><em><a href=\"https:\/\/name-city.fr\/index.php\/storytelling-lanvin\/\" target=\"_blank\" rel=\"noopener noreferrer\">La pr\u00e9sentation Lanvin<\/a> a beaucoup plu et nous avons eu des retours tr\u00e8s positifs sur le th\u00e8me, l\u2019ambiance g\u00e9n\u00e9rale, la mise en sc\u00e8ne, les musiques\u2026<\/em><\/p>\r\n\r\n\r\n\r\n<p><em>Merci pour votre aide pour la pr\u00e9paration de ce s\u00e9minaire.<\/em><\/p>\r\n\r\n\r\n\r\n<p><em>A bient\u00f4t, tr\u00e8s bon week-end !\u00a0\u00bb <\/em><\/p>\r\n\r\n\r\n\r\n<p>Aur\u00e9lie C., Chef de Produit senior, Parfums Lanvin<\/p>\r\n\r\n\r\n\r\n<p style=\"text-align: center;\"><br \/><strong>_________________________________<\/strong> <br \/><br \/><\/p>\r\n\r\n\r\n\r\n<p><em>\u00ab\u00a0Thank you again for your strong creativity skills and presentation of name options you shared with us.<br \/><br \/>As talked during our call, there were a lot of strong propositions (&#8230;)<br \/><br \/>We would like however to thank you for your great creativity and I will remember to engage with you much earlier for future projects. <\/em><br \/><br \/><em>I have also share your name with my colleagues <br \/><br \/>Thank you\u00a0\u00bb<\/em><br \/><br \/>Emilie L-W, Global Design ABM &#8211;\u00a0 HUGO BOSS\/P&amp;G Prestige<\/p>\r\n<p>&nbsp;<\/p>\r\n<p>On parle de nous aussi ici :\u00a0 <a href=\"https:\/\/name-city.fr\/wp-content\/uploads\/Lexpress.pdf\">Lexpress<\/a><\/p>\r\n<p>&nbsp;<\/p>\r\n<p style=\"text-align: right;\">A vous de nous en dire plus maintenant !<\/p>\r\n<p style=\"text-align: right;\">\u00a0<a href=\"mailto:contact@name-city.fr\">contact@name-city.fr<\/a><\/p>\r\n","protected":false},"excerpt":{"rendered":"<p>&nbsp; &laquo;&nbsp;Bravo pour le tr&egrave;s beau travail effectu&eacute; tant sur les noms que sur les claims. Delphine et moi avons &eacute;t&eacute; tr&egrave;s impressionn&eacute;es et tr&egrave;s agr&eacute;ablement surprises par la qualit&eacute; de vos cr&eacute;ations. C&rsquo;est extr&ecirc;mement riche et inspirant. Je vous tiens au courant bien &eacute;videmment d&egrave;s que j&rsquo;ai du nouveau mais cela nous a &agrave; [&hellip;]<\/p>\n","protected":false},"author":1,"featured_media":0,"parent":0,"menu_order":0,"comment_status":"closed","ping_status":"closed","template":"","meta":{"footnotes":""},"class_list":["post-1477","page","type-page","status-publish","hentry"],"yoast_head":"<!-- This site is optimized with the Yoast SEO plugin v23.9 - https:\/\/yoast.com\/wordpress\/plugins\/seo\/ -->\n<title>Mercis ;) - NAME CITY - Agence de cr\u00e9ation de noms et de contenus<\/title>\n<meta name=\"description\" content=\"Nos clients t\u00e9moignent et partagent leur exp\u00e9rience.\" \/>\n<meta name=\"robots\" content=\"index, follow, max-snippet:-1, max-image-preview:large, max-video-preview:-1\" \/>\n<link rel=\"canonical\" href=\"https:\/\/name-city.fr\/index.php\/mercis\/\" \/>\n<meta property=\"og:locale\" content=\"fr_FR\" \/>\n<meta property=\"og:type\" content=\"article\" \/>\n<meta property=\"og:title\" content=\"Mercis ;) - NAME CITY - Agence de cr\u00e9ation de noms et de contenus\" \/>\n<meta property=\"og:description\" content=\"Nos clients t\u00e9moignent et partagent leur exp\u00e9rience.\" \/>\n<meta property=\"og:url\" content=\"https:\/\/name-city.fr\/index.php\/mercis\/\" \/>\n<meta property=\"og:site_name\" content=\"NAME CITY - Agence de cr\u00e9ation de noms et de contenus\" \/>\n<meta property=\"article:modified_time\" content=\"2024-12-01T14:22:47+00:00\" \/>\n<meta property=\"og:image\" content=\"https:\/\/name-city.fr\/wp-content\/uploads\/Image2-1.png\" \/>\n\t<meta property=\"og:image:width\" content=\"1071\" \/>\n\t<meta property=\"og:image:height\" content=\"601\" \/>\n\t<meta property=\"og:image:type\" content=\"image\/png\" \/>\n<meta name=\"twitter:card\" content=\"summary_large_image\" \/>\n<meta name=\"twitter:label1\" content=\"Dur\u00e9e de lecture estim\u00e9e\" \/>\n\t<meta name=\"twitter:data1\" content=\"2 minutes\" \/>\n<script type=\"application\/ld+json\" class=\"yoast-schema-graph\">{\"@context\":\"https:\/\/schema.org\",\"@graph\":[{\"@type\":\"WebPage\",\"@id\":\"https:\/\/name-city.fr\/index.php\/mercis\/\",\"url\":\"https:\/\/name-city.fr\/index.php\/mercis\/\",\"name\":\"Mercis ;) - NAME CITY - Agence de cr\u00e9ation de noms et de contenus\",\"isPartOf\":{\"@id\":\"https:\/\/name-city.fr\/#website\"},\"primaryImageOfPage\":{\"@id\":\"https:\/\/name-city.fr\/index.php\/mercis\/#primaryimage\"},\"image\":{\"@id\":\"https:\/\/name-city.fr\/index.php\/mercis\/#primaryimage\"},\"thumbnailUrl\":\"https:\/\/name-city.fr\/wp-content\/uploads\/Image2-1.png\",\"datePublished\":\"2019-03-05T10:27:41+00:00\",\"dateModified\":\"2024-12-01T14:22:47+00:00\",\"description\":\"Nos clients t\u00e9moignent et partagent leur exp\u00e9rience.\",\"breadcrumb\":{\"@id\":\"https:\/\/name-city.fr\/index.php\/mercis\/#breadcrumb\"},\"inLanguage\":\"fr-FR\",\"potentialAction\":[{\"@type\":\"ReadAction\",\"target\":[\"https:\/\/name-city.fr\/index.php\/mercis\/\"]}]},{\"@type\":\"ImageObject\",\"inLanguage\":\"fr-FR\",\"@id\":\"https:\/\/name-city.fr\/index.php\/mercis\/#primaryimage\",\"url\":\"https:\/\/name-city.fr\/wp-content\/uploads\/Image2-1.png\",\"contentUrl\":\"https:\/\/name-city.fr\/wp-content\/uploads\/Image2-1.png\",\"width\":1071,\"height\":601},{\"@type\":\"BreadcrumbList\",\"@id\":\"https:\/\/name-city.fr\/index.php\/mercis\/#breadcrumb\",\"itemListElement\":[{\"@type\":\"ListItem\",\"position\":1,\"name\":\"Accueil\",\"item\":\"https:\/\/name-city.fr\/\"},{\"@type\":\"ListItem\",\"position\":2,\"name\":\"Mercis ;)\"}]},{\"@type\":\"WebSite\",\"@id\":\"https:\/\/name-city.fr\/#website\",\"url\":\"https:\/\/name-city.fr\/\",\"name\":\"NAME CITY - Agence de cr\u00e9ation de noms et de contenus\",\"description\":\"\",\"publisher\":{\"@id\":\"https:\/\/name-city.fr\/#organization\"},\"potentialAction\":[{\"@type\":\"SearchAction\",\"target\":{\"@type\":\"EntryPoint\",\"urlTemplate\":\"https:\/\/name-city.fr\/?s={search_term_string}\"},\"query-input\":{\"@type\":\"PropertyValueSpecification\",\"valueRequired\":true,\"valueName\":\"search_term_string\"}}],\"inLanguage\":\"fr-FR\"},{\"@type\":\"Organization\",\"@id\":\"https:\/\/name-city.fr\/#organization\",\"name\":\"Name City\",\"url\":\"https:\/\/name-city.fr\/\",\"logo\":{\"@type\":\"ImageObject\",\"inLanguage\":\"fr-FR\",\"@id\":\"https:\/\/name-city.fr\/#\/schema\/logo\/image\/\",\"url\":\"https:\/\/name-city.fr\/wp-content\/uploads\/cropped-Logo-Name-City-blanc2.png\",\"contentUrl\":\"https:\/\/name-city.fr\/wp-content\/uploads\/cropped-Logo-Name-City-blanc2.png\",\"width\":1492,\"height\":537,\"caption\":\"Name City\"},\"image\":{\"@id\":\"https:\/\/name-city.fr\/#\/schema\/logo\/image\/\"},\"sameAs\":[\"https:\/\/www.linkedin.com\/company\/3034367\/admin\/\"]}]}<\/script>\n<!-- \/ Yoast SEO plugin. -->","yoast_head_json":{"title":"Mercis ;) - NAME CITY - Agence de cr\u00e9ation de noms et de contenus","description":"Nos clients t\u00e9moignent et partagent leur exp\u00e9rience.","robots":{"index":"index","follow":"follow","max-snippet":"max-snippet:-1","max-image-preview":"max-image-preview:large","max-video-preview":"max-video-preview:-1"},"canonical":"https:\/\/name-city.fr\/index.php\/mercis\/","og_locale":"fr_FR","og_type":"article","og_title":"Mercis ;) - NAME CITY - Agence de cr\u00e9ation de noms et de contenus","og_description":"Nos clients t\u00e9moignent et partagent leur exp\u00e9rience.","og_url":"https:\/\/name-city.fr\/index.php\/mercis\/","og_site_name":"NAME CITY - Agence de cr\u00e9ation de noms et de contenus","article_modified_time":"2024-12-01T14:22:47+00:00","og_image":[{"width":1071,"height":601,"url":"https:\/\/name-city.fr\/wp-content\/uploads\/Image2-1.png","type":"image\/png"}],"twitter_card":"summary_large_image","twitter_misc":{"Dur\u00e9e de lecture estim\u00e9e":"2 minutes"},"schema":{"@context":"https:\/\/schema.org","@graph":[{"@type":"WebPage","@id":"https:\/\/name-city.fr\/index.php\/mercis\/","url":"https:\/\/name-city.fr\/index.php\/mercis\/","name":"Mercis ;) - NAME CITY - Agence de cr\u00e9ation de noms et de contenus","isPartOf":{"@id":"https:\/\/name-city.fr\/#website"},"primaryImageOfPage":{"@id":"https:\/\/name-city.fr\/index.php\/mercis\/#primaryimage"},"image":{"@id":"https:\/\/name-city.fr\/index.php\/mercis\/#primaryimage"},"thumbnailUrl":"https:\/\/name-city.fr\/wp-content\/uploads\/Image2-1.png","datePublished":"2019-03-05T10:27:41+00:00","dateModified":"2024-12-01T14:22:47+00:00","description":"Nos clients t\u00e9moignent et partagent leur exp\u00e9rience.","breadcrumb":{"@id":"https:\/\/name-city.fr\/index.php\/mercis\/#breadcrumb"},"inLanguage":"fr-FR","potentialAction":[{"@type":"ReadAction","target":["https:\/\/name-city.fr\/index.php\/mercis\/"]}]},{"@type":"ImageObject","inLanguage":"fr-FR","@id":"https:\/\/name-city.fr\/index.php\/mercis\/#primaryimage","url":"https:\/\/name-city.fr\/wp-content\/uploads\/Image2-1.png","contentUrl":"https:\/\/name-city.fr\/wp-content\/uploads\/Image2-1.png","width":1071,"height":601},{"@type":"BreadcrumbList","@id":"https:\/\/name-city.fr\/index.php\/mercis\/#breadcrumb","itemListElement":[{"@type":"ListItem","position":1,"name":"Accueil","item":"https:\/\/name-city.fr\/"},{"@type":"ListItem","position":2,"name":"Mercis ;)"}]},{"@type":"WebSite","@id":"https:\/\/name-city.fr\/#website","url":"https:\/\/name-city.fr\/","name":"NAME CITY - Agence de cr\u00e9ation de noms et de contenus","description":"","publisher":{"@id":"https:\/\/name-city.fr\/#organization"},"potentialAction":[{"@type":"SearchAction","target":{"@type":"EntryPoint","urlTemplate":"https:\/\/name-city.fr\/?s={search_term_string}"},"query-input":{"@type":"PropertyValueSpecification","valueRequired":true,"valueName":"search_term_string"}}],"inLanguage":"fr-FR"},{"@type":"Organization","@id":"https:\/\/name-city.fr\/#organization","name":"Name City","url":"https:\/\/name-city.fr\/","logo":{"@type":"ImageObject","inLanguage":"fr-FR","@id":"https:\/\/name-city.fr\/#\/schema\/logo\/image\/","url":"https:\/\/name-city.fr\/wp-content\/uploads\/cropped-Logo-Name-City-blanc2.png","contentUrl":"https:\/\/name-city.fr\/wp-content\/uploads\/cropped-Logo-Name-City-blanc2.png","width":1492,"height":537,"caption":"Name City"},"image":{"@id":"https:\/\/name-city.fr\/#\/schema\/logo\/image\/"},"sameAs":["https:\/\/www.linkedin.com\/company\/3034367\/admin\/"]}]}},"_links":{"self":[{"href":"https:\/\/name-city.fr\/index.php\/wp-json\/wp\/v2\/pages\/1477","targetHints":{"allow":["GET"]}}],"collection":[{"href":"https:\/\/name-city.fr\/index.php\/wp-json\/wp\/v2\/pages"}],"about":[{"href":"https:\/\/name-city.fr\/index.php\/wp-json\/wp\/v2\/types\/page"}],"author":[{"embeddable":true,"href":"https:\/\/name-city.fr\/index.php\/wp-json\/wp\/v2\/users\/1"}],"replies":[{"embeddable":true,"href":"https:\/\/name-city.fr\/index.php\/wp-json\/wp\/v2\/comments?post=1477"}],"version-history":[{"count":23,"href":"https:\/\/name-city.fr\/index.php\/wp-json\/wp\/v2\/pages\/1477\/revisions"}],"predecessor-version":[{"id":3611,"href":"https:\/\/name-city.fr\/index.php\/wp-json\/wp\/v2\/pages\/1477\/revisions\/3611"}],"wp:attachment":[{"href":"https:\/\/name-city.fr\/index.php\/wp-json\/wp\/v2\/media?parent=1477"}],"curies":[{"name":"wp","href":"https:\/\/api.w.org\/{rel}","templated":true}]}}