{"id":1354,"date":"2019-02-22T16:09:12","date_gmt":"2019-02-22T15:09:12","guid":{"rendered":"https:\/\/www.name-city.fr\/?page_id=1354"},"modified":"2024-12-01T15:25:12","modified_gmt":"2024-12-01T14:25:12","slug":"expertises","status":"publish","type":"page","link":"https:\/\/name-city.fr\/index.php\/expertises\/","title":{"rendered":"Au-del\u00e0 du naming"},"content":{"rendered":"\r\n<h2 style=\"text-align: left;\"><strong>En plus de la cr\u00e9ation de nom<\/strong><\/h2>\r\n<h3 style=\"text-align: center;\"><strong>Cr\u00e9ation de contenus \u00e9ditoriaux<br \/><\/strong><\/h3>\r\n<p>Name City prend en charge la direction \u00e9ditoriale du <a href=\"https:\/\/name-city.fr\/index.php\/bloc-marque-et-contenu\/\">site de la start-up FiveForty\u00b0<\/a> afin de rendre la marque employeur d\u00e9sirable. Portraits des collaborateurs, retours d\u2019exp\u00e9rience, proposition et production d\u2019articles, conception et r\u00e9alisation d\u2019op\u00e9rations d\u2019activation marketing aupr\u00e8s des DSI et des DAF : Name City met en lumi\u00e8re les valeurs cl\u00e9s d\u2019une ESN pas comme les autres : \u00e9coute, partage et innovation.<\/p>\r\n<p>&nbsp;<\/p>\r\n<p><a href=\"https:\/\/fiveforty-group.fr\/decouvrez-lequipe-fiveforty\/\" target=\"_blank\" rel=\"noopener noreferrer\"><img loading=\"lazy\" decoding=\"async\" class=\"aligncenter wp-image-2004\" title=\"cr\u00e9ation contenu \u00e9ditoriaux\" src=\"https:\/\/name-city.fr\/wp-content\/uploads\/image-site.jpg\" alt=\"cr\u00e9ation contenu \u00e9ditoriaux\" width=\"573\" height=\"318\" srcset=\"https:\/\/name-city.fr\/wp-content\/uploads\/image-site.jpg 939w, https:\/\/name-city.fr\/wp-content\/uploads\/image-site-300x166.jpg 300w, https:\/\/name-city.fr\/wp-content\/uploads\/image-site-768x426.jpg 768w, https:\/\/name-city.fr\/wp-content\/uploads\/image-site-690x383.jpg 690w\" sizes=\"auto, (max-width: 573px) 100vw, 573px\" \/><\/a><\/p>\r\n\r\n\r\n\r\n<p class=\"is-layout-flow wp-block-quote-is-layout-flow\">&nbsp;<\/p>\r\n<h3 style=\"text-align: center;\"><strong>Cr\u00e9ation d&rsquo;accroches, signatures et taglines<\/strong><\/h3>\r\n<p><strong><br \/><\/strong>L\u00e9gitime par son origine publicitaire, Name City associe aux noms, accroches et signatures pour les installer dans la dur\u00e9e et renforcer leur impact.<\/p>\r\n<p style=\"text-align: center;\"><a href=\"https:\/\/name-city.fr\/index.php\/expertises\/dior-7\/\" rel=\"attachment wp-att-1589\"><img loading=\"lazy\" decoding=\"async\" class=\"aligncenter wp-image-1589\" title=\"Creation signature \" src=\"https:\/\/name-city.fr\/wp-content\/uploads\/Dior-4.jpg\" alt=\"Cr\u00e9ation de signature \" width=\"573\" height=\"395\" srcset=\"https:\/\/name-city.fr\/wp-content\/uploads\/Dior-4.jpg 466w, https:\/\/name-city.fr\/wp-content\/uploads\/Dior-4-300x207.jpg 300w\" sizes=\"auto, (max-width: 573px) 100vw, 573px\" \/><\/a><a href=\"https:\/\/name-city.fr\/index.php\/creation-dune-signature-2\/\"><em>Comment rendre un rituel inoubliable ?<\/em><\/a><\/p>\r\n\r\n\r\n\r\n\r\n\r\n<h3 class=\"is-layout-flow wp-block-quote-is-layout-flow\" style=\"text-align: center;\"><strong>Cr\u00e9ation de concepts et d&rsquo;univers de communication<br \/><\/strong><\/h3>\r\n<p>Souffleur d\u2019imaginaires, Name City invente les concepts et les univers qui donnent dans le temps de la substance aux marques et encrent leurs identit\u00e9s.<\/p>\r\n<p><img loading=\"lazy\" decoding=\"async\" class=\"alignleft wp-image-1995 \" src=\"https:\/\/name-city.fr\/wp-content\/uploads\/lanvin-logo-300x199.jpg\" alt=\"\" width=\"190\" height=\"126\" srcset=\"https:\/\/name-city.fr\/wp-content\/uploads\/lanvin-logo-300x199.jpg 300w, https:\/\/name-city.fr\/wp-content\/uploads\/lanvin-logo.jpg 574w\" sizes=\"auto, (max-width: 190px) 100vw, 190px\" \/><\/p>\r\n\r\n\r\n\r\n\r\n\r\n<p class=\"is-layout-flow wp-block-quote-is-layout-flow\">&nbsp;<\/p>\r\n<h3 style=\"text-align: center;\"><strong>Textaid\u00ae et storytelling<br \/><\/strong><\/h3>\r\n<p>Avec une exp\u00e9rience reconnue de concepteur-r\u00e9dacteur en grandes agences, la r\u00e9daction et le storytelling n\u2019ont pas de secret pour nous. N\u2019h\u00e9sitez pas \u00e0 nous solliciter pour que vos probl\u00e8mes de textes n\u2019aient pas le dernier mot.<\/p>\r\n<p><img loading=\"lazy\" decoding=\"async\" class=\"aligncenter wp-image-1359 size-full\" src=\"https:\/\/name-city.fr\/wp-content\/uploads\/10-ans-crema-nera-2.jpg\" alt=\"\" width=\"948\" height=\"533\" srcset=\"https:\/\/name-city.fr\/wp-content\/uploads\/10-ans-crema-nera-2.jpg 948w, https:\/\/name-city.fr\/wp-content\/uploads\/10-ans-crema-nera-2-300x169.jpg 300w, https:\/\/name-city.fr\/wp-content\/uploads\/10-ans-crema-nera-2-768x432.jpg 768w, https:\/\/name-city.fr\/wp-content\/uploads\/10-ans-crema-nera-2-690x388.jpg 690w\" sizes=\"auto, (max-width: 948px) 100vw, 948px\" \/><\/p>\r\n<p style=\"text-align: center;\"><a href=\"https:\/\/name-city.fr\/index.php\/benchmarking-creation-de-contenu\/\"><em>Cr\u00e9ation du storytelling 10 Years of Crema Nera pour Armani Asie<\/em><\/a><\/p>\r\n\r\n\r\n\r\n\r\n\r\n<p class=\"is-layout-flow wp-block-quote-is-layout-flow\">&nbsp;<\/p>\r\n<h3 style=\"text-align: center;\"><strong>Analyse des noms existants\/Architecture de marque\/Strat\u00e9gie d\u2019appellations<\/strong><\/h3>\r\n<p><strong><br \/><\/strong>En amont de la cr\u00e9ation, nous intervenons en audit sur la structure de vos appellations. Coh\u00e9rence, pertinence, pratiques de la concurrence : nous \u00e9tablissons un \u00e9tat des lieux complet de vos d\u00e9nominations dans une optique d\u2019optimisation ou d\u2019\u00e9laboration d\u2019un nouveau cadre strat\u00e9gique d\u2019appellation.<\/p>\r\n\r\n\r\n\r\n<div class=\"wp-block-image\" style=\"text-align: center;\">\r\n<figure class=\"aligncenter is-resized\"><a href=\"https:\/\/name-city.fr\/index.php\/plateformedemarque-strategie-naming\/\"><img loading=\"lazy\" decoding=\"async\" class=\"aligncenter wp-image-1365\" title=\"Naming Architecture de marque\" src=\"https:\/\/name-city.fr\/wp-content\/uploads\/Arkea.jpg\" alt=\"Strat\u00e9gie d'appellation\" width=\"643\" height=\"483\" srcset=\"https:\/\/name-city.fr\/wp-content\/uploads\/Arkea.jpg 920w, https:\/\/name-city.fr\/wp-content\/uploads\/Arkea-300x225.jpg 300w, https:\/\/name-city.fr\/wp-content\/uploads\/Arkea-768x577.jpg 768w, https:\/\/name-city.fr\/wp-content\/uploads\/Arkea-690x518.jpg 690w\" sizes=\"auto, (max-width: 643px) 100vw, 643px\" \/><\/a>\r\n<figcaption><em><a href=\"https:\/\/name-city.fr\/index.php\/plateformedemarque-strategie-naming\/\"> Analyse de la structure naming, benchmark concurrence et recommandations strat\u00e9giques pour Arkea<\/a><\/em><\/figcaption>\r\n<\/figure>\r\n<\/div>\r\n\r\n\r\n\r\n<p class=\"is-layout-flow wp-block-quote-is-layout-flow\">&nbsp;<\/p>\r\n<h3 style=\"text-align: center;\"><br \/><strong>Workshop\/Animation d\u2019ateliers de cr\u00e9ation<\/strong><\/h3>\r\n<p>Votre d\u00e9finition de poste int\u00e8gre\u00a0: <em>\u00ab\u00a0cr\u00e9er les noms de vos nouveaux produits\u00a0<\/em>\u00bb. Pour autant, avez-vous toujours le temps ou l\u2019inspiration n\u00e9cessaire \u00e0 cet exercice ?<\/p>\r\n<p>Plusieurs semaines se sont \u00e9coul\u00e9es avant que vos\u00a0 N+1, N+2, N+3 se mettent enfin d\u2019accord sur une proposition consensuelle quand vous d\u00e9couvrez avec horreur la note de votre conseil en propri\u00e9t\u00e9 industrielle : What ! Risque 10\/10 de contrefa\u00e7on !!<\/p>\r\n<p>La date de lancement de votre produit se rapproche dangereusement et celui-ci porte toujours le ravissant nom de code \u00ab\u00a0XZ-58-MSC\u00a0\u00bb&#8230;<\/p>\r\n\r\n\r\n\r\n<div class=\"wp-block-image\" style=\"text-align: center;\">\r\n<figure class=\"aligncenter is-resized\"><img loading=\"lazy\" decoding=\"async\" class=\"aligncenter wp-image-1369\" title=\"workshop naming\" src=\"https:\/\/name-city.fr\/wp-content\/uploads\/Lacoste.jpg\" alt=\"atelier creation naming\" width=\"573\" height=\"383\" srcset=\"https:\/\/name-city.fr\/wp-content\/uploads\/Lacoste.jpg 840w, https:\/\/name-city.fr\/wp-content\/uploads\/Lacoste-300x201.jpg 300w, https:\/\/name-city.fr\/wp-content\/uploads\/Lacoste-768x514.jpg 768w, https:\/\/name-city.fr\/wp-content\/uploads\/Lacoste-690x462.jpg 690w\" sizes=\"auto, (max-width: 573px) 100vw, 573px\" \/>\r\n<figcaption><em>S\u00e9minaire de cr\u00e9ativit\u00e9 pour les <a href=\"https:\/\/www.lacoste.com\/fr\/lacoste\/homme\/accessoires\/parfums\/\" target=\"_blank\" rel=\"noopener noreferrer\">parfums Lacoste<\/a><\/em><\/figcaption>\r\n<\/figure>\r\n<\/div>\r\n\r\n\r\n\r\n<p class=\"is-layout-flow wp-block-quote-is-layout-flow\">Aussi, afin d\u2019\u00e9viter les r\u00e9unions interminables qui &#8211; pour mettre tout le monde d\u2019accord &#8211; se terminent invariablement par un consensus sur des propositions banales (et certainement d\u00e9j\u00e0 d\u00e9pos\u00e9es), pourquoi ne pas r\u00e9unir l&rsquo;\u00e9quipe projet autour d\u2019une table anim\u00e9e par notre directeur de cr\u00e9ation.<\/p>\r\n<p>A partir de quelques propositions de son cru, pr\u00e9par\u00e9es en amont pour vous faire rebondir et vous aider \u00e0 donner le meilleur de votre cr\u00e9ativit\u00e9.<\/p>\r\n\r\n\r\n\r\n<p>&nbsp;<\/p>\r\n<h3><strong>Expertises linguistiques<\/strong><\/h3>\r\n<p>Pour vous aider \u00e0 conqu\u00e9rir le monde, Name City peut faire valider sens, prononciation et premi\u00e8res \u00e9vocations<\/p>\r\n<p>Comment \u00eatre certain que le nom de la marque que vous \u00eates sur le point de lancer \u00e0 l\u2019international n\u2019est pas consid\u00e9r\u00e9 comme une insulte dans certains pays\u00a0? Est-il pronon\u00e7able\u00a0? Evoque-t-il quelque chose de pr\u00e9cis\u00a0? Pour vous aider \u00e0 conqu\u00e9rir le monde, Name City peut faire valider sens, prononciation et premi\u00e8res \u00e9vocations aupr\u00e8s d\u2019experts linguistiques vivants au quotidien dans les pays de vos march\u00e9s.<\/p>\r\n<p><em>Solaris, Renault ou Jean-Paul Gaultier Parfums nous ont sollicit\u00e9s pour r\u00e9aliser des expertises linguistiques en Inde, dans les pays du Moyen Orient ou pour comparer les diff\u00e9rences de compr\u00e9hension entre la Grande Bretagne et les Etats-Unis.<\/em><\/p>\r\n<div id=\"attachment_3112\" style=\"width: 1210px\" class=\"wp-caption aligncenter\"><img loading=\"lazy\" decoding=\"async\" aria-describedby=\"caption-attachment-3112\" class=\"wp-image-3112 size-full\" src=\"https:\/\/name-city.fr\/wp-content\/uploads\/Renault_Triber_2019_f9075-1200-800-1.jpg\" alt=\"\" width=\"1200\" height=\"800\" srcset=\"https:\/\/name-city.fr\/wp-content\/uploads\/Renault_Triber_2019_f9075-1200-800-1.jpg 1200w, https:\/\/name-city.fr\/wp-content\/uploads\/Renault_Triber_2019_f9075-1200-800-1-300x200.jpg 300w, https:\/\/name-city.fr\/wp-content\/uploads\/Renault_Triber_2019_f9075-1200-800-1-1024x683.jpg 1024w, https:\/\/name-city.fr\/wp-content\/uploads\/Renault_Triber_2019_f9075-1200-800-1-768x512.jpg 768w, https:\/\/name-city.fr\/wp-content\/uploads\/Renault_Triber_2019_f9075-1200-800-1-508x339.jpg 508w\" sizes=\"auto, (max-width: 1200px) 100vw, 1200px\" \/><p id=\"caption-attachment-3112\" class=\"wp-caption-text\">Triber, un nom international v\u00e9rifi\u00e9 en 15 langues dont : espagnol, portugais, russe, arabe, turc, farsi, chinois, indon\u00e9sien, malais, hindi, bengali, tamoul, kannada, marathi, telugu.<\/p><\/div>\r\n<p>&nbsp;<\/p>\r\n<p>&nbsp;<\/p>\r\n<p>&nbsp;<\/p>\r\n<h3><strong>Conseil juridique<\/strong><\/h3>\r\n<p>Avant de vous proposer une liste de noms, Name City prend en charge une premi\u00e8re recherche \u00e0 l\u2019identique en France et dans la plupart des pays en Europe, en Asie, sur le continent am\u00e9ricain et en Afrique. Indispensable, cette v\u00e9rification n\u2019est pas suffisante. Pour acqu\u00e9rir la certitude que l\u2019utilisation de votre nom ne soul\u00e8vera pas de probl\u00e8me, une recherche juridique approfondie devra \u00eatre men\u00e9e avant son d\u00e9p\u00f4t. Si vous n\u2019avez pas de service juridique int\u00e9gr\u00e9 pour vous aider dans ces d\u00e9marches, Name City peut vous recommander un conseil en propri\u00e9t\u00e9 industrielle ind\u00e9pendant sp\u00e9cialiste de votre probl\u00e9matique.<\/p>\r\n<p>&nbsp;<\/p>\r\n<p>&nbsp;<\/p>\r\n<p>Pour nous parler d&rsquo;un de vos projets:<\/p>\r\n<p>\u00a0<a href=\"mailto:contact@name-city.fr\">contact@name-city.fr<\/a><\/p>\r\n<p>&nbsp;<\/p>\r\n\r\n<p>&nbsp;<\/p>\r\n<p>&nbsp;<\/p>","protected":false},"excerpt":{"rendered":"<p>En plus de la cr&eacute;ation de nom Cr&eacute;ation de contenus &eacute;ditoriaux Name City prend en charge la direction &eacute;ditoriale du site de la start-up FiveForty&deg; afin de rendre la marque employeur d&eacute;sirable. Portraits des collaborateurs, retours d&rsquo;exp&eacute;rience, proposition et production d&rsquo;articles, conception et r&eacute;alisation d&rsquo;op&eacute;rations d&rsquo;activation marketing aupr&egrave;s des DSI et des DAF : Name [&hellip;]<\/p>\n","protected":false},"author":1,"featured_media":0,"parent":0,"menu_order":0,"comment_status":"closed","ping_status":"closed","template":"","meta":{"footnotes":""},"class_list":["post-1354","page","type-page","status-publish","hentry"],"yoast_head":"<!-- This site is optimized with the Yoast SEO plugin v23.9 - https:\/\/yoast.com\/wordpress\/plugins\/seo\/ -->\n<title>Au-del\u00e0 du naming - NAME CITY - Agence de cr\u00e9ation de noms et de contenus<\/title>\n<meta name=\"description\" content=\"En plus de la cr\u00e9ation de noms, Name City intervient sur la cr\u00e9ation de contenus \u00e9ditoriaux, la cr\u00e9ation d&#039;accroches et de signatures et l&#039;animation de s\u00e9minaire de cr\u00e9ativit\u00e9.\" \/>\n<meta name=\"robots\" content=\"index, follow, max-snippet:-1, max-image-preview:large, max-video-preview:-1\" \/>\n<link rel=\"canonical\" href=\"https:\/\/name-city.fr\/index.php\/expertises\/\" \/>\n<meta property=\"og:locale\" content=\"fr_FR\" \/>\n<meta property=\"og:type\" content=\"article\" \/>\n<meta property=\"og:title\" content=\"Au-del\u00e0 du naming - NAME CITY - Agence de cr\u00e9ation de noms et de contenus\" \/>\n<meta property=\"og:description\" content=\"En plus de la cr\u00e9ation de noms, Name City intervient sur la cr\u00e9ation de contenus \u00e9ditoriaux, la cr\u00e9ation d&#039;accroches et de signatures et l&#039;animation de s\u00e9minaire de cr\u00e9ativit\u00e9.\" \/>\n<meta property=\"og:url\" content=\"https:\/\/name-city.fr\/index.php\/expertises\/\" \/>\n<meta property=\"og:site_name\" content=\"NAME CITY - Agence de cr\u00e9ation de noms et de contenus\" \/>\n<meta property=\"article:modified_time\" content=\"2024-12-01T14:25:12+00:00\" \/>\n<meta property=\"og:image\" content=\"https:\/\/name-city.fr\/wp-content\/uploads\/image-site.jpg\" \/>\n\t<meta property=\"og:image:width\" content=\"939\" \/>\n\t<meta property=\"og:image:height\" content=\"521\" \/>\n\t<meta property=\"og:image:type\" content=\"image\/jpeg\" \/>\n<meta name=\"twitter:card\" content=\"summary_large_image\" \/>\n<meta name=\"twitter:label1\" content=\"Dur\u00e9e de lecture estim\u00e9e\" \/>\n\t<meta name=\"twitter:data1\" content=\"5 minutes\" \/>\n<script type=\"application\/ld+json\" class=\"yoast-schema-graph\">{\"@context\":\"https:\/\/schema.org\",\"@graph\":[{\"@type\":\"WebPage\",\"@id\":\"https:\/\/name-city.fr\/index.php\/expertises\/\",\"url\":\"https:\/\/name-city.fr\/index.php\/expertises\/\",\"name\":\"Au-del\u00e0 du naming - NAME CITY - Agence de cr\u00e9ation de noms et de contenus\",\"isPartOf\":{\"@id\":\"https:\/\/name-city.fr\/#website\"},\"primaryImageOfPage\":{\"@id\":\"https:\/\/name-city.fr\/index.php\/expertises\/#primaryimage\"},\"image\":{\"@id\":\"https:\/\/name-city.fr\/index.php\/expertises\/#primaryimage\"},\"thumbnailUrl\":\"https:\/\/name-city.fr\/wp-content\/uploads\/image-site.jpg\",\"datePublished\":\"2019-02-22T15:09:12+00:00\",\"dateModified\":\"2024-12-01T14:25:12+00:00\",\"description\":\"En plus de la cr\u00e9ation de noms, Name City intervient sur la cr\u00e9ation de contenus \u00e9ditoriaux, la cr\u00e9ation d'accroches et de signatures et l'animation de s\u00e9minaire de cr\u00e9ativit\u00e9.\",\"breadcrumb\":{\"@id\":\"https:\/\/name-city.fr\/index.php\/expertises\/#breadcrumb\"},\"inLanguage\":\"fr-FR\",\"potentialAction\":[{\"@type\":\"ReadAction\",\"target\":[\"https:\/\/name-city.fr\/index.php\/expertises\/\"]}]},{\"@type\":\"ImageObject\",\"inLanguage\":\"fr-FR\",\"@id\":\"https:\/\/name-city.fr\/index.php\/expertises\/#primaryimage\",\"url\":\"https:\/\/name-city.fr\/wp-content\/uploads\/image-site.jpg\",\"contentUrl\":\"https:\/\/name-city.fr\/wp-content\/uploads\/image-site.jpg\",\"width\":939,\"height\":521,\"caption\":\"cr\u00e9ation nom de soci\u00e9t\u00e9\"},{\"@type\":\"BreadcrumbList\",\"@id\":\"https:\/\/name-city.fr\/index.php\/expertises\/#breadcrumb\",\"itemListElement\":[{\"@type\":\"ListItem\",\"position\":1,\"name\":\"Accueil\",\"item\":\"https:\/\/name-city.fr\/\"},{\"@type\":\"ListItem\",\"position\":2,\"name\":\"Au-del\u00e0 du naming\"}]},{\"@type\":\"WebSite\",\"@id\":\"https:\/\/name-city.fr\/#website\",\"url\":\"https:\/\/name-city.fr\/\",\"name\":\"NAME CITY - Agence de cr\u00e9ation de noms et de contenus\",\"description\":\"\",\"publisher\":{\"@id\":\"https:\/\/name-city.fr\/#organization\"},\"potentialAction\":[{\"@type\":\"SearchAction\",\"target\":{\"@type\":\"EntryPoint\",\"urlTemplate\":\"https:\/\/name-city.fr\/?s={search_term_string}\"},\"query-input\":{\"@type\":\"PropertyValueSpecification\",\"valueRequired\":true,\"valueName\":\"search_term_string\"}}],\"inLanguage\":\"fr-FR\"},{\"@type\":\"Organization\",\"@id\":\"https:\/\/name-city.fr\/#organization\",\"name\":\"Name City\",\"url\":\"https:\/\/name-city.fr\/\",\"logo\":{\"@type\":\"ImageObject\",\"inLanguage\":\"fr-FR\",\"@id\":\"https:\/\/name-city.fr\/#\/schema\/logo\/image\/\",\"url\":\"https:\/\/name-city.fr\/wp-content\/uploads\/cropped-Logo-Name-City-blanc2.png\",\"contentUrl\":\"https:\/\/name-city.fr\/wp-content\/uploads\/cropped-Logo-Name-City-blanc2.png\",\"width\":1492,\"height\":537,\"caption\":\"Name City\"},\"image\":{\"@id\":\"https:\/\/name-city.fr\/#\/schema\/logo\/image\/\"},\"sameAs\":[\"https:\/\/www.linkedin.com\/company\/3034367\/admin\/\"]}]}<\/script>\n<!-- \/ Yoast SEO plugin. -->","yoast_head_json":{"title":"Au-del\u00e0 du naming - NAME CITY - Agence de cr\u00e9ation de noms et de contenus","description":"En plus de la cr\u00e9ation de noms, Name City intervient sur la cr\u00e9ation de contenus \u00e9ditoriaux, la cr\u00e9ation d'accroches et de signatures et l'animation de s\u00e9minaire de cr\u00e9ativit\u00e9.","robots":{"index":"index","follow":"follow","max-snippet":"max-snippet:-1","max-image-preview":"max-image-preview:large","max-video-preview":"max-video-preview:-1"},"canonical":"https:\/\/name-city.fr\/index.php\/expertises\/","og_locale":"fr_FR","og_type":"article","og_title":"Au-del\u00e0 du naming - NAME CITY - Agence de cr\u00e9ation de noms et de contenus","og_description":"En plus de la cr\u00e9ation de noms, Name City intervient sur la cr\u00e9ation de contenus \u00e9ditoriaux, la cr\u00e9ation d'accroches et de signatures et l'animation de s\u00e9minaire de cr\u00e9ativit\u00e9.","og_url":"https:\/\/name-city.fr\/index.php\/expertises\/","og_site_name":"NAME CITY - Agence de cr\u00e9ation de noms et de contenus","article_modified_time":"2024-12-01T14:25:12+00:00","og_image":[{"width":939,"height":521,"url":"https:\/\/name-city.fr\/wp-content\/uploads\/image-site.jpg","type":"image\/jpeg"}],"twitter_card":"summary_large_image","twitter_misc":{"Dur\u00e9e de lecture estim\u00e9e":"5 minutes"},"schema":{"@context":"https:\/\/schema.org","@graph":[{"@type":"WebPage","@id":"https:\/\/name-city.fr\/index.php\/expertises\/","url":"https:\/\/name-city.fr\/index.php\/expertises\/","name":"Au-del\u00e0 du naming - NAME CITY - Agence de cr\u00e9ation de noms et de contenus","isPartOf":{"@id":"https:\/\/name-city.fr\/#website"},"primaryImageOfPage":{"@id":"https:\/\/name-city.fr\/index.php\/expertises\/#primaryimage"},"image":{"@id":"https:\/\/name-city.fr\/index.php\/expertises\/#primaryimage"},"thumbnailUrl":"https:\/\/name-city.fr\/wp-content\/uploads\/image-site.jpg","datePublished":"2019-02-22T15:09:12+00:00","dateModified":"2024-12-01T14:25:12+00:00","description":"En plus de la cr\u00e9ation de noms, Name City intervient sur la cr\u00e9ation de contenus \u00e9ditoriaux, la cr\u00e9ation d'accroches et de signatures et l'animation de s\u00e9minaire de cr\u00e9ativit\u00e9.","breadcrumb":{"@id":"https:\/\/name-city.fr\/index.php\/expertises\/#breadcrumb"},"inLanguage":"fr-FR","potentialAction":[{"@type":"ReadAction","target":["https:\/\/name-city.fr\/index.php\/expertises\/"]}]},{"@type":"ImageObject","inLanguage":"fr-FR","@id":"https:\/\/name-city.fr\/index.php\/expertises\/#primaryimage","url":"https:\/\/name-city.fr\/wp-content\/uploads\/image-site.jpg","contentUrl":"https:\/\/name-city.fr\/wp-content\/uploads\/image-site.jpg","width":939,"height":521,"caption":"cr\u00e9ation nom de soci\u00e9t\u00e9"},{"@type":"BreadcrumbList","@id":"https:\/\/name-city.fr\/index.php\/expertises\/#breadcrumb","itemListElement":[{"@type":"ListItem","position":1,"name":"Accueil","item":"https:\/\/name-city.fr\/"},{"@type":"ListItem","position":2,"name":"Au-del\u00e0 du naming"}]},{"@type":"WebSite","@id":"https:\/\/name-city.fr\/#website","url":"https:\/\/name-city.fr\/","name":"NAME CITY - Agence de cr\u00e9ation de noms et de contenus","description":"","publisher":{"@id":"https:\/\/name-city.fr\/#organization"},"potentialAction":[{"@type":"SearchAction","target":{"@type":"EntryPoint","urlTemplate":"https:\/\/name-city.fr\/?s={search_term_string}"},"query-input":{"@type":"PropertyValueSpecification","valueRequired":true,"valueName":"search_term_string"}}],"inLanguage":"fr-FR"},{"@type":"Organization","@id":"https:\/\/name-city.fr\/#organization","name":"Name City","url":"https:\/\/name-city.fr\/","logo":{"@type":"ImageObject","inLanguage":"fr-FR","@id":"https:\/\/name-city.fr\/#\/schema\/logo\/image\/","url":"https:\/\/name-city.fr\/wp-content\/uploads\/cropped-Logo-Name-City-blanc2.png","contentUrl":"https:\/\/name-city.fr\/wp-content\/uploads\/cropped-Logo-Name-City-blanc2.png","width":1492,"height":537,"caption":"Name City"},"image":{"@id":"https:\/\/name-city.fr\/#\/schema\/logo\/image\/"},"sameAs":["https:\/\/www.linkedin.com\/company\/3034367\/admin\/"]}]}},"_links":{"self":[{"href":"https:\/\/name-city.fr\/index.php\/wp-json\/wp\/v2\/pages\/1354","targetHints":{"allow":["GET"]}}],"collection":[{"href":"https:\/\/name-city.fr\/index.php\/wp-json\/wp\/v2\/pages"}],"about":[{"href":"https:\/\/name-city.fr\/index.php\/wp-json\/wp\/v2\/types\/page"}],"author":[{"embeddable":true,"href":"https:\/\/name-city.fr\/index.php\/wp-json\/wp\/v2\/users\/1"}],"replies":[{"embeddable":true,"href":"https:\/\/name-city.fr\/index.php\/wp-json\/wp\/v2\/comments?post=1354"}],"version-history":[{"count":61,"href":"https:\/\/name-city.fr\/index.php\/wp-json\/wp\/v2\/pages\/1354\/revisions"}],"predecessor-version":[{"id":3612,"href":"https:\/\/name-city.fr\/index.php\/wp-json\/wp\/v2\/pages\/1354\/revisions\/3612"}],"wp:attachment":[{"href":"https:\/\/name-city.fr\/index.php\/wp-json\/wp\/v2\/media?parent=1354"}],"curies":[{"name":"wp","href":"https:\/\/api.w.org\/{rel}","templated":true}]}}